{"id":354,"date":"2025-11-18T04:59:51","date_gmt":"2025-11-18T04:59:51","guid":{"rendered":"https:\/\/choangtv.com\/tin-tuc\/?page_id=354"},"modified":"2026-03-19T22:25:26","modified_gmt":"2026-03-19T15:25:26","slug":"ve-chung-toi-choang-tv","status":"publish","type":"page","link":"https:\/\/choangtv2.com\/tin-tuc\/ve-chung-toi-choang-tv\/","title":{"rendered":"V\u1ec1 Ch\u00fang T\u00f4i &#8211; Cho\u00e1ng TV Website Xem Bida Tr\u1ef1c Ti\u1ebfp S\u1ed1 1 Vi\u1ec7t Nam"},"content":{"rendered":"<p><a href=\"https:\/\/choangtv1.com\/tin-tuc\/ve-chung-toi-choang-tv\/\" rel=\"nofollow noopener\" target=\"_blank\"><b>V\u1ec1 ch\u00fang t\u00f4i &#8211; Cho\u00e1ng TV<\/b><\/a><span style=\"font-weight: 400;\"> l\u00e0 website tr\u1ef1c tuy\u1ebfn ph\u00e1t c\u00e1c tr\u1eadn \u0111\u1ea5u <span style=\"color: #ed1c24;\"><strong>bida tr\u1ef1c ti\u1ebfp<\/strong><\/span> s\u1ed1 1 t\u1ea1i Vi\u1ec7t Nam. Trang mua b\u1ea3n quy\u1ec1n ph\u00e1t s\u00f3ng c\u1ee7a nhi\u1ec1u gi\u1ea3i \u0111\u1ea5u, k\u1ebft n\u1ed1i v\u1edbi c\u00e1c ban t\u1ed5 ch\u1ee9c h\u00e0ng \u0111\u1ea7u \u0111\u1ec3 \u0111em \u0111\u1ebfn cho ng\u01b0\u1eddi xem nh\u1eefng video m\u1edbi ch\u1ea5t l\u01b0\u1ee3ng cao. V\u00ec v\u1eady \u0111\u00e2y lu\u00f4n l\u00e0 \u0111\u1ecba ch\u1ec9 y\u00eau th\u00edch c\u1ee7a h\u00e0ng tr\u0103m tri\u1ec7u ng\u01b0\u1eddi h\u00e2m m\u1ed9 bi-a.<\/span><\/p>\n<p><img loading=\"lazy\" decoding=\"async\" class=\" wp-image-356 aligncenter\" src=\"https:\/\/choangtv1.com\/tin-tuc\/wp-content\/uploads\/2025\/11\/choang-tv-la-dia-chi-so-1-cua-nguoi-ham-mo-bida-300x225.jpg\" alt=\"\" width=\"893\" height=\"670\" srcset=\"https:\/\/choangtv2.com\/tin-tuc\/wp-content\/uploads\/2025\/11\/choang-tv-la-dia-chi-so-1-cua-nguoi-ham-mo-bida-300x225.jpg 300w, https:\/\/choangtv2.com\/tin-tuc\/wp-content\/uploads\/2025\/11\/choang-tv-la-dia-chi-so-1-cua-nguoi-ham-mo-bida-768x576.jpg 768w, https:\/\/choangtv2.com\/tin-tuc\/wp-content\/uploads\/2025\/11\/choang-tv-la-dia-chi-so-1-cua-nguoi-ham-mo-bida.jpg 800w\" sizes=\"auto, (max-width: 893px) 100vw, 893px\" \/><\/p>\n<p style=\"text-align: center;\"><i><span style=\"font-weight: 400;\">Cho\u00e1ng TV l\u00e0 \u0111\u1ecba ch\u1ec9 s\u1ed1 1 c\u1ee7a ng\u01b0\u1eddi h\u00e2m m\u1ed9 bida<\/span><\/i><\/p>\n<div id=\"ez-toc-container\" class=\"ez-toc-v2_0_77 counter-hierarchy ez-toc-counter ez-toc-black ez-toc-container-direction\">\n<div class=\"ez-toc-title-container\">\n<p class=\"ez-toc-title\" style=\"cursor:inherit\">M\u1ee5c L\u1ee5c<\/p>\n<span class=\"ez-toc-title-toggle\"><a href=\"#\" class=\"ez-toc-pull-right ez-toc-btn ez-toc-btn-xs ez-toc-btn-default ez-toc-toggle\" aria-label=\"Toggle Table of Content\"><span class=\"ez-toc-js-icon-con\"><span class=\"\"><span class=\"eztoc-hide\" style=\"display:none;\">Toggle<\/span><span class=\"ez-toc-icon-toggle-span\"><svg style=\"fill: #999;color:#999\" xmlns=\"http:\/\/www.w3.org\/2000\/svg\" class=\"list-377408\" width=\"20px\" height=\"20px\" viewBox=\"0 0 24 24\" fill=\"none\"><path d=\"M6 6H4v2h2V6zm14 0H8v2h12V6zM4 11h2v2H4v-2zm16 0H8v2h12v-2zM4 16h2v2H4v-2zm16 0H8v2h12v-2z\" fill=\"currentColor\"><\/path><\/svg><svg style=\"fill: #999;color:#999\" class=\"arrow-unsorted-368013\" xmlns=\"http:\/\/www.w3.org\/2000\/svg\" width=\"10px\" height=\"10px\" viewBox=\"0 0 24 24\" version=\"1.2\" baseProfile=\"tiny\"><path d=\"M18.2 9.3l-6.2-6.3-6.2 6.3c-.2.2-.3.4-.3.7s.1.5.3.7c.2.2.4.3.7.3h11c.3 0 .5-.1.7-.3.2-.2.3-.5.3-.7s-.1-.5-.3-.7zM5.8 14.7l6.2 6.3 6.2-6.3c.2-.2.3-.5.3-.7s-.1-.5-.3-.7c-.2-.2-.4-.3-.7-.3h-11c-.3 0-.5.1-.7.3-.2.2-.3.5-.3.7s.1.5.3.7z\"\/><\/svg><\/span><\/span><\/span><\/a><\/span><\/div>\n<nav><ul class='ez-toc-list ez-toc-list-level-1 eztoc-toggle-hide-by-default' ><li class='ez-toc-page-1 ez-toc-heading-level-2'><a class=\"ez-toc-link ez-toc-heading-1\" href=\"https:\/\/choangtv2.com\/tin-tuc\/ve-chung-toi-choang-tv\/#Gioi_thieu_ve_chung_toi_%E2%80%93_Choang_TV\" >Gi\u1edbi thi\u1ec7u v\u1ec1 ch\u00fang t\u00f4i &#8211; Cho\u00e1ng TV<\/a><\/li><li class='ez-toc-page-1 ez-toc-heading-level-2'><a class=\"ez-toc-link ez-toc-heading-2\" href=\"https:\/\/choangtv2.com\/tin-tuc\/ve-chung-toi-choang-tv\/#Qua_trinh_phat_trien_cua_Choang_TV\" >Qu\u00e1 tr\u00ecnh ph\u00e1t tri\u1ec3n c\u1ee7a Choang TV<\/a><\/li><li class='ez-toc-page-1 ez-toc-heading-level-2'><a class=\"ez-toc-link ez-toc-heading-3\" href=\"https:\/\/choangtv2.com\/tin-tuc\/ve-chung-toi-choang-tv\/#Ve_truc_tiep_bida\" >V\u1ec1 tr\u1ef1c ti\u1ebfp bida<\/a><\/li><li class='ez-toc-page-1 ez-toc-heading-level-2'><a class=\"ez-toc-link ez-toc-heading-4\" href=\"https:\/\/choangtv2.com\/tin-tuc\/ve-chung-toi-choang-tv\/#Ve_video_Highlight_bida\" >V\u1ec1 video Highlight bida<\/a><\/li><li class='ez-toc-page-1 ez-toc-heading-level-2'><a class=\"ez-toc-link ez-toc-heading-5\" href=\"https:\/\/choangtv2.com\/tin-tuc\/ve-chung-toi-choang-tv\/#Ve_lich_thi_dau_bida\" >V\u1ec1 l\u1ecbch thi \u0111\u1ea5u bida<\/a><\/li><li class='ez-toc-page-1 ez-toc-heading-level-2'><a class=\"ez-toc-link ez-toc-heading-6\" href=\"https:\/\/choangtv2.com\/tin-tuc\/ve-chung-toi-choang-tv\/#Ve_tin_tuc_bida\" >V\u1ec1 tin t\u1ee9c bida<\/a><\/li><li class='ez-toc-page-1 ez-toc-heading-level-2'><a class=\"ez-toc-link ez-toc-heading-7\" href=\"https:\/\/choangtv2.com\/tin-tuc\/ve-chung-toi-choang-tv\/#Ket_luan\" >K\u1ebft lu\u1eadn<\/a><\/li><\/ul><\/nav><\/div>\n<h2><span class=\"ez-toc-section\" id=\"Gioi_thieu_ve_chung_toi_%E2%80%93_Choang_TV\"><\/span><b>Gi\u1edbi thi\u1ec7u v\u1ec1 ch\u00fang t\u00f4i &#8211; Cho\u00e1ng TV<\/b><span class=\"ez-toc-section-end\"><\/span><\/h2>\n<p><a href=\"https:\/\/choangtv1.com\/\" rel=\"nofollow noopener\" target=\"_blank\"><b>Cho\u00e1ng TV<\/b><\/a><span style=\"font-weight: 400;\"> l\u00e0 th\u01b0\u01a1ng hi\u1ec7u chuy\u00ean cung c\u1ea5p video \u0111\u1ea5u bida tr\u1ef1c ti\u1ebfp c\u00f3 BLV ph\u00e2n t\u00edch ti\u1ebfng Vi\u1ec7t. Ngo\u00e0i ra website c\u0169ng c\u00f3 c\u00e1c video highlight, l\u1ecbch thi \u0111\u1ea5u v\u00e0 tin t\u1ee9c bida trong n\u01b0\u1edbc &#8211; qu\u1ed1c t\u1ebf c\u1eadp nh\u1eadt m\u1edbi. V\u1edbi d\u1ecbch v\u1ee5 ph\u00e1t live b\u1ea3n quy\u1ec1n ch\u1ea5t l\u01b0\u1ee3ng cao, th\u00f4ng tin uy t\u00edn \u0111\u1ea7y \u0111\u1ee7, \u0111\u00e2y l\u00e0 \u0111\u1ecba ch\u1ec9 \u0111\u01b0\u1ee3c gi\u1edbi m\u1ed9 \u0111\u1ea1o bi-a l\u1ef1a ch\u1ecdn h\u00e0ng \u0111\u1ea7u.<\/span><\/p>\n<p><span style=\"font-weight: 400;\">T\u1eeb nh\u1eefng ng\u01b0\u1eddi m\u1edbi t\u00ecm hi\u1ec3u cho \u0111\u1ebfn c\u01a1 th\u1ee7 chuy\u00ean nghi\u1ec7p, ng\u01b0\u1eddi xem \u0111\u1ec1u d\u1ec5 d\u00e0ng theo d\u00f5i c\u00e1c tr\u1eadn \u0111\u1ea5u hay, c\u00e1c gi\u1ea3i \u0111\u1ea5u n\u1ed5i ti\u1ebfng trong gi\u1edbi. Xu h\u01b0\u1edbng bida c\u00f3 m\u1eb7t \u0111\u1ea7y \u0111\u1ee7 t\u1ea1i \u0111\u00e2y, m\u1edf ra ch\u1ec9 b\u1eb1ng m\u1ed9t c\u00fa nh\u1ea5p chu\u1ed9t.<\/span><\/p>\n<h2><span class=\"ez-toc-section\" id=\"Qua_trinh_phat_trien_cua_Choang_TV\"><\/span><b>Qu\u00e1 tr\u00ecnh ph\u00e1t tri\u1ec3n c\u1ee7a Choang TV<\/b><span class=\"ez-toc-section-end\"><\/span><\/h2>\n<p><span style=\"font-weight: 400;\">Kh\u1edfi \u0111\u1ea7u l\u00e0 th\u01b0\u01a1ng hi\u1ec7u livestream Bida tr\u1ef1c ti\u1ebfp do t\u1eadp \u0111o\u00e0n Samurai Billiards th\u00e0nh l\u1eadp n\u0103m 2023. \u0110\u1ebfn nay, <\/span><a href=\"https:\/\/choangtv1.com\/\" rel=\"nofollow noopener\" target=\"_blank\"><span style=\"color: #ed1c24;\"><b>Choang TV<\/b><\/span><\/a><span style=\"font-weight: 400;\"> \u0111\u00e3 ph\u00e1t tri\u1ec3n m\u1ea1nh m\u1ebd, cung c\u1ea5p d\u1ecbch v\u1ee5 to\u00e0n di\u1ec7n cho ng\u01b0\u1eddi xem bida t\u1ea1i Vi\u1ec7t Nam. C\u00f9ng \u0111i\u1ec3m qua m\u1ed9t s\u1ed1 d\u1ea5u m\u1ed1c n\u1ed5i b\u1eadt c\u1ee7a n\u1ec1n t\u1ea3ng n\u00e0y nh\u00e9!<\/span><\/p>\n<ul>\n<li style=\"font-weight: 400;\" aria-level=\"1\"><span style=\"font-weight: 400;\">2023 \u2013 Th\u00e0nh l\u1eadp n\u1ec1n t\u1ea3ng livestream Bida tr\u1ef1c ti\u1ebfp, ra m\u1eaft ng\u01b0\u1eddi h\u00e2m m\u1ed9 to\u00e0n c\u1ea7u c\u00f9ng Vi\u1ec7t Nam.<\/span><\/li>\n<li style=\"font-weight: 400;\" aria-level=\"1\"><span style=\"font-weight: 400;\">2023 &#8211; 2024 &#8211; M\u1edf r\u1ed9ng ph\u1ea1m vi ph\u00e1t s\u00f3ng \u0111\u1ebfn 500 gi\u1ea3i \u0111\u1ea5u bida trong n\u01b0\u1edbc v\u00e0 qu\u1ed1c t\u1ebf.<\/span><\/li>\n<li style=\"font-weight: 400;\" aria-level=\"1\"><span style=\"font-weight: 400;\">Qu\u00fd 2 2024 &#8211; Ra m\u1eaft chuy\u00ean m\u1ee5c \u201cVideo Highlight Bida\u201d v\u00e0 \u201cTin t\u1ee9c\u201d.<\/span><\/li>\n<li style=\"font-weight: 400;\" aria-level=\"1\"><span style=\"font-weight: 400;\">Qu\u00fd 4 2024 &#8211; \u0110\u1ea1t m\u1ed1c 5 tri\u1ec7u l\u01b0\u1ee3t truy c\u1eadp h\u00e0ng th\u00e1ng.<\/span><\/li>\n<li style=\"font-weight: 400;\" aria-level=\"1\"><span style=\"font-weight: 400;\">2025 &#8211; Ph\u00e1t tri\u1ec3n \u1ee9ng d\u1ee5ng di \u0111\u1ed9ng Cho\u00e1ng TV App v\u00e0 ra m\u1eaft ng\u01b0\u1eddi d\u00f9ng Vi\u1ec7t Nam, nh\u1eadn \u0111\u01b0\u1ee3c nhi\u1ec1u \u0111\u00e1nh gi\u00e1 t\u00edch c\u1ef1c.<\/span><\/li>\n<\/ul>\n<p><img loading=\"lazy\" decoding=\"async\" class=\"wp-image-355 aligncenter\" src=\"https:\/\/choangtv1.com\/tin-tuc\/wp-content\/uploads\/2025\/11\/choang-tv-cung-cap-dich-vu-phat-bida-truc-tiep-hang-ngay-300x225.jpg\" alt=\"\" width=\"905\" height=\"679\" srcset=\"https:\/\/choangtv2.com\/tin-tuc\/wp-content\/uploads\/2025\/11\/choang-tv-cung-cap-dich-vu-phat-bida-truc-tiep-hang-ngay-300x225.jpg 300w, https:\/\/choangtv2.com\/tin-tuc\/wp-content\/uploads\/2025\/11\/choang-tv-cung-cap-dich-vu-phat-bida-truc-tiep-hang-ngay-768x576.jpg 768w, https:\/\/choangtv2.com\/tin-tuc\/wp-content\/uploads\/2025\/11\/choang-tv-cung-cap-dich-vu-phat-bida-truc-tiep-hang-ngay.jpg 800w\" sizes=\"auto, (max-width: 905px) 100vw, 905px\" \/><\/p>\n<p style=\"text-align: center;\"><i><span style=\"font-weight: 400;\">Cho\u00e1ng TV cung c\u1ea5p d\u1ecbch v\u1ee5 ph\u00e1t bida tr\u1ef1c ti\u1ebfp h\u00e0ng ng\u00e0y<\/span><\/i><\/p>\n<h2><span class=\"ez-toc-section\" id=\"Ve_truc_tiep_bida\"><\/span><b>V\u1ec1 tr\u1ef1c ti\u1ebfp bida<\/b><span class=\"ez-toc-section-end\"><\/span><\/h2>\n<p><span style=\"font-weight: 400;\">D\u1ecbch v\u1ee5 quan tr\u1ecdng nh\u1ea5t m\u00e0 ch\u00fang t\u00f4i cung c\u1ea5p l\u00e0 ph\u00e1t<\/span><span style=\"color: #ed1c24;\"><b> tr\u1ef1c ti\u1ebfp bida<\/b><\/span><span style=\"font-weight: 400;\"> h\u00e0ng ng\u00e0y theo th\u1eddi gian th\u1ef1c. Kh\u00f4ng quan tr\u1ecdng b\u1ea1n \u1edf \u0111\u00e2u, ch\u1ec9 c\u1ea7n truy c\u1eadp website l\u00e0 c\u00f3 th\u1ec3 xem c\u00f9ng c\u1ed9ng \u0111\u1ed3ng g\u1ea7n 100 tri\u1ec7u ng\u01b0\u1eddi ch\u01a1i kh\u00e1c. <\/span><span style=\"color: #ed1c24;\"><b>ChoangTV<\/b><\/span><span style=\"font-weight: 400;\"> c\u00f3:<\/span><\/p>\n<ul>\n<li style=\"font-weight: 400;\" aria-level=\"1\"><span style=\"font-weight: 400;\">G\u1ea7n 20 k\u00eanh ph\u00e1t, tr\u1ef1c ti\u1ebfp g\u1ea7n 500 gi\u1ea3i \u0111\u1ea5u Bida trong n\u01b0\u1edbc v\u00e0 qu\u1ed1c t\u1ebf \u0111\u1ee7 m\u1ecdi h\u00ecnh th\u1ee9c.<\/span><\/li>\n<li style=\"font-weight: 400;\" aria-level=\"1\"><span style=\"font-weight: 400;\">Livestream h\u00ecnh \u1ea3nh full HD, chuy\u1ec3n c\u1ea3nh si\u00eau m\u01b0\u1ee3t v\u1edbi \u00e2m thanh th\u1ef1c r\u00f5 r\u00e0ng.<\/span><\/li>\n<li style=\"font-weight: 400;\" aria-level=\"1\"><span style=\"font-weight: 400;\">100% tr\u1eadn \u0111\u1ea5u \u0111\u01b0\u1ee3c BLV kinh nghi\u1ec7m ph\u00e2n t\u00edch b\u1eb1ng ti\u1ebfng Vi\u1ec7t, \u0111\u01b0a ra c\u00e1c g\u00f3c nh\u00ecn \u0111\u00e1nh gi\u00e1 kh\u00e1ch quan.<\/span><\/li>\n<li style=\"font-weight: 400;\" aria-level=\"1\"><span style=\"font-weight: 400;\">K\u00eanh chat live cho ph\u00e9p t\u1ea5t c\u1ea3 ng\u01b0\u1eddi xem c\u00f9ng tham gia th\u1ea3o lu\u1eadn nh\u01b0 m\u1ed9t tr\u01b0\u1eddng ph\u00e1t thu nh\u1ecf.<\/span><\/li>\n<\/ul>\n<h2><span class=\"ez-toc-section\" id=\"Ve_video_Highlight_bida\"><\/span><b>V\u1ec1 video Highlight bida<\/b><span class=\"ez-toc-section-end\"><\/span><\/h2>\n<p><span style=\"font-weight: 400;\">D\u00e0nh ri\u00eang cho nh\u1eefng ng\u01b0\u1eddi ch\u01a1i b\u1eadn r\u1ed9n, Cho\u00e1ng TV mang \u0111\u1ebfn danh m\u1ee5c <strong><span style=\"color: #ed1c24;\">video highlight Bida<\/span><\/strong>. T\u1ea1i \u0111\u00e2y t\u1ed5ng h\u1ee3p c\u00e1c video t\u00f3m t\u1eaft tr\u1eadn \u0111\u1ea5u, t\u1ed5ng h\u1ee3p nh\u1eefng t\u00ecnh hu\u1ed1ng n\u1ed5i b\u1eadt nh\u1ea5t. Ch\u1ec9 t\u1eeb 1 &#8211; 2 ph\u00fat xem, b\u1ea1n \u0111\u00e3 n\u1eafm b\u1eaft \u0111\u01b0\u1ee3c tr\u1ecdn v\u1eb9n di\u1ec5n bi\u1ebfn to\u00e0n tr\u1eadn.<\/span><\/p>\n<p><span style=\"font-weight: 400;\">M\u1ed7i video \u0111\u01b0\u1ee3c \u0111\u1ed9i ng\u0169 bi\u00ean t\u1eadp ch\u1ecdn l\u1ecdc k\u1ef9 c\u00e0ng, c\u1eaft gh\u00e9p chuy\u00ean nghi\u1ec7p v\u1edbi h\u00ecnh \u1ea3nh ch\u1ea5t l\u01b0\u1ee3ng. C\u00f9ng v\u1edbi \u0111\u00f3 l\u00e0 BLV ph\u00e2n t\u00edch nhanh, cung c\u1ea5p th\u00f4ng tin \u0111\u1ea7y \u0111\u1ee7 m\u1ed7i tr\u1eadn. Th\u1eddi gian c\u1eadp nh\u1eadt highlight lu\u00f4n s\u1edbm nh\u1ea5t ch\u1ec9 t\u1eeb 3 &#8211; 5 ph\u00fat k\u1ec3 t\u1eeb khi tr\u1eadn \u0111\u1ea5u k\u1ebft th\u00fac.<\/span><\/p>\n<h2><span class=\"ez-toc-section\" id=\"Ve_lich_thi_dau_bida\"><\/span><b>V\u1ec1 l\u1ecbch thi \u0111\u1ea5u bida<\/b><span class=\"ez-toc-section-end\"><\/span><\/h2>\n<p><span style=\"font-weight: 400;\">\u0110\u1ec3 ng\u01b0\u1eddi xem c\u00f3 th\u1ec3 ch\u1ee7 \u0111\u1ed9ng theo d\u00f5i nh\u1eefng tr\u1eadn \u0111\u1ea5u y\u00eau th\u00edch, <strong><span style=\"color: #ed1c24;\">Cho\u00e1ng TV<\/span><\/strong> cung c\u1ea5p li\u00ean t\u1ee5c <a href=\"https:\/\/choangtv1.com\/match\" rel=\"nofollow noopener\" target=\"_blank\"><strong><span style=\"color: #ed1c24;\">l\u1ecbch thi \u0111\u1ea5u<\/span><\/strong><\/a> h\u00e0ng ng\u00e0y. T\u1ea1i \u0111\u00e2y b\u1ea1n c\u00f3 th\u1ec3 tra c\u1ee9u th\u1eddi gian t\u1ed5 ch\u1ee9c, \u0111\u1ecba \u0111i\u1ec3m, th\u00f4ng tin c\u01a1 th\u1ee7 v\u00e0 nh\u1ea5n link \u0111\u1ec3 xem tr\u1ef1c ti\u1ebfp.<\/span><\/p>\n<p><span style=\"font-weight: 400;\">L\u1ecbch thi \u0111\u1ea5u Bida lu\u00f4n \u0111\u01b0\u1ee3c h\u1ec7 th\u1ed1ng c\u1eadp nh\u1eadt theo th\u1eddi gian th\u1ef1c. Ch\u00fang t\u00f4i cung c\u1ea5p nhi\u1ec1u t\u00ednh n\u0103ng \u0111\u1ec3 b\u1ea1n d\u1ec5 d\u00e0ng t\u00ecm \u0111\u01b0\u1ee3c tr\u1eadn \u0111\u1ea5u y\u00eau th\u00edch nh\u01b0: l\u1ecdc qu\u1ed1c gia, t\u1eeb kh\u00f3a, tuy\u1ec3n th\u1ee7,&#8230; Ho\u1eb7c b\u1ea1n c\u00f3 th\u1ec3 xem nh\u1eefng tr\u1eadn \u0111\u1ea5u n\u1ed5i b\u1eadt h\u00f4m nay \u0111\u1ec3 theo d\u00f5i.<\/span><\/p>\n<p><img loading=\"lazy\" decoding=\"async\" class=\"wp-image-357 aligncenter\" src=\"https:\/\/choangtv1.com\/tin-tuc\/wp-content\/uploads\/2025\/11\/theo-doi-lich-thi-dau-de-chu-dong-xem-tran-dau-yeu-thich-300x225.jpg\" alt=\"\" width=\"881\" height=\"661\" srcset=\"https:\/\/choangtv2.com\/tin-tuc\/wp-content\/uploads\/2025\/11\/theo-doi-lich-thi-dau-de-chu-dong-xem-tran-dau-yeu-thich-300x225.jpg 300w, https:\/\/choangtv2.com\/tin-tuc\/wp-content\/uploads\/2025\/11\/theo-doi-lich-thi-dau-de-chu-dong-xem-tran-dau-yeu-thich-768x576.jpg 768w, https:\/\/choangtv2.com\/tin-tuc\/wp-content\/uploads\/2025\/11\/theo-doi-lich-thi-dau-de-chu-dong-xem-tran-dau-yeu-thich.jpg 800w\" sizes=\"auto, (max-width: 881px) 100vw, 881px\" \/><\/p>\n<p style=\"text-align: center;\"><i><span style=\"font-weight: 400;\">Theo d\u00f5i l\u1ecbch thi \u0111\u1ea5u \u0111\u1ec3 ch\u1ee7 \u0111\u1ed9ng xem tr\u1eadn \u0111\u1ea5u y\u00eau th\u00edch<\/span><\/i><\/p>\n<h2><span class=\"ez-toc-section\" id=\"Ve_tin_tuc_bida\"><\/span><b>V\u1ec1 tin t\u1ee9c bida<\/b><span class=\"ez-toc-section-end\"><\/span><\/h2>\n<p><span style=\"font-weight: 400;\">\u0110\u1ec3 c\u1eadp nh\u1eadt t\u00ecnh h\u00ecnh bida to\u00e0n c\u1ea7u th\u00ec ngo\u00e0i theo d\u00f5i tr\u1ef1c ti\u1ebfp, ng\u01b0\u1eddi xem c\u00f3 th\u1ec3 xem m\u1ee5c \u201cTin t\u1ee9c\u201d. T\u1ea1i \u0111\u00e2y ch\u00fang t\u00f4i mang \u0111\u1ebfn cho b\u1ea1n nh\u1eefng tin t\u1ee9c n\u00f3ng h\u1ed5i v\u1ec1 c\u00e1c gi\u1ea3i \u0111\u1ea5u, v\u1eadn \u0111\u1ed9ng vi\u00ean, k\u1ef9 thu\u1eadt n\u1ed5i b\u1eadt hay ph\u00e2n t\u00edch chuy\u00ean s\u00e2u. M\u1ecdi n\u1ed9i dung \u0111\u1ec1u \u0111\u01b0\u1ee3c bi\u00ean so\u1ea1n k\u1ef9 l\u01b0\u1ee1ng, \u0111\u1ea3m b\u1ea3o t\u00ednh ch\u00ednh x\u00e1c c\u0169ng nh\u01b0 ph\u00f9 h\u1ee3p xu h\u01b0\u1edbng th\u1ecb tr\u01b0\u1eddng.<\/span><\/p>\n<h2><span class=\"ez-toc-section\" id=\"Ket_luan\"><\/span><b>K\u1ebft lu\u1eadn<\/b><span class=\"ez-toc-section-end\"><\/span><\/h2>\n<p><span style=\"font-weight: 400;\">Tr\u00ean \u0111\u00e2y l\u00e0 th\u00f4ng tin c\u01a1 b\u1ea3n v\u1ec1 ch\u00fang t\u00f4i, Cho\u00e1ng TV v\u1edbi vai tr\u00f2 c\u1ee7a chuy\u00ean trang bida tr\u1ef1c ti\u1ebfp s\u1ed1 1 t\u1ea1i Vi\u1ec7t Nam. Truy c\u1eadp website c\u1ee7a ch\u00fang t\u00f4i \u0111\u1ec3 theo d\u00f5i nh\u1eefng tr\u1eadn \u0111\u1ea5u hay nh\u1ea5t hay tin t\u1ee9c hot nh\u1ea5t trong gi\u1edbi c\u01a1 th\u1ee7 nh\u00e9.<\/span><\/p>\n","protected":false},"excerpt":{"rendered":"<p>V\u1ec1 ch\u00fang t\u00f4i &#8211; Cho\u00e1ng TV l\u00e0 website tr\u1ef1c tuy\u1ebfn ph\u00e1t c\u00e1c tr\u1eadn \u0111\u1ea5u bida tr\u1ef1c ti\u1ebfp s\u1ed1 1 t\u1ea1i Vi\u1ec7t Nam. Trang mua b\u1ea3n quy\u1ec1n ph\u00e1t s\u00f3ng c\u1ee7a nhi\u1ec1u gi\u1ea3i \u0111\u1ea5u, k\u1ebft n\u1ed1i v\u1edbi c\u00e1c ban t\u1ed5 ch\u1ee9c h\u00e0ng \u0111\u1ea7u \u0111\u1ec3 \u0111em \u0111\u1ebfn cho ng\u01b0\u1eddi xem nh\u1eefng video m\u1edbi ch\u1ea5t l\u01b0\u1ee3ng cao. V\u00ec v\u1eady [&#8230;]\n","protected":false},"author":1,"featured_media":356,"parent":0,"menu_order":0,"comment_status":"closed","ping_status":"closed","template":"","meta":{"footnotes":""},"class_list":["post-354","page","type-page","status-publish","has-post-thumbnail","hentry"],"_links":{"self":[{"href":"https:\/\/choangtv2.com\/tin-tuc\/wp-json\/wp\/v2\/pages\/354","targetHints":{"allow":["GET"]}}],"collection":[{"href":"https:\/\/choangtv2.com\/tin-tuc\/wp-json\/wp\/v2\/pages"}],"about":[{"href":"https:\/\/choangtv2.com\/tin-tuc\/wp-json\/wp\/v2\/types\/page"}],"author":[{"embeddable":true,"href":"https:\/\/choangtv2.com\/tin-tuc\/wp-json\/wp\/v2\/users\/1"}],"replies":[{"embeddable":true,"href":"https:\/\/choangtv2.com\/tin-tuc\/wp-json\/wp\/v2\/comments?post=354"}],"version-history":[{"count":7,"href":"https:\/\/choangtv2.com\/tin-tuc\/wp-json\/wp\/v2\/pages\/354\/revisions"}],"predecessor-version":[{"id":490,"href":"https:\/\/choangtv2.com\/tin-tuc\/wp-json\/wp\/v2\/pages\/354\/revisions\/490"}],"wp:featuredmedia":[{"embeddable":true,"href":"https:\/\/choangtv2.com\/tin-tuc\/wp-json\/wp\/v2\/media\/356"}],"wp:attachment":[{"href":"https:\/\/choangtv2.com\/tin-tuc\/wp-json\/wp\/v2\/media?parent=354"}],"curies":[{"name":"wp","href":"https:\/\/api.w.org\/{rel}","templated":true}]}}