{"id":361,"date":"2025-11-18T05:02:45","date_gmt":"2025-11-18T05:02:45","guid":{"rendered":"https:\/\/choangtv.com\/tin-tuc\/?page_id=361"},"modified":"2026-03-19T22:33:49","modified_gmt":"2026-03-19T15:33:49","slug":"chinh-sach-bao-mat","status":"publish","type":"page","link":"https:\/\/choangtv2.com\/tin-tuc\/chinh-sach-bao-mat\/","title":{"rendered":"Ch\u00ednh S\u00e1ch B\u1ea3o M\u1eadt t\u1ea1i Cho\u00e1ng TV"},"content":{"rendered":"<p><a href=\"https:\/\/choangtv1.com\/\" rel=\"nofollow noopener\" target=\"_blank\"><b>Cho\u00e1ng TV<\/b><\/a><span style=\"font-weight: 400;\"> \u00e1p d\u1ee5ng h\u1ec7 th\u1ed1ng b\u1ea3o m\u1eadt ti\u00ean ti\u1ebfn, nh\u1eb1m b\u1ea3o v\u1ec7 to\u00e0n di\u1ec7n d\u1eef li\u1ec7u c\u00e1 nh\u00e2n c\u1ee7a ng\u01b0\u1eddi ch\u01a1i, \u0111\u1ea3m b\u1ea3o m\u1ecdi ho\u1ea1t \u0111\u1ed9ng gi\u1ea3i tr\u00ed \u0111\u01b0\u1ee3c di\u1ec5n ra an to\u00e0n v\u00e0 c\u00f4ng b\u1eb1ng. Ch\u00ednh s\u00e1ch b\u1ea3o m\u1eadt n\u00e0y \u0111\u01b0\u1ee3c ban h\u00e0nh \u0111\u1ec3 minh b\u1ea1ch h\u00f3a c\u00e1ch th\u1ee9c thu th\u1eadp, s\u1eed d\u1ee5ng v\u00e0 l\u01b0u tr\u1eef th\u00f4ng tin c\u1ee7a ng\u01b0\u1eddi d\u00f9ng khi tham gia v\u00e0o n\u1ec1n t\u1ea3ng Cho\u00e1ng TV.<\/span><\/p>\n<div id=\"ez-toc-container\" class=\"ez-toc-v2_0_77 counter-hierarchy ez-toc-counter ez-toc-black ez-toc-container-direction\">\n<div class=\"ez-toc-title-container\">\n<p class=\"ez-toc-title\" style=\"cursor:inherit\">M\u1ee5c L\u1ee5c<\/p>\n<span class=\"ez-toc-title-toggle\"><a href=\"#\" class=\"ez-toc-pull-right ez-toc-btn ez-toc-btn-xs ez-toc-btn-default ez-toc-toggle\" aria-label=\"Toggle Table of Content\"><span class=\"ez-toc-js-icon-con\"><span class=\"\"><span class=\"eztoc-hide\" style=\"display:none;\">Toggle<\/span><span class=\"ez-toc-icon-toggle-span\"><svg style=\"fill: #999;color:#999\" xmlns=\"http:\/\/www.w3.org\/2000\/svg\" class=\"list-377408\" width=\"20px\" height=\"20px\" viewBox=\"0 0 24 24\" fill=\"none\"><path d=\"M6 6H4v2h2V6zm14 0H8v2h12V6zM4 11h2v2H4v-2zm16 0H8v2h12v-2zM4 16h2v2H4v-2zm16 0H8v2h12v-2z\" fill=\"currentColor\"><\/path><\/svg><svg style=\"fill: #999;color:#999\" class=\"arrow-unsorted-368013\" xmlns=\"http:\/\/www.w3.org\/2000\/svg\" width=\"10px\" height=\"10px\" viewBox=\"0 0 24 24\" version=\"1.2\" baseProfile=\"tiny\"><path d=\"M18.2 9.3l-6.2-6.3-6.2 6.3c-.2.2-.3.4-.3.7s.1.5.3.7c.2.2.4.3.7.3h11c.3 0 .5-.1.7-.3.2-.2.3-.5.3-.7s-.1-.5-.3-.7zM5.8 14.7l6.2 6.3 6.2-6.3c.2-.2.3-.5.3-.7s-.1-.5-.3-.7c-.2-.2-.4-.3-.7-.3h-11c-.3 0-.5.1-.7.3-.2.2-.3.5-.3.7s.1.5.3.7z\"\/><\/svg><\/span><\/span><\/span><\/a><\/span><\/div>\n<nav><ul class='ez-toc-list ez-toc-list-level-1 eztoc-toggle-hide-by-default' ><li class='ez-toc-page-1 ez-toc-heading-level-2'><a class=\"ez-toc-link ez-toc-heading-1\" href=\"https:\/\/choangtv2.com\/tin-tuc\/chinh-sach-bao-mat\/#Nhung_thong_tin_ma_Choang_TV_thu_thap\" >Nh\u1eefng th\u00f4ng tin m\u00e0 Cho\u00e1ng TV thu th\u1eadp<\/a><ul class='ez-toc-list-level-3' ><li class='ez-toc-heading-level-3'><a class=\"ez-toc-link ez-toc-heading-2\" href=\"https:\/\/choangtv2.com\/tin-tuc\/chinh-sach-bao-mat\/#Cookies\" >Cookies<\/a><\/li><li class='ez-toc-page-1 ez-toc-heading-level-3'><a class=\"ez-toc-link ez-toc-heading-3\" href=\"https:\/\/choangtv2.com\/tin-tuc\/chinh-sach-bao-mat\/#Binh_luan\" >B\u00ecnh lu\u1eadn<\/a><\/li><li class='ez-toc-page-1 ez-toc-heading-level-3'><a class=\"ez-toc-link ez-toc-heading-4\" href=\"https:\/\/choangtv2.com\/tin-tuc\/chinh-sach-bao-mat\/#Thong_tin_ky_thuat\" >Th\u00f4ng tin k\u1ef9 thu\u1eadt<\/a><\/li><\/ul><\/li><li class='ez-toc-page-1 ez-toc-heading-level-2'><a class=\"ez-toc-link ez-toc-heading-5\" href=\"https:\/\/choangtv2.com\/tin-tuc\/chinh-sach-bao-mat\/#Quyen_rieng_tu_ca_nhan\" >Quy\u1ec1n ri\u00eang t\u01b0 c\u00e1 nh\u00e2n<\/a><\/li><li class='ez-toc-page-1 ez-toc-heading-level-2'><a class=\"ez-toc-link ez-toc-heading-6\" href=\"https:\/\/choangtv2.com\/tin-tuc\/chinh-sach-bao-mat\/#Muc_tieu_cua_chinh_sach_bao_mat_tai_Choang_TV\" >M\u1ee5c ti\u00eau c\u1ee7a ch\u00ednh s\u00e1ch b\u1ea3o m\u1eadt t\u1ea1i Cho\u00e1ng TV<\/a><\/li><li class='ez-toc-page-1 ez-toc-heading-level-2'><a class=\"ez-toc-link ez-toc-heading-7\" href=\"https:\/\/choangtv2.com\/tin-tuc\/chinh-sach-bao-mat\/#Cach_su_dung_thong_tin_cua_Choang_TV\" >C\u00e1ch s\u1eed d\u1ee5ng th\u00f4ng tin c\u1ee7a Cho\u00e1ng TV<\/a><\/li><li class='ez-toc-page-1 ez-toc-heading-level-2'><a class=\"ez-toc-link ez-toc-heading-8\" href=\"https:\/\/choangtv2.com\/tin-tuc\/chinh-sach-bao-mat\/#Ve_viec_chia_se_thong_tin_voi_ben_thu_ba\" >V\u1ec1 vi\u1ec7c chia s\u1ebb th\u00f4ng tin v\u1edbi b\u00ean th\u1ee9 ba<\/a><\/li><li class='ez-toc-page-1 ez-toc-heading-level-2'><a class=\"ez-toc-link ez-toc-heading-9\" href=\"https:\/\/choangtv2.com\/tin-tuc\/chinh-sach-bao-mat\/#Ket_luan\" >K\u1ebft lu\u1eadn<\/a><\/li><\/ul><\/nav><\/div>\n<h2><span class=\"ez-toc-section\" id=\"Nhung_thong_tin_ma_Choang_TV_thu_thap\"><\/span><span style=\"font-weight: 400;\">Nh\u1eefng th\u00f4ng tin m\u00e0 Cho\u00e1ng TV thu th\u1eadp<\/span><span class=\"ez-toc-section-end\"><\/span><\/h2>\n<p><span style=\"font-weight: 400;\">\u0110\u1ec3 \u0111\u1ea3m b\u1ea3o qu\u00e1 tr\u00ecnh \u0111\u0103ng nh\u1eadp, s\u1eed d\u1ee5ng d\u1ecbch v\u1ee5 v\u00e0 t\u01b0\u01a1ng t\u00e1c c\u1ee7a ng\u01b0\u1eddi ch\u01a1i di\u1ec5n ra thu\u1eadn ti\u1ec7n, h\u1ec7 th\u1ed1ng Cho\u00e1ng TV c\u1ea7n thu th\u1eadp m\u1ed9t s\u1ed1 th\u00f4ng tin c\u01a1 b\u1ea3n.\u00a0 C\u00e1c lo\u1ea1i d\u1eef li\u1ec7u \u0111\u01b0\u1ee3c thu th\u1eadp c\u00f3 th\u1ec3 bao g\u1ed3m: th\u00f4ng tin c\u00e1 nh\u00e2n (h\u1ecd t\u00ean, \u0111\u1ecba ch\u1ec9 email, s\u1ed1 \u0111i\u1ec7n tho\u1ea1i), th\u00f4ng tin \u0111\u0103ng nh\u1eadp, d\u1eef li\u1ec7u thi\u1ebft b\u1ecb, l\u1ecbch s\u1eed truy c\u1eadp.<\/span><\/p>\n<h3><span class=\"ez-toc-section\" id=\"Cookies\"><\/span><span style=\"font-weight: 400;\">Cookies<\/span><span class=\"ez-toc-section-end\"><\/span><\/h3>\n<p><span style=\"font-weight: 400;\">Cookies l\u00e0 t\u1ec7p nh\u1ecf \u0111\u01b0\u1ee3c l\u01b0u t\u1ea1m th\u1eddi trong tr\u00ecnh duy\u1ec7t c\u1ee7a ng\u01b0\u1eddi d\u00f9ng khi truy c\u1eadp v\u00e0o Cho\u00e1ng TV. C\u00f4ng c\u1ee5 n\u00e0y gi\u00fap h\u1ec7 th\u1ed1ng nh\u1eadn di\u1ec7n t\u00e0i kho\u1ea3n, l\u01b0u tr\u1eef th\u00f4ng tin \u0111\u0103ng nh\u1eadp v\u00e0 c\u00e0i \u0111\u1eb7t hi\u1ec3n th\u1ecb, gi\u00fap ng\u01b0\u1eddi ch\u01a1i kh\u00f4ng c\u1ea7n nh\u1eadp l\u1ea1i d\u1eef li\u1ec7u m\u1ed7i l\u1ea7n truy c\u1eadp.<\/span><\/p>\n<p><span style=\"font-weight: 400;\">Vi\u1ec7c s\u1eed d\u1ee5ng cookies kh\u00f4ng x\u00e2m ph\u1ea1m quy\u1ec1n ri\u00eang t\u01b0 c\u1ee7a ng\u01b0\u1eddi ch\u01a1i m\u00e0 ch\u1ec9 nh\u1eb1m t\u1ed1i \u01b0u h\u00f3a tr\u1ea3i nghi\u1ec7m. C\u00e1c cookie n\u00e0y s\u1ebd t\u1ef1 \u0111\u1ed9ng h\u1ebft h\u1ea1n ho\u1eb7c b\u1ecb x\u00f3a khi ng\u01b0\u1eddi d\u00f9ng \u0111\u0103ng xu\u1ea5t ho\u1eb7c \u0111\u00f3ng tr\u00ecnh duy\u1ec7t.<\/span><\/p>\n<p><img loading=\"lazy\" decoding=\"async\" class=\" wp-image-364 aligncenter\" src=\"https:\/\/choangtv1.com\/tin-tuc\/wp-content\/uploads\/2025\/11\/thu-thap-du-lieu-cookies-cua-nguoi-tham-gia-300x225.jpg\" alt=\"\" width=\"965\" height=\"724\" srcset=\"https:\/\/choangtv2.com\/tin-tuc\/wp-content\/uploads\/2025\/11\/thu-thap-du-lieu-cookies-cua-nguoi-tham-gia-300x225.jpg 300w, https:\/\/choangtv2.com\/tin-tuc\/wp-content\/uploads\/2025\/11\/thu-thap-du-lieu-cookies-cua-nguoi-tham-gia-768x576.jpg 768w, https:\/\/choangtv2.com\/tin-tuc\/wp-content\/uploads\/2025\/11\/thu-thap-du-lieu-cookies-cua-nguoi-tham-gia.jpg 800w\" sizes=\"auto, (max-width: 965px) 100vw, 965px\" \/><\/p>\n<p style=\"text-align: center;\"><span style=\"font-weight: 400;\">Thu th\u1eadp d\u1eef li\u1ec7u cookies c\u1ee7a ng\u01b0\u1eddi tham gia\u00a0<\/span><\/p>\n<h3><span class=\"ez-toc-section\" id=\"Binh_luan\"><\/span><span style=\"font-weight: 400;\">B\u00ecnh lu\u1eadn<\/span><span class=\"ez-toc-section-end\"><\/span><\/h3>\n<p><span style=\"font-weight: 400;\">Khi ng\u01b0\u1eddi ch\u01a1i \u0111\u1ec3 l\u1ea1i b\u00ecnh lu\u1eadn ho\u1eb7c t\u01b0\u01a1ng t\u00e1c trong c\u00e1c b\u00e0i vi\u1ebft, h\u1ec7 th\u1ed1ng Cho\u00e1ng TV s\u1ebd l\u01b0u tr\u1eef n\u1ed9i dung b\u00ecnh lu\u1eadn, \u0111\u1ecba ch\u1ec9 IP v\u00e0 th\u00f4ng tin tr\u00ecnh duy\u1ec7t. \u0110i\u1ec1u n\u00e0y gi\u00fap n\u1ec1n t\u1ea3ng ng\u0103n ch\u1eb7n spam, ph\u00e1t hi\u1ec7n h\u00e0nh vi vi ph\u1ea1m v\u00e0 duy tr\u00ec m\u00f4i tr\u01b0\u1eddng c\u1ed9ng \u0111\u1ed3ng v\u0103n minh, l\u00e0nh m\u1ea1nh.<\/span><\/p>\n<p><span style=\"font-weight: 400;\">M\u1ecdi d\u1eef li\u1ec7u li\u00ean quan \u0111\u1ebfn b\u00ecnh lu\u1eadn ch\u1ec9 \u0111\u01b0\u1ee3c s\u1eed d\u1ee5ng n\u1ed9i b\u1ed9 cho m\u1ee5c \u0111\u00edch ki\u1ec3m duy\u1ec7t v\u00e0 kh\u00f4ng chia s\u1ebb v\u1edbi b\u1ea5t k\u1ef3 b\u00ean th\u1ee9 ba n\u00e0o.<\/span><\/p>\n<h3><span class=\"ez-toc-section\" id=\"Thong_tin_ky_thuat\"><\/span><span style=\"font-weight: 400;\">Th\u00f4ng tin k\u1ef9 thu\u1eadt<\/span><span class=\"ez-toc-section-end\"><\/span><\/h3>\n<p><span style=\"font-weight: 400;\">B\u00ean c\u1ea1nh d\u1eef li\u1ec7u ng\u01b0\u1eddi d\u00f9ng ch\u1ee7 \u0111\u1ed9ng cung c\u1ea5p, Cho\u00e1ng TV c\u00f2n t\u1ef1 \u0111\u1ed9ng thu th\u1eadp m\u1ed9t s\u1ed1 th\u00f4ng tin k\u1ef9 thu\u1eadt nh\u01b0 lo\u1ea1i thi\u1ebft b\u1ecb, h\u1ec7 \u0111i\u1ec1u h\u00e0nh, th\u1eddi gian truy c\u1eadp, \u0111\u1ecba ch\u1ec9 IP, t\u1ec7p media t\u1ea3i l\u00ean ho\u1eb7c c\u00e1c thao t\u00e1c trong qu\u00e1 tr\u00ecnh s\u1eed d\u1ee5ng.<\/span><\/p>\n<p><span style=\"font-weight: 400;\">Nh\u1eefng th\u00f4ng tin n\u00e0y \u0111\u01b0\u1ee3c d\u00f9ng \u0111\u1ec3:<\/span><\/p>\n<ul>\n<li style=\"font-weight: 400;\" aria-level=\"1\"><span style=\"font-weight: 400;\">C\u1ea3i thi\u1ec7n hi\u1ec7u su\u1ea5t h\u1ec7 th\u1ed1ng.<\/span><\/li>\n<li style=\"font-weight: 400;\" aria-level=\"1\"><span style=\"font-weight: 400;\">Ph\u00e1t hi\u1ec7n l\u1ed7i v\u00e0 ng\u0103n ch\u1eb7n h\u00e0nh vi gian l\u1eadn.<\/span><\/li>\n<li style=\"font-weight: 400;\" aria-level=\"1\"><span style=\"font-weight: 400;\">T\u0103ng c\u01b0\u1eddng kh\u1ea3 n\u0103ng b\u1ea3o m\u1eadt cho t\u00e0i kho\u1ea3n ng\u01b0\u1eddi d\u00f9ng.<\/span><\/li>\n<\/ul>\n<h2><span class=\"ez-toc-section\" id=\"Quyen_rieng_tu_ca_nhan\"><\/span><span style=\"font-weight: 400;\">Quy\u1ec1n ri\u00eang t\u01b0 c\u00e1 nh\u00e2n<\/span><span class=\"ez-toc-section-end\"><\/span><\/h2>\n<p><span style=\"font-weight: 400;\">Cho\u00e1ng TV lu\u00f4n t\u00f4n tr\u1ecdng tuy\u1ec7t \u0111\u1ed1i quy\u1ec1n ri\u00eang t\u01b0 c\u1ee7a m\u1ecdi ng\u01b0\u1eddi ch\u01a1i. Ng\u01b0\u1eddi d\u00f9ng c\u00f3 to\u00e0n quy\u1ec1n ki\u1ec3m so\u00e1t d\u1eef li\u1ec7u c\u00e1 nh\u00e2n c\u1ee7a m\u00ecnh, bao g\u1ed3m:<\/span><\/p>\n<ul>\n<li style=\"font-weight: 400;\" aria-level=\"1\"><span style=\"font-weight: 400;\">Y\u00eau c\u1ea7u xem l\u1ea1i ho\u1eb7c ch\u1ec9nh s\u1eeda th\u00f4ng tin \u0111\u00e3 cung c\u1ea5p.<\/span><\/li>\n<li style=\"font-weight: 400;\" aria-level=\"1\"><span style=\"font-weight: 400;\">Y\u00eau c\u1ea7u x\u00f3a d\u1eef li\u1ec7u c\u00e1 nh\u00e2n kh\u1ecfi h\u1ec7 th\u1ed1ng.<\/span><\/li>\n<li style=\"font-weight: 400;\" aria-level=\"1\"><span style=\"font-weight: 400;\">Nh\u1eadn b\u1ea3n sao d\u1eef li\u1ec7u c\u00e1 nh\u00e2n \u0111\u1ec3 t\u1ef1 qu\u1ea3n l\u00fd.<\/span><\/li>\n<\/ul>\n<p><span style=\"color: #ed1c24;\"><b>Choang TV<\/b><\/span><span style=\"font-weight: 400;\"> cam k\u1ebft kh\u00f4ng b\u00e1n, chia s\u1ebb ho\u1eb7c trao \u0111\u1ed5i d\u1eef li\u1ec7u c\u00e1 nh\u00e2n cho b\u1ea5t k\u1ef3 t\u1ed5 ch\u1ee9c, c\u00e1 nh\u00e2n n\u00e0o khi ch\u01b0a c\u00f3 s\u1ef1 \u0111\u1ed3ng \u00fd r\u00f5 r\u00e0ng c\u1ee7a ng\u01b0\u1eddi ch\u01a1i, ngo\u1ea1i tr\u1eeb tr\u01b0\u1eddng h\u1ee3p \u0111\u01b0\u1ee3c y\u00eau c\u1ea7u b\u1edfi c\u01a1 quan ph\u00e1p lu\u1eadt.<\/span><\/p>\n<p><img loading=\"lazy\" decoding=\"async\" class=\"wp-image-363 aligncenter\" src=\"https:\/\/choangtv1.com\/tin-tuc\/wp-content\/uploads\/2025\/11\/dam-bao-quyen-rieng-tu-va-bao-mat-ca-nhan-300x225.jpg\" alt=\"\" width=\"1031\" height=\"773\" srcset=\"https:\/\/choangtv2.com\/tin-tuc\/wp-content\/uploads\/2025\/11\/dam-bao-quyen-rieng-tu-va-bao-mat-ca-nhan-300x225.jpg 300w, https:\/\/choangtv2.com\/tin-tuc\/wp-content\/uploads\/2025\/11\/dam-bao-quyen-rieng-tu-va-bao-mat-ca-nhan-768x576.jpg 768w, https:\/\/choangtv2.com\/tin-tuc\/wp-content\/uploads\/2025\/11\/dam-bao-quyen-rieng-tu-va-bao-mat-ca-nhan.jpg 800w\" sizes=\"auto, (max-width: 1031px) 100vw, 1031px\" \/><\/p>\n<p style=\"text-align: center;\"><span style=\"font-weight: 400;\">\u0110\u1ea3m b\u1ea3o quy\u1ec1n ri\u00eang t\u01b0 v\u00e0 b\u1ea3o m\u1eadt c\u00e1 nh\u00e2n\u00a0<\/span><\/p>\n<h2><span class=\"ez-toc-section\" id=\"Muc_tieu_cua_chinh_sach_bao_mat_tai_Choang_TV\"><\/span><span style=\"font-weight: 400;\">M\u1ee5c ti\u00eau c\u1ee7a ch\u00ednh s\u00e1ch b\u1ea3o m\u1eadt t\u1ea1i Cho\u00e1ng TV<\/span><span class=\"ez-toc-section-end\"><\/span><\/h2>\n<p><span style=\"font-weight: 400;\">Ch\u00ednh s\u00e1ch b\u1ea3o m\u1eadt c\u1ee7a Cho\u00e1ng TV \u0111\u01b0\u1ee3c x\u00e2y d\u1ef1ng v\u1edbi ba m\u1ee5c ti\u00eau ch\u00ednh:<\/span><\/p>\n<ul>\n<li style=\"font-weight: 400;\" aria-level=\"1\"><span style=\"font-weight: 400;\">\u00a0H\u1ec7 th\u1ed1ng s\u1eed d\u1ee5ng c\u00f4ng ngh\u1ec7 m\u00e3 h\u00f3a ti\u00ean ti\u1ebfn, b\u1ea3o v\u1ec7 to\u00e0n b\u1ed9 d\u1eef li\u1ec7u c\u00e1 nh\u00e2n kh\u1ecfi h\u00e0nh vi truy c\u1eadp tr\u00e1i ph\u00e9p ho\u1eb7c \u0111\u00e1nh c\u1eafp th\u00f4ng tin.<\/span><\/li>\n<li style=\"font-weight: 400;\" aria-level=\"1\"><span style=\"font-weight: 400;\">\u00a0M\u1ecdi ho\u1ea1t \u0111\u1ed9ng thu th\u1eadp v\u00e0 x\u1eed l\u00fd d\u1eef li\u1ec7u \u0111\u1ec1u \u0111\u01b0\u1ee3c th\u00f4ng b\u00e1o r\u00f5 r\u00e0ng. Ng\u01b0\u1eddi ch\u01a1i c\u00f3 th\u1ec3 ch\u1ee7 \u0111\u1ed9ng \u0111\u1ed3ng \u00fd ho\u1eb7c t\u1eeb ch\u1ed1i cung c\u1ea5p th\u00f4ng tin.<\/span><\/li>\n<li style=\"font-weight: 400;\" aria-level=\"1\"><span style=\"font-weight: 400;\">Ch\u00ednh s\u00e1ch b\u1ea3o m\u1eadt gi\u00fap duy tr\u00ec kh\u00f4ng gian c\u00e1 c\u01b0\u1ee3c c\u00f4ng b\u1eb1ng, h\u1ea1n ch\u1ebf t\u1ed1i \u0111a h\u00e0nh vi gian l\u1eadn v\u00e0 \u0111\u1ea3m b\u1ea3o quy\u1ec1n l\u1ee3i cho m\u1ecdi th\u00e0nh vi\u00ean.<\/span><\/li>\n<\/ul>\n<h2><span class=\"ez-toc-section\" id=\"Cach_su_dung_thong_tin_cua_Choang_TV\"><\/span><span style=\"font-weight: 400;\">C\u00e1ch s\u1eed d\u1ee5ng th\u00f4ng tin c\u1ee7a Cho\u00e1ng TV<\/span><span class=\"ez-toc-section-end\"><\/span><\/h2>\n<p><span style=\"font-weight: 400;\">Th\u00f4ng tin ng\u01b0\u1eddi d\u00f9ng \u0111\u01b0\u1ee3c thu th\u1eadp s\u1ebd \u0111\u01b0\u1ee3c s\u1eed d\u1ee5ng cho c\u00e1c m\u1ee5c \u0111\u00edch h\u1ee3p ph\u00e1p v\u00e0 h\u1eefu \u00edch, bao g\u1ed3m:<\/span><\/p>\n<ul>\n<li style=\"font-weight: 400;\" aria-level=\"1\"><span style=\"font-weight: 400;\">Qu\u1ea3n l\u00fd h\u1ed3 s\u01a1 c\u00e1 nh\u00e2n, x\u00e1c minh t\u00e0i kho\u1ea3n.<\/span><\/li>\n<li style=\"font-weight: 400;\" aria-level=\"1\"><span style=\"font-weight: 400;\">H\u1ed7 tr\u1ee3 kh\u00e1ch h\u00e0ng khi ph\u00e1t sinh v\u1ea5n \u0111\u1ec1 trong qu\u00e1 tr\u00ecnh giao d\u1ecbch.<\/span><\/li>\n<li style=\"font-weight: 400;\" aria-level=\"1\"><span style=\"font-weight: 400;\">G\u1eedi th\u00f4ng b\u00e1o v\u1ec1 ch\u01b0\u01a1ng tr\u00ecnh khuy\u1ebfn m\u00e3i, \u01b0u \u0111\u00e3i ho\u1eb7c thay \u0111\u1ed5i ch\u00ednh s\u00e1ch.<\/span><\/li>\n<li style=\"font-weight: 400;\" aria-level=\"1\"><span style=\"font-weight: 400;\">Ph\u00e2n t\u00edch d\u1eef li\u1ec7u nh\u1eb1m c\u1ea3i thi\u1ec7n ch\u1ea5t l\u01b0\u1ee3ng d\u1ecbch v\u1ee5, t\u1ed1c \u0111\u1ed9 truy c\u1eadp v\u00e0 giao di\u1ec7n ng\u01b0\u1eddi d\u00f9ng.<\/span><\/li>\n<\/ul>\n<p><span style=\"font-weight: 400;\">T\u1ea5t c\u1ea3 c\u00e1c ho\u1ea1t \u0111\u1ed9ng n\u00e0y \u0111\u1ec1u tu\u00e2n th\u1ee7 nghi\u00eam ng\u1eb7t quy \u0111\u1ecbnh v\u1ec1 b\u1ea3o m\u1eadt, \u0111\u1ea3m b\u1ea3o d\u1eef li\u1ec7u c\u00e1 nh\u00e2n kh\u00f4ng b\u1ecb s\u1eed d\u1ee5ng sai m\u1ee5c \u0111\u00edch.<\/span><\/p>\n<h2><span class=\"ez-toc-section\" id=\"Ve_viec_chia_se_thong_tin_voi_ben_thu_ba\"><\/span><span style=\"font-weight: 400;\">V\u1ec1 vi\u1ec7c chia s\u1ebb th\u00f4ng tin v\u1edbi b\u00ean th\u1ee9 ba<\/span><span class=\"ez-toc-section-end\"><\/span><\/h2>\n<p><span style=\"color: #ed1c24;\"><b>ChoangTV<\/b><\/span><span style=\"font-weight: 400;\"> ch\u1ec9 chia s\u1ebb th\u00f4ng tin ng\u01b0\u1eddi ch\u01a1i trong c\u00e1c tr\u01b0\u1eddng h\u1ee3p th\u1eadt s\u1ef1 c\u1ea7n thi\u1ebft, ch\u1eb3ng h\u1ea1n nh\u01b0:<\/span><\/p>\n<ul>\n<li style=\"font-weight: 400;\" aria-level=\"1\"><span style=\"font-weight: 400;\">Ph\u1ed1i h\u1ee3p v\u1edbi \u0111\u1ed1i t\u00e1c k\u1ef9 thu\u1eadt \u0111\u1ec3 v\u1eadn h\u00e0nh h\u1ec7 th\u1ed1ng.<\/span><\/li>\n<li style=\"font-weight: 400;\" aria-level=\"1\"><span style=\"font-weight: 400;\">H\u1ed7 tr\u1ee3 thanh to\u00e1n, x\u00e1c minh danh t\u00ednh ho\u1eb7c x\u1eed l\u00fd giao d\u1ecbch.<\/span><\/li>\n<li style=\"font-weight: 400;\" aria-level=\"1\"><span style=\"font-weight: 400;\">Tu\u00e2n th\u1ee7 y\u00eau c\u1ea7u c\u1ee7a c\u01a1 quan qu\u1ea3n l\u00fd Nh\u00e0 n\u01b0\u1edbc theo quy \u0111\u1ecbnh ph\u00e1p lu\u1eadt.<\/span><\/li>\n<\/ul>\n<p><span style=\"font-weight: 400;\">T\u1ea5t c\u1ea3 \u0111\u1ed1i t\u00e1c c\u1ee7a Cho\u00e1ng TV \u0111\u1ec1u ph\u1ea3i k\u00fd cam k\u1ebft b\u1ea3o m\u1eadt d\u1eef li\u1ec7u nghi\u00eam ng\u1eb7t, \u0111\u1ea3m b\u1ea3o th\u00f4ng tin ng\u01b0\u1eddi d\u00f9ng kh\u00f4ng b\u1ecb ti\u1ebft l\u1ed9 ho\u1eb7c s\u1eed d\u1ee5ng sai m\u1ee5c \u0111\u00edch.\u00a0<\/span><\/p>\n<p><img loading=\"lazy\" decoding=\"async\" class=\"wp-image-362 aligncenter\" src=\"https:\/\/choangtv1.com\/tin-tuc\/wp-content\/uploads\/2025\/11\/chia-se-thong-tin-voi-cac-ben-thu-ba-co-lien-quan-300x225.jpg\" alt=\"\" width=\"1103\" height=\"827\" srcset=\"https:\/\/choangtv2.com\/tin-tuc\/wp-content\/uploads\/2025\/11\/chia-se-thong-tin-voi-cac-ben-thu-ba-co-lien-quan-300x225.jpg 300w, https:\/\/choangtv2.com\/tin-tuc\/wp-content\/uploads\/2025\/11\/chia-se-thong-tin-voi-cac-ben-thu-ba-co-lien-quan-768x576.jpg 768w, https:\/\/choangtv2.com\/tin-tuc\/wp-content\/uploads\/2025\/11\/chia-se-thong-tin-voi-cac-ben-thu-ba-co-lien-quan.jpg 800w\" sizes=\"auto, (max-width: 1103px) 100vw, 1103px\" \/><\/p>\n<p style=\"text-align: center;\"><span style=\"font-weight: 400;\">Chia s\u1ebb th\u00f4ng tin v\u1edbi c\u00e1c b\u00ean th\u1ee9 ba c\u00f3 li\u00ean quan\u00a0<\/span><\/p>\n<h2><span class=\"ez-toc-section\" id=\"Ket_luan\"><\/span><span style=\"font-weight: 400;\">K\u1ebft lu\u1eadn<\/span><span class=\"ez-toc-section-end\"><\/span><\/h2>\n<p><a href=\"https:\/\/choangtv1.com\/tin-tuc\/chinh-sach-bao-mat\/\" rel=\"nofollow noopener\" target=\"_blank\"><b>Ch\u00ednh s\u00e1ch b\u1ea3o m\u1eadt<\/b><\/a><span style=\"font-weight: 400;\"> c\u1ee7a Cho\u00e1ng TV gi\u00fap b\u1ea3o v\u1ec7 quy\u1ec1n l\u1ee3i v\u00e0 s\u1ef1 an to\u00e0n cho ng\u01b0\u1eddi d\u00f9ng. Nh\u00e0 c\u00e1i cam k\u1ebft lu\u00f4n duy tr\u00ec h\u1ec7 th\u1ed1ng b\u1ea3o m\u1eadt t\u1ed1i \u01b0u, tu\u00e2n th\u1ee7 m\u1ecdi ti\u00eau chu\u1ea9n qu\u1ed1c t\u1ebf v\u1ec1 an to\u00e0n th\u00f4ng tin v\u00e0 kh\u00f4ng ng\u1eebng c\u1ea3i ti\u1ebfn \u0111\u1ec3 \u0111\u00e1p \u1ee9ng nhu c\u1ea7u c\u1ee7a c\u1ed9ng \u0111\u1ed3ng ng\u01b0\u1eddi ch\u01a1i.<\/span><\/p>\n","protected":false},"excerpt":{"rendered":"<p>Cho\u00e1ng TV \u00e1p d\u1ee5ng h\u1ec7 th\u1ed1ng b\u1ea3o m\u1eadt ti\u00ean ti\u1ebfn, nh\u1eb1m b\u1ea3o v\u1ec7 to\u00e0n di\u1ec7n d\u1eef li\u1ec7u c\u00e1 nh\u00e2n c\u1ee7a ng\u01b0\u1eddi ch\u01a1i, \u0111\u1ea3m b\u1ea3o m\u1ecdi ho\u1ea1t \u0111\u1ed9ng gi\u1ea3i tr\u00ed \u0111\u01b0\u1ee3c di\u1ec5n ra an to\u00e0n v\u00e0 c\u00f4ng b\u1eb1ng. Ch\u00ednh s\u00e1ch b\u1ea3o m\u1eadt n\u00e0y \u0111\u01b0\u1ee3c ban h\u00e0nh \u0111\u1ec3 minh b\u1ea1ch h\u00f3a c\u00e1ch th\u1ee9c thu th\u1eadp, s\u1eed d\u1ee5ng [&#8230;]\n","protected":false},"author":1,"featured_media":363,"parent":0,"menu_order":0,"comment_status":"closed","ping_status":"closed","template":"","meta":{"footnotes":""},"class_list":["post-361","page","type-page","status-publish","has-post-thumbnail","hentry"],"_links":{"self":[{"href":"https:\/\/choangtv2.com\/tin-tuc\/wp-json\/wp\/v2\/pages\/361","targetHints":{"allow":["GET"]}}],"collection":[{"href":"https:\/\/choangtv2.com\/tin-tuc\/wp-json\/wp\/v2\/pages"}],"about":[{"href":"https:\/\/choangtv2.com\/tin-tuc\/wp-json\/wp\/v2\/types\/page"}],"author":[{"embeddable":true,"href":"https:\/\/choangtv2.com\/tin-tuc\/wp-json\/wp\/v2\/users\/1"}],"replies":[{"embeddable":true,"href":"https:\/\/choangtv2.com\/tin-tuc\/wp-json\/wp\/v2\/comments?post=361"}],"version-history":[{"count":6,"href":"https:\/\/choangtv2.com\/tin-tuc\/wp-json\/wp\/v2\/pages\/361\/revisions"}],"predecessor-version":[{"id":494,"href":"https:\/\/choangtv2.com\/tin-tuc\/wp-json\/wp\/v2\/pages\/361\/revisions\/494"}],"wp:featuredmedia":[{"embeddable":true,"href":"https:\/\/choangtv2.com\/tin-tuc\/wp-json\/wp\/v2\/media\/363"}],"wp:attachment":[{"href":"https:\/\/choangtv2.com\/tin-tuc\/wp-json\/wp\/v2\/media?parent=361"}],"curies":[{"name":"wp","href":"https:\/\/api.w.org\/{rel}","templated":true}]}}