{"id":367,"date":"2025-11-18T05:05:46","date_gmt":"2025-11-18T05:05:46","guid":{"rendered":"https:\/\/choangtv.com\/tin-tuc\/?page_id=367"},"modified":"2026-03-19T22:33:03","modified_gmt":"2026-03-19T15:33:03","slug":"dieu-khoan-su-dung","status":"publish","type":"page","link":"https:\/\/choangtv2.com\/tin-tuc\/dieu-khoan-su-dung\/","title":{"rendered":"Ch\u00ednh S\u00e1ch V\u1ec1 \u0110i\u1ec1u Kho\u1ea3n S\u1eed D\u1ee5ng T\u1ea1i Cho\u00e1ng TV"},"content":{"rendered":"<p><span style=\"font-weight: 400;\"><strong>\u0110i\u1ec1u kho\u1ea3n s\u1eed d\u1ee5ng<\/strong> t\u1ea1i<\/span> <a href=\"https:\/\/choangtv1.com\/\" rel=\"nofollow noopener\" target=\"_blank\"><b>Cho\u00e1ng TV<\/b><\/a><span style=\"font-weight: 400;\"> \u0111\u01b0\u1ee3c xem l\u00e0 b\u1ed9 quy t\u1eafc quan tr\u1ecdng m\u00e0 m\u1ecdi ng\u01b0\u1eddi ch\u01a1i c\u1ea7n n\u1eafm r\u00f5 tr\u01b0\u1edbc khi tham gia. Vi\u1ec7c \u0111\u1ecdc k\u1ef9 v\u00e0 \u0111\u1ed3ng \u00fd v\u1edbi \u0111i\u1ec1u kho\u1ea3n s\u1eed d\u1ee5ng \u0111\u1ed3ng ngh\u0129a v\u1edbi vi\u1ec7c ng\u01b0\u1eddi ch\u01a1i ch\u1ea5p nh\u1eadn to\u00e0n b\u1ed9 quy t\u1eafc, \u0111i\u1ec1u ki\u1ec7n v\u00e0 ch\u00ednh s\u00e1ch m\u00e0 n\u1ec1n t\u1ea3ng \u0111\u1ec1 ra.<\/span><\/p>\n<div id=\"ez-toc-container\" class=\"ez-toc-v2_0_77 counter-hierarchy ez-toc-counter ez-toc-black ez-toc-container-direction\">\n<div class=\"ez-toc-title-container\">\n<p class=\"ez-toc-title\" style=\"cursor:inherit\">M\u1ee5c L\u1ee5c<\/p>\n<span class=\"ez-toc-title-toggle\"><a href=\"#\" class=\"ez-toc-pull-right ez-toc-btn ez-toc-btn-xs ez-toc-btn-default ez-toc-toggle\" aria-label=\"Toggle Table of Content\"><span class=\"ez-toc-js-icon-con\"><span class=\"\"><span class=\"eztoc-hide\" style=\"display:none;\">Toggle<\/span><span class=\"ez-toc-icon-toggle-span\"><svg style=\"fill: #999;color:#999\" xmlns=\"http:\/\/www.w3.org\/2000\/svg\" class=\"list-377408\" width=\"20px\" height=\"20px\" viewBox=\"0 0 24 24\" fill=\"none\"><path d=\"M6 6H4v2h2V6zm14 0H8v2h12V6zM4 11h2v2H4v-2zm16 0H8v2h12v-2zM4 16h2v2H4v-2zm16 0H8v2h12v-2z\" fill=\"currentColor\"><\/path><\/svg><svg style=\"fill: #999;color:#999\" class=\"arrow-unsorted-368013\" xmlns=\"http:\/\/www.w3.org\/2000\/svg\" width=\"10px\" height=\"10px\" viewBox=\"0 0 24 24\" version=\"1.2\" baseProfile=\"tiny\"><path d=\"M18.2 9.3l-6.2-6.3-6.2 6.3c-.2.2-.3.4-.3.7s.1.5.3.7c.2.2.4.3.7.3h11c.3 0 .5-.1.7-.3.2-.2.3-.5.3-.7s-.1-.5-.3-.7zM5.8 14.7l6.2 6.3 6.2-6.3c.2-.2.3-.5.3-.7s-.1-.5-.3-.7c-.2-.2-.4-.3-.7-.3h-11c-.3 0-.5.1-.7.3-.2.2-.3.5-.3.7s.1.5.3.7z\"\/><\/svg><\/span><\/span><\/span><\/a><\/span><\/div>\n<nav><ul class='ez-toc-list ez-toc-list-level-1 eztoc-toggle-hide-by-default' ><li class='ez-toc-page-1 ez-toc-heading-level-2'><a class=\"ez-toc-link ez-toc-heading-1\" href=\"https:\/\/choangtv2.com\/tin-tuc\/dieu-khoan-su-dung\/#Muc_dich_cua_dieu_khoan_su_dung\" >M\u1ee5c \u0111\u00edch c\u1ee7a \u0111i\u1ec1u kho\u1ea3n s\u1eed d\u1ee5ng<\/a><\/li><li class='ez-toc-page-1 ez-toc-heading-level-2'><a class=\"ez-toc-link ez-toc-heading-2\" href=\"https:\/\/choangtv2.com\/tin-tuc\/dieu-khoan-su-dung\/#Quyen_so_huu_noi_dung\" >Quy\u1ec1n s\u1edf h\u1eefu n\u1ed9i dung<\/a><\/li><li class='ez-toc-page-1 ez-toc-heading-level-2'><a class=\"ez-toc-link ez-toc-heading-3\" href=\"https:\/\/choangtv2.com\/tin-tuc\/dieu-khoan-su-dung\/#Quyen_va_trach_nhiem_cua_nguoi_dung\" >Quy\u1ec1n v\u00e0 tr\u00e1ch nhi\u1ec7m c\u1ee7a ng\u01b0\u1eddi d\u00f9ng<\/a><\/li><li class='ez-toc-page-1 ez-toc-heading-level-2'><a class=\"ez-toc-link ez-toc-heading-4\" href=\"https:\/\/choangtv2.com\/tin-tuc\/dieu-khoan-su-dung\/#Cam_ket_cua_Choang_TV\" >Cam k\u1ebft c\u1ee7a Cho\u00e1ng TV<\/a><\/li><li class='ez-toc-page-1 ez-toc-heading-level-2'><a class=\"ez-toc-link ez-toc-heading-5\" href=\"https:\/\/choangtv2.com\/tin-tuc\/dieu-khoan-su-dung\/#Cap_nhat_dieu_khoan_su_dung\" >C\u1eadp nh\u1eadt \u0111i\u1ec1u kho\u1ea3n s\u1eed d\u1ee5ng<\/a><\/li><li class='ez-toc-page-1 ez-toc-heading-level-2'><a class=\"ez-toc-link ez-toc-heading-6\" href=\"https:\/\/choangtv2.com\/tin-tuc\/dieu-khoan-su-dung\/#Ket_Luan\" >K\u1ebft Lu\u1eadn<\/a><\/li><\/ul><\/nav><\/div>\n<h2><span class=\"ez-toc-section\" id=\"Muc_dich_cua_dieu_khoan_su_dung\"><\/span><span style=\"font-weight: 400;\">M\u1ee5c \u0111\u00edch c\u1ee7a \u0111i\u1ec1u kho\u1ea3n s\u1eed d\u1ee5ng<\/span><span class=\"ez-toc-section-end\"><\/span><\/h2>\n<p><span style=\"font-weight: 400;\">\u0110i\u1ec1u kho\u1ea3n s\u1eed d\u1ee5ng c\u1ee7a Cho\u00e1ng TV \u0111\u01b0\u1ee3c thi\u1ebft l\u1eadp nh\u1eb1m \u0111\u1ea3m b\u1ea3o:<\/span><\/p>\n<ul>\n<li style=\"font-weight: 400;\" aria-level=\"1\"><span style=\"font-weight: 400;\">T\u1ea1o n\u00ean m\u00f4i tr\u01b0\u1eddng c\u00e1 c\u01b0\u1ee3c minh b\u1ea1ch, tr\u00e1nh m\u1ecdi h\u00e0nh vi gian l\u1eadn.<\/span><\/li>\n<li style=\"font-weight: 400;\" aria-level=\"1\"><span style=\"font-weight: 400;\">B\u1ea3o v\u1ec7 quy\u1ec1n l\u1ee3i c\u1ee7a ng\u01b0\u1eddi ch\u01a1i v\u00e0 c\u1ee7a h\u1ec7 th\u1ed1ng.<\/span><\/li>\n<li style=\"font-weight: 400;\" aria-level=\"1\"><span style=\"font-weight: 400;\">\u0110\u1ea3m b\u1ea3o ho\u1ea1t \u0111\u1ed9ng c\u1ee7a n\u1ec1n t\u1ea3ng di\u1ec5n ra \u0111\u00fang ph\u00e1p lu\u1eadt, tu\u00e2n th\u1ee7 c\u00e1c quy \u0111\u1ecbnh v\u1ec1 \u0111\u1ed9 tu\u1ed5i v\u00e0 h\u00e0nh vi ng\u01b0\u1eddi d\u00f9ng.<\/span><\/li>\n<\/ul>\n<p><span style=\"font-weight: 400;\">Ch\u00ednh s\u00e1ch n\u00e0y c\u0169ng gi\u00fap gi\u1ea3i quy\u1ebft nhanh ch\u00f3ng v\u00e0 c\u00f4ng b\u1eb1ng c\u00e1c tranh ch\u1ea5p ph\u00e1t sinh gi\u1eefa ng\u01b0\u1eddi ch\u01a1i v\u00e0 Cho\u00e1ng TV. Nh\u1edd \u0111\u00f3, m\u1ecdi v\u1ea5n \u0111\u1ec1 \u0111\u01b0\u1ee3c x\u1eed l\u00fd minh b\u1ea1ch, h\u1ea1n ch\u1ebf r\u1ee7i ro ph\u00e1p l\u00fd v\u00e0 c\u1ee7ng c\u1ed1 ni\u1ec1m tin c\u1ee7a ng\u01b0\u1eddi d\u00f9ng.<\/span><\/p>\n<p><img loading=\"lazy\" decoding=\"async\" class=\"wp-image-369 aligncenter\" src=\"https:\/\/choangtv1.com\/tin-tuc\/wp-content\/uploads\/2025\/11\/muc-dich-cua-cac-dieu-khoan-su-dung-tai-choang-tv-300x225.jpg\" alt=\"\" width=\"967\" height=\"725\" srcset=\"https:\/\/choangtv2.com\/tin-tuc\/wp-content\/uploads\/2025\/11\/muc-dich-cua-cac-dieu-khoan-su-dung-tai-choang-tv-300x225.jpg 300w, https:\/\/choangtv2.com\/tin-tuc\/wp-content\/uploads\/2025\/11\/muc-dich-cua-cac-dieu-khoan-su-dung-tai-choang-tv-768x576.jpg 768w, https:\/\/choangtv2.com\/tin-tuc\/wp-content\/uploads\/2025\/11\/muc-dich-cua-cac-dieu-khoan-su-dung-tai-choang-tv.jpg 800w\" sizes=\"auto, (max-width: 967px) 100vw, 967px\" \/><\/p>\n<p style=\"text-align: center;\"><span style=\"font-weight: 400;\">M\u1ee5c \u0111\u00edch c\u1ee7a c\u00e1c \u0111i\u1ec1u kho\u1ea3n s\u1eed d\u1ee5ng t\u1ea1i Cho\u00e1ng TV<\/span><\/p>\n<h2><span class=\"ez-toc-section\" id=\"Quyen_so_huu_noi_dung\"><\/span><span style=\"font-weight: 400;\">Quy\u1ec1n s\u1edf h\u1eefu n\u1ed9i dung<\/span><span class=\"ez-toc-section-end\"><\/span><\/h2>\n<p><span style=\"font-weight: 400;\">M\u1ecdi n\u1ed9i dung hi\u1ec3n th\u1ecb tr\u00ean n\u1ec1n t\u1ea3ng Cho\u00e1ng TV bao g\u1ed3m v\u0103n b\u1ea3n, h\u00ecnh \u1ea3nh, video, bi\u1ec3u t\u01b0\u1ee3ng, \u00e2m thanh v\u00e0 d\u1eef li\u1ec7u kh\u00e1c \u0111\u1ec1u thu\u1ed9c quy\u1ec1n s\u1edf h\u1eefu \u0111\u1ed9c quy\u1ec1n c\u1ee7a h\u1ec7 th\u1ed1ng. Ng\u01b0\u1eddi ch\u01a1i kh\u00f4ng \u0111\u01b0\u1ee3c ph\u00e9p sao ch\u00e9p, ph\u00e1t t\u00e1n, ch\u1ec9nh s\u1eeda hay s\u1eed d\u1ee5ng cho m\u1ee5c \u0111\u00edch th\u01b0\u01a1ng m\u1ea1i khi ch\u01b0a c\u00f3 s\u1ef1 \u0111\u1ed3ng \u00fd b\u1eb1ng v\u0103n b\u1ea3n c\u1ee7a Cho\u00e1ng TV.<\/span><\/p>\n<p><span style=\"font-weight: 400;\">H\u1ec7 th\u1ed1ng c\u0169ng nghi\u00eam c\u1ea5m vi\u1ec7c t\u1ea3i l\u00ean ho\u1eb7c chia s\u1ebb nh\u1eefng n\u1ed9i dung vi ph\u1ea1m b\u1ea3n quy\u1ec1n, qu\u1ea5y r\u1ed1i, \u0111e d\u1ecda ho\u1eb7c g\u00e2y \u1ea3nh h\u01b0\u1edfng \u0111\u1ebfn danh ti\u1ebfng c\u1ee7a ng\u01b0\u1eddi kh\u00e1c. M\u1ecdi h\u00e0nh vi vi ph\u1ea1m s\u1ebd b\u1ecb x\u1eed l\u00fd nghi\u00eam, bao g\u1ed3m kh\u00f3a t\u00e0i kho\u1ea3n ho\u1eb7c ch\u1ea5m d\u1ee9t quy\u1ec1n truy c\u1eadp v\u0129nh vi\u1ec5n.<\/span><\/p>\n<h2><span class=\"ez-toc-section\" id=\"Quyen_va_trach_nhiem_cua_nguoi_dung\"><\/span><span style=\"font-weight: 400;\">Quy\u1ec1n v\u00e0 tr\u00e1ch nhi\u1ec7m c\u1ee7a ng\u01b0\u1eddi d\u00f9ng<\/span><span class=\"ez-toc-section-end\"><\/span><\/h2>\n<p><span style=\"font-weight: 400;\">Ng\u01b0\u1eddi d\u00f9ng khi tham gia h\u1ec7 th\u1ed1ng Cho\u00e1ng TV c\u1ea7n tu\u00e2n th\u1ee7 c\u00e1c quy \u0111\u1ecbnh sau:<\/span><\/p>\n<ul>\n<li style=\"font-weight: 400;\" aria-level=\"1\"><span style=\"font-weight: 400;\">\u00a0M\u1ed7i th\u00e0nh vi\u00ean ch\u1ec9 \u0111\u01b0\u1ee3c ph\u00e9p t\u1ea1o duy nh\u1ea5t m\u1ed9t t\u00e0i kho\u1ea3n ch\u00ednh ch\u1ee7. Vi\u1ec7c s\u1eed d\u1ee5ng th\u00f4ng tin gi\u1ea3 m\u1ea1o, tr\u00f9ng l\u1eb7p ho\u1eb7c t\u00e0i kho\u1ea3n ng\u01b0\u1eddi kh\u00e1c \u0111\u1ec1u b\u1ecb c\u1ea5m tuy\u1ec7t \u0111\u1ed1i.<\/span><\/li>\n<li style=\"font-weight: 400;\" aria-level=\"1\"><span style=\"font-weight: 400;\">\u00a0Ng\u01b0\u1eddi ch\u01a1i ph\u1ea3i t\u1ef1 ch\u1ecbu tr\u00e1ch nhi\u1ec7m trong vi\u1ec7c b\u1ea3o v\u1ec7 t\u00ean \u0111\u0103ng nh\u1eadp, m\u1eadt kh\u1ea9u v\u00e0 d\u1eef li\u1ec7u c\u00e1 nh\u00e2n. N\u1ebfu \u0111\u1ec3 l\u1ed9 th\u00f4ng tin cho b\u00ean th\u1ee9 ba, Cho\u00e1ng TV s\u1ebd kh\u00f4ng ch\u1ecbu tr\u00e1ch nhi\u1ec7m v\u1ec1 thi\u1ec7t h\u1ea1i ph\u00e1t sinh.<\/span><\/li>\n<li style=\"font-weight: 400;\" aria-level=\"1\"><span style=\"font-weight: 400;\">Th\u00e0nh vi\u00ean kh\u00f4ng \u0111\u01b0\u1ee3c ph\u00e9p s\u1eed d\u1ee5ng ph\u1ea7n m\u1ec1m can thi\u1ec7p, IP \u1ea3o ho\u1eb7c h\u00e0nh vi gian l\u1eadn l\u00e0m \u1ea3nh h\u01b0\u1edfng \u0111\u1ebfn k\u1ebft qu\u1ea3 tr\u00f2 ch\u01a1i.\u00a0<\/span><\/li>\n<li style=\"font-weight: 400;\" aria-level=\"1\"><span style=\"font-weight: 400;\">M\u1ecdi n\u1ed9i dung ng\u01b0\u1eddi ch\u01a1i \u0111\u0103ng t\u1ea3i l\u00ean trang ph\u1ea3i ph\u00f9 h\u1ee3p v\u1edbi quy \u0111\u1ecbnh ph\u00e1p lu\u1eadt, kh\u00f4ng mang t\u00ednh x\u00fac ph\u1ea1m, khi\u00eau kh\u00edch hay \u0111e d\u1ecda ng\u01b0\u1eddi kh\u00e1c.<\/span><\/li>\n<li style=\"font-weight: 400;\" aria-level=\"1\"><span style=\"font-weight: 400;\">N\u1ebfu ph\u00e1t hi\u1ec7n t\u00ean t\u00e0i kho\u1ea3n ng\u00e2n h\u00e0ng kh\u00f4ng tr\u00f9ng kh\u1edbp ho\u1eb7c c\u00f3 d\u1ea5u hi\u1ec7u gian l\u1eadn, h\u1ec7 th\u1ed1ng c\u00f3 quy\u1ec1n t\u1ea1m d\u1eebng x\u1eed l\u00fd v\u00e0 y\u00eau c\u1ea7u x\u00e1c minh.<\/span><\/li>\n<\/ul>\n<p><img loading=\"lazy\" decoding=\"async\" class=\"wp-image-370 aligncenter\" src=\"https:\/\/choangtv1.com\/tin-tuc\/wp-content\/uploads\/2025\/11\/nguoi-choi-co-trach-nhiem-dam-bao-an-toan-thong-tin-300x225.jpg\" alt=\"\" width=\"923\" height=\"692\" srcset=\"https:\/\/choangtv2.com\/tin-tuc\/wp-content\/uploads\/2025\/11\/nguoi-choi-co-trach-nhiem-dam-bao-an-toan-thong-tin-300x225.jpg 300w, https:\/\/choangtv2.com\/tin-tuc\/wp-content\/uploads\/2025\/11\/nguoi-choi-co-trach-nhiem-dam-bao-an-toan-thong-tin-768x576.jpg 768w, https:\/\/choangtv2.com\/tin-tuc\/wp-content\/uploads\/2025\/11\/nguoi-choi-co-trach-nhiem-dam-bao-an-toan-thong-tin.jpg 800w\" sizes=\"auto, (max-width: 923px) 100vw, 923px\" \/><\/p>\n<p style=\"text-align: center;\"><span style=\"font-weight: 400;\">Ng\u01b0\u1eddi ch\u01a1i c\u00f3 tr\u00e1ch nhi\u1ec7m \u0111\u1ea3m b\u1ea3o an to\u00e0n th\u00f4ng tin <\/span><\/p>\n<p>&nbsp;<\/p>\n<h2><span class=\"ez-toc-section\" id=\"Cam_ket_cua_Choang_TV\"><\/span><span style=\"font-weight: 400;\">Cam k\u1ebft c\u1ee7a Cho\u00e1ng TV<\/span><span class=\"ez-toc-section-end\"><\/span><\/h2>\n<p><span style=\"color: #ed1c24;\"><b>Choang TV<\/b><\/span><span style=\"font-weight: 400;\"> cam k\u1ebft ho\u1ea1t \u0111\u1ed9ng minh b\u1ea1ch, tu\u00e2n th\u1ee7 ph\u00e1p lu\u1eadt v\u00e0 \u0111\u1eb7t quy\u1ec1n l\u1ee3i ng\u01b0\u1eddi ch\u01a1i l\u00ean h\u00e0ng \u0111\u1ea7u. H\u1ec7 th\u1ed1ng \u0111\u1ea3m b\u1ea3o:<\/span><\/p>\n<ul>\n<li style=\"font-weight: 400;\" aria-level=\"1\"><span style=\"font-weight: 400;\">B\u1ea3o m\u1eadt tuy\u1ec7t \u0111\u1ed1i th\u00f4ng tin c\u00e1 nh\u00e2n.<\/span><span style=\"font-weight: 400;\"><br \/>\n<\/span><span style=\"font-weight: 400;\"> M\u1ecdi d\u1eef li\u1ec7u ng\u01b0\u1eddi ch\u01a1i \u0111\u1ec1u \u0111\u01b0\u1ee3c m\u00e3 h\u00f3a v\u00e0 l\u01b0u tr\u1eef an to\u00e0n. Cho\u00e1ng TV kh\u00f4ng chia s\u1ebb th\u00f4ng tin cho b\u00ean th\u1ee9 ba n\u1ebfu kh\u00f4ng c\u00f3 s\u1ef1 \u0111\u1ed3ng \u00fd c\u1ee7a ng\u01b0\u1eddi d\u00f9ng.<\/span><\/li>\n<li style=\"font-weight: 400;\" aria-level=\"1\"><span style=\"font-weight: 400;\">X\u1eed l\u00fd giao d\u1ecbch minh b\u1ea1ch.<\/span><span style=\"font-weight: 400;\"><br \/>\n<\/span><span style=\"font-weight: 400;\"> T\u1ea5t c\u1ea3 c\u00e1c giao d\u1ecbch n\u1ea1p \u2013 r\u00fat \u0111\u1ec1u \u0111\u01b0\u1ee3c x\u00e1c minh v\u00e0 ki\u1ec3m tra k\u1ef9 l\u01b0\u1ee1ng. Nh\u1eefng tr\u01b0\u1eddng h\u1ee3p l\u1ed7i do ng\u00e2n h\u00e0ng ho\u1eb7c b\u00ean trung gian s\u1ebd \u0111\u01b0\u1ee3c h\u1ed7 tr\u1ee3 x\u1eed l\u00fd nhanh nh\u1ea5t c\u00f3 th\u1ec3.<\/span><\/li>\n<li style=\"font-weight: 400;\" aria-level=\"1\"><span style=\"font-weight: 400;\">Gi\u1ea3i quy\u1ebft tranh ch\u1ea5p c\u00f4ng b\u1eb1ng.<\/span><span style=\"font-weight: 400;\"><br \/>\n<\/span><span style=\"font-weight: 400;\"> Khi c\u00f3 khi\u1ebfu n\u1ea1i, h\u1ec7 th\u1ed1ng s\u1ebd ti\u1ebfp nh\u1eadn v\u00e0 x\u1eed l\u00fd th\u00f4ng qua email, t\u1ed5ng \u0111\u00e0i ho\u1eb7c k\u00eanh h\u1ed7 tr\u1ee3 tr\u1ef1c tuy\u1ebfn. M\u1ecdi quy\u1ebft \u0111\u1ecbnh \u0111\u1ec1u d\u1ef1a tr\u00ean d\u1eef li\u1ec7u x\u00e1c th\u1ef1c v\u00e0 tu\u00e2n theo quy \u0111\u1ecbnh ph\u00e1p l\u00fd hi\u1ec7n h\u00e0nh.<\/span><\/li>\n<li style=\"font-weight: 400;\" aria-level=\"1\"><span style=\"font-weight: 400;\">B\u1ea3o v\u1ec7 m\u00f4i tr\u01b0\u1eddng gi\u1ea3i tr\u00ed l\u00e0nh m\u1ea1nh.<\/span><span style=\"font-weight: 400;\"><br \/>\n<\/span><span style=\"font-weight: 400;\"> Cho\u00e1ng TV ch\u1ee7 \u0111\u1ed9ng gi\u00e1m s\u00e1t ho\u1ea1t \u0111\u1ed9ng ng\u01b0\u1eddi ch\u01a1i \u0111\u1ec3 ph\u00e1t hi\u1ec7n v\u00e0 ng\u0103n ch\u1eb7n k\u1ecbp th\u1eddi nh\u1eefng h\u00e0nh vi gian l\u1eadn, spam ho\u1eb7c l\u1ea1m d\u1ee5ng khuy\u1ebfn m\u00e3i.<\/span><\/li>\n<\/ul>\n<h2><span class=\"ez-toc-section\" id=\"Cap_nhat_dieu_khoan_su_dung\"><\/span><span style=\"font-weight: 400;\">C\u1eadp nh\u1eadt \u0111i\u1ec1u kho\u1ea3n s\u1eed d\u1ee5ng<\/span><span class=\"ez-toc-section-end\"><\/span><\/h2>\n<p><span style=\"font-weight: 400;\">\u0110\u1ec3 ph\u00f9 h\u1ee3p v\u1edbi s\u1ef1 thay \u0111\u1ed5i c\u1ee7a m\u00f4i tr\u01b0\u1eddng ph\u00e1p l\u00fd v\u00e0 c\u00f4ng ngh\u1ec7, <\/span><span style=\"color: #ed1c24;\"><b>ChoangTV<\/b><\/span><span style=\"font-weight: 400;\"> c\u00f3 quy\u1ec1n \u0111i\u1ec1u ch\u1ec9nh, b\u1ed5 sung ho\u1eb7c c\u1eadp nh\u1eadt \u0111i\u1ec1u kho\u1ea3n s\u1eed d\u1ee5ng b\u1ea5t k\u1ef3 l\u00fac n\u00e0o m\u00e0 kh\u00f4ng c\u1ea7n th\u00f4ng b\u00e1o tr\u01b0\u1edbc.<\/span><\/p>\n<p><span style=\"font-weight: 400;\">Nh\u1eefng thay \u0111\u1ed5i s\u1ebd \u0111\u01b0\u1ee3c c\u00f4ng b\u1ed1 c\u00f4ng khai tr\u00ean website ch\u00ednh th\u1ee9c. Ng\u01b0\u1eddi ch\u01a1i c\u00f3 tr\u00e1ch nhi\u1ec7m th\u01b0\u1eddng xuy\u00ean theo d\u00f5i v\u00e0 c\u1eadp nh\u1eadt c\u00e1c th\u00f4ng tin m\u1edbi. Vi\u1ec7c ti\u1ebfp t\u1ee5c s\u1eed d\u1ee5ng d\u1ecbch v\u1ee5 sau khi \u0111i\u1ec1u kho\u1ea3n \u0111\u01b0\u1ee3c c\u1eadp nh\u1eadt \u0111\u1ed3ng ngh\u0129a v\u1edbi vi\u1ec7c ng\u01b0\u1eddi ch\u01a1i \u0111\u1ed3ng \u00fd v\u00e0 tu\u00e2n th\u1ee7 m\u1ecdi n\u1ed9i dung m\u1edbi.<\/span><\/p>\n<p><img loading=\"lazy\" decoding=\"async\" class=\"wp-image-368 aligncenter\" src=\"https:\/\/choangtv1.com\/tin-tuc\/wp-content\/uploads\/2025\/11\/chinh-sach-cap-nhat-dieu-khoan-su-dung-tai-choang-tv-300x225.jpg\" alt=\"\" width=\"921\" height=\"691\" srcset=\"https:\/\/choangtv2.com\/tin-tuc\/wp-content\/uploads\/2025\/11\/chinh-sach-cap-nhat-dieu-khoan-su-dung-tai-choang-tv-300x225.jpg 300w, https:\/\/choangtv2.com\/tin-tuc\/wp-content\/uploads\/2025\/11\/chinh-sach-cap-nhat-dieu-khoan-su-dung-tai-choang-tv-768x576.jpg 768w, https:\/\/choangtv2.com\/tin-tuc\/wp-content\/uploads\/2025\/11\/chinh-sach-cap-nhat-dieu-khoan-su-dung-tai-choang-tv.jpg 800w\" sizes=\"auto, (max-width: 921px) 100vw, 921px\" \/><\/p>\n<p style=\"text-align: center;\"><span style=\"font-weight: 400;\">Ch\u00ednh s\u00e1ch c\u1eadp nh\u1eadt \u0111i\u1ec1u kho\u1ea3n s\u1eed d\u1ee5ng t\u1ea1i Cho\u00e1ng TV<\/span><\/p>\n<h2><span class=\"ez-toc-section\" id=\"Ket_Luan\"><\/span><span style=\"font-weight: 400;\">K\u1ebft Lu\u1eadn<\/span><span class=\"ez-toc-section-end\"><\/span><\/h2>\n<p><a href=\"https:\/\/choangtv1.com\/tin-tuc\/dieu-khoan-su-dung\/\" rel=\"nofollow noopener\" target=\"_blank\"><b>\u0110i\u1ec1u kho\u1ea3n s\u1eed d\u1ee5ng<\/b><\/a><span style=\"font-weight: 400;\"> t\u1ea1i Cho\u00e1ng TV kh\u00f4ng ch\u1ec9 l\u00e0 quy \u0111\u1ecbnh ph\u00e1p l\u00fd m\u00e0 c\u00f2n l\u00e0 cam k\u1ebft chung gi\u1eefa nh\u00e0 c\u00e1i v\u00e0 ng\u01b0\u1eddi ch\u01a1i trong vi\u1ec7c x\u00e2y d\u1ef1ng m\u1ed9t c\u1ed9ng \u0111\u1ed3ng gi\u1ea3i tr\u00ed v\u0103n minh. B\u1eb1ng vi\u1ec7c hi\u1ec3u v\u00e0 tu\u00e2n th\u1ee7 c\u00e1c \u0111i\u1ec1u kho\u1ea3n n\u00e0y, ng\u01b0\u1eddi d\u00f9ng s\u1ebd \u0111\u01b0\u1ee3c b\u1ea3o v\u1ec7 t\u1ed1i \u0111a v\u1ec1 quy\u1ec1n l\u1ee3i, tr\u00e1nh r\u1ee7i ro trong giao d\u1ecbch v\u00e0 \u0111\u1ea3m b\u1ea3o m\u1ecdi tr\u1ea3i nghi\u1ec7m di\u1ec5n ra tr\u1ecdn v\u1eb9n nh\u1ea5t.<\/span><\/p>\n","protected":false},"excerpt":{"rendered":"<p>\u0110i\u1ec1u kho\u1ea3n s\u1eed d\u1ee5ng t\u1ea1i Cho\u00e1ng TV \u0111\u01b0\u1ee3c xem l\u00e0 b\u1ed9 quy t\u1eafc quan tr\u1ecdng m\u00e0 m\u1ecdi ng\u01b0\u1eddi ch\u01a1i c\u1ea7n n\u1eafm r\u00f5 tr\u01b0\u1edbc khi tham gia. Vi\u1ec7c \u0111\u1ecdc k\u1ef9 v\u00e0 \u0111\u1ed3ng \u00fd v\u1edbi \u0111i\u1ec1u kho\u1ea3n s\u1eed d\u1ee5ng \u0111\u1ed3ng ngh\u0129a v\u1edbi vi\u1ec7c ng\u01b0\u1eddi ch\u01a1i ch\u1ea5p nh\u1eadn to\u00e0n b\u1ed9 quy t\u1eafc, \u0111i\u1ec1u ki\u1ec7n v\u00e0 ch\u00ednh s\u00e1ch m\u00e0 [&#8230;]\n","protected":false},"author":1,"featured_media":370,"parent":0,"menu_order":0,"comment_status":"closed","ping_status":"closed","template":"","meta":{"footnotes":""},"class_list":["post-367","page","type-page","status-publish","has-post-thumbnail","hentry"],"_links":{"self":[{"href":"https:\/\/choangtv2.com\/tin-tuc\/wp-json\/wp\/v2\/pages\/367","targetHints":{"allow":["GET"]}}],"collection":[{"href":"https:\/\/choangtv2.com\/tin-tuc\/wp-json\/wp\/v2\/pages"}],"about":[{"href":"https:\/\/choangtv2.com\/tin-tuc\/wp-json\/wp\/v2\/types\/page"}],"author":[{"embeddable":true,"href":"https:\/\/choangtv2.com\/tin-tuc\/wp-json\/wp\/v2\/users\/1"}],"replies":[{"embeddable":true,"href":"https:\/\/choangtv2.com\/tin-tuc\/wp-json\/wp\/v2\/comments?post=367"}],"version-history":[{"count":5,"href":"https:\/\/choangtv2.com\/tin-tuc\/wp-json\/wp\/v2\/pages\/367\/revisions"}],"predecessor-version":[{"id":493,"href":"https:\/\/choangtv2.com\/tin-tuc\/wp-json\/wp\/v2\/pages\/367\/revisions\/493"}],"wp:featuredmedia":[{"embeddable":true,"href":"https:\/\/choangtv2.com\/tin-tuc\/wp-json\/wp\/v2\/media\/370"}],"wp:attachment":[{"href":"https:\/\/choangtv2.com\/tin-tuc\/wp-json\/wp\/v2\/media?parent=367"}],"curies":[{"name":"wp","href":"https:\/\/api.w.org\/{rel}","templated":true}]}}