{"id":372,"date":"2025-11-18T05:08:51","date_gmt":"2025-11-18T05:08:51","guid":{"rendered":"https:\/\/choangtv.com\/tin-tuc\/?page_id=372"},"modified":"2026-03-19T22:39:11","modified_gmt":"2026-03-19T15:39:11","slug":"mien-tru-tranh-nhiem","status":"publish","type":"page","link":"https:\/\/choangtv2.com\/tin-tuc\/mien-tru-tranh-nhiem\/","title":{"rendered":"Ch\u00ednh S\u00e1ch Mi\u1ec5n Tr\u1eeb Tr\u00e1ch Nhi\u1ec7m T\u1ea1i Cho\u00e1ng TV"},"content":{"rendered":"<p><a href=\"https:\/\/choangtv1.com\/tin-tuc\/mien-tru-tranh-nhiem\/\" rel=\"nofollow noopener\" target=\"_blank\"><b>Mi\u1ec5n tr\u1eeb tr\u00e1ch nhi\u1ec7m<\/b><\/a><span style=\"font-weight: 400;\"> t\u1ea1i Cho\u00e1ng TV \u0111\u01b0\u1ee3c ban h\u00e0nh nh\u1eb1m x\u00e1c \u0111\u1ecbnh nh\u1eefng tr\u01b0\u1eddng h\u1ee3p m\u00e0 Cho\u00e1ng TV s\u1ebd kh\u00f4ng ch\u1ecbu tr\u00e1ch nhi\u1ec7m ph\u00e1p l\u00fd. \u0110i\u1ec1u quan tr\u1ecdng nh\u1ea5t l\u00e0 m\u1ed7i th\u00e0nh vi\u00ean c\u1ea7n \u0111\u1ecdc k\u1ef9 to\u00e0n b\u1ed9 n\u1ed9i dung tr\u01b0\u1edbc khi tham gia. Vi\u1ec7c s\u1eed d\u1ee5ng d\u1ecbch v\u1ee5 \u0111\u1ed3ng ngh\u0129a v\u1edbi vi\u1ec7c ng\u01b0\u1eddi ch\u01a1i \u0111\u00e3 \u0111\u1ed3ng \u00fd v\u1edbi t\u1ea5t c\u1ea3 c\u00e1c \u0111i\u1ec1u kho\u1ea3n mi\u1ec5n tr\u1eeb \u0111\u01b0\u1ee3c quy \u0111\u1ecbnh trong ch\u00ednh s\u00e1ch.<\/span><\/p>\n<div id=\"ez-toc-container\" class=\"ez-toc-v2_0_77 counter-hierarchy ez-toc-counter ez-toc-black ez-toc-container-direction\">\n<div class=\"ez-toc-title-container\">\n<p class=\"ez-toc-title\" style=\"cursor:inherit\">M\u1ee5c L\u1ee5c<\/p>\n<span class=\"ez-toc-title-toggle\"><a href=\"#\" class=\"ez-toc-pull-right ez-toc-btn ez-toc-btn-xs ez-toc-btn-default ez-toc-toggle\" aria-label=\"Toggle Table of Content\"><span class=\"ez-toc-js-icon-con\"><span class=\"\"><span class=\"eztoc-hide\" style=\"display:none;\">Toggle<\/span><span class=\"ez-toc-icon-toggle-span\"><svg style=\"fill: #999;color:#999\" xmlns=\"http:\/\/www.w3.org\/2000\/svg\" class=\"list-377408\" width=\"20px\" height=\"20px\" viewBox=\"0 0 24 24\" fill=\"none\"><path d=\"M6 6H4v2h2V6zm14 0H8v2h12V6zM4 11h2v2H4v-2zm16 0H8v2h12v-2zM4 16h2v2H4v-2zm16 0H8v2h12v-2z\" fill=\"currentColor\"><\/path><\/svg><svg style=\"fill: #999;color:#999\" class=\"arrow-unsorted-368013\" xmlns=\"http:\/\/www.w3.org\/2000\/svg\" width=\"10px\" height=\"10px\" viewBox=\"0 0 24 24\" version=\"1.2\" baseProfile=\"tiny\"><path d=\"M18.2 9.3l-6.2-6.3-6.2 6.3c-.2.2-.3.4-.3.7s.1.5.3.7c.2.2.4.3.7.3h11c.3 0 .5-.1.7-.3.2-.2.3-.5.3-.7s-.1-.5-.3-.7zM5.8 14.7l6.2 6.3 6.2-6.3c.2-.2.3-.5.3-.7s-.1-.5-.3-.7c-.2-.2-.4-.3-.7-.3h-11c-.3 0-.5.1-.7.3-.2.2-.3.5-.3.7s.1.5.3.7z\"\/><\/svg><\/span><\/span><\/span><\/a><\/span><\/div>\n<nav><ul class='ez-toc-list ez-toc-list-level-1 eztoc-toggle-hide-by-default' ><li class='ez-toc-page-1 ez-toc-heading-level-2'><a class=\"ez-toc-link ez-toc-heading-1\" href=\"https:\/\/choangtv2.com\/tin-tuc\/mien-tru-tranh-nhiem\/#Mien_tru_trach_nhiem_la_gi_va_tai_sao_can_co_chinh_sach_nay_tai_Choang_TV\" >Mi\u1ec5n tr\u1eeb tr\u00e1ch nhi\u1ec7m l\u00e0 g\u00ec v\u00e0 t\u1ea1i sao c\u1ea7n c\u00f3 ch\u00ednh s\u00e1ch n\u00e0y t\u1ea1i Cho\u00e1ng TV?<\/a><ul class='ez-toc-list-level-3' ><li class='ez-toc-heading-level-3'><a class=\"ez-toc-link ez-toc-heading-2\" href=\"https:\/\/choangtv2.com\/tin-tuc\/mien-tru-tranh-nhiem\/#Khong_chiu_trach_nhiem_ve_tinh_phap_ly_cua_noi_dung\" >Kh\u00f4ng ch\u1ecbu tr\u00e1ch nhi\u1ec7m v\u1ec1 t\u00ednh ph\u00e1p l\u00fd c\u1ee7a n\u1ed9i dung<\/a><\/li><li class='ez-toc-page-1 ez-toc-heading-level-3'><a class=\"ez-toc-link ez-toc-heading-3\" href=\"https:\/\/choangtv2.com\/tin-tuc\/mien-tru-tranh-nhiem\/#Khong_cam_ket_tinh_on_dinh_100\" >Kh\u00f4ng cam k\u1ebft t\u00ednh \u1ed5n \u0111\u1ecbnh 100%<\/a><\/li><li class='ez-toc-page-1 ez-toc-heading-level-3'><a class=\"ez-toc-link ez-toc-heading-4\" href=\"https:\/\/choangtv2.com\/tin-tuc\/mien-tru-tranh-nhiem\/#Khong_bao_dam_do_chinh_xac_tuyet_doi_cua_thong_tin\" >Kh\u00f4ng b\u1ea3o \u0111\u1ea3m \u0111\u1ed9 ch\u00ednh x\u00e1c tuy\u1ec7t \u0111\u1ed1i c\u1ee7a th\u00f4ng tin<\/a><\/li><li class='ez-toc-page-1 ez-toc-heading-level-3'><a class=\"ez-toc-link ez-toc-heading-5\" href=\"https:\/\/choangtv2.com\/tin-tuc\/mien-tru-tranh-nhiem\/#Khong_chiu_trach_nhiem_ve_hanh_vi_ca_nhan_nguoi_dung\" >Kh\u00f4ng ch\u1ecbu tr\u00e1ch nhi\u1ec7m v\u1ec1 h\u00e0nh vi c\u00e1 nh\u00e2n ng\u01b0\u1eddi d\u00f9ng<\/a><\/li><li class='ez-toc-page-1 ez-toc-heading-level-3'><a class=\"ez-toc-link ez-toc-heading-6\" href=\"https:\/\/choangtv2.com\/tin-tuc\/mien-tru-tranh-nhiem\/#Khong_chiu_trach_nhiem_ve_vi_pham_phap_luat_cua_cac_nuoc_khac\" >Kh\u00f4ng ch\u1ecbu tr\u00e1ch nhi\u1ec7m v\u1ec1 vi ph\u1ea1m ph\u00e1p lu\u1eadt c\u1ee7a c\u00e1c n\u01b0\u1edbc kh\u00e1c<\/a><\/li><\/ul><\/li><li class='ez-toc-page-1 ez-toc-heading-level-2'><a class=\"ez-toc-link ez-toc-heading-7\" href=\"https:\/\/choangtv2.com\/tin-tuc\/mien-tru-tranh-nhiem\/#Ket_luan\" >K\u1ebft lu\u1eadn<\/a><\/li><\/ul><\/nav><\/div>\n<h2><span class=\"ez-toc-section\" id=\"Mien_tru_trach_nhiem_la_gi_va_tai_sao_can_co_chinh_sach_nay_tai_Choang_TV\"><\/span>Mi\u1ec5n tr\u1eeb tr\u00e1ch nhi\u1ec7m l\u00e0 g\u00ec v\u00e0 t\u1ea1i sao c\u1ea7n c\u00f3 ch\u00ednh s\u00e1ch n\u00e0y t\u1ea1i Cho\u00e1ng TV?<span class=\"ez-toc-section-end\"><\/span><\/h2>\n<p>Ch\u00ednh s\u00e1ch mi\u1ec5n tr\u1eeb tr\u00e1ch nhi\u1ec7m c\u1ee7a <span style=\"font-weight: 400;\">Cho\u00e1ng TV<\/span> \u0111\u00f3ng vai tr\u00f2 quan tr\u1ecdng trong vi\u1ec7c l\u00e0m r\u00f5 ph\u1ea1m vi tr\u00e1ch nhi\u1ec7m c\u1ee7a ch\u00fang t\u00f4i \u0111\u1ed1i v\u1edbi n\u1ed9i dung cung c\u1ea5p tr\u00ean n\u1ec1n t\u1ea3ng. Ng\u01b0\u1eddi d\u00f9ng khi truy c\u1eadp <span style=\"font-weight: 400;\">Cho\u00e1ng TV<\/span> c\u1ea7n hi\u1ec3u r\u00f5 c\u00e1c \u0111i\u1ec1u kho\u1ea3n \u0111\u1ec3 s\u1eed d\u1ee5ng d\u1ecbch v\u1ee5 m\u1ed9t c\u00e1ch an to\u00e0n v\u00e0 minh b\u1ea1ch.<\/p>\n<h3><span class=\"ez-toc-section\" id=\"Khong_chiu_trach_nhiem_ve_tinh_phap_ly_cua_noi_dung\"><\/span><span style=\"font-weight: 400;\">Kh\u00f4ng ch\u1ecbu tr\u00e1ch nhi\u1ec7m v\u1ec1 t\u00ednh ph\u00e1p l\u00fd c\u1ee7a n\u1ed9i dung<\/span><span class=\"ez-toc-section-end\"><\/span><\/h3>\n<p><span style=\"font-weight: 400;\">Ng\u01b0\u1eddi d\u00f9ng c\u1ea7n t\u1ef1 x\u00e1c minh r\u1eb1ng vi\u1ec7c tham gia v\u00e0o n\u1ec1n t\u1ea3ng Cho\u00e1ng TV kh\u00f4ng vi ph\u1ea1m lu\u1eadt ph\u00e1p \u0111\u1ecba ph\u01b0\u01a1ng. N\u1ebfu ng\u01b0\u1eddi ch\u01a1i c\u1ed1 t\u00ecnh truy c\u1eadp ho\u1eb7c th\u1ef1c hi\u1ec7n ho\u1ea1t \u0111\u1ed9ng c\u00e1 c\u01b0\u1ee3c t\u1ea1i c\u00e1c khu v\u1ef1c b\u1ecb h\u1ea1n ch\u1ebf, m\u1ecdi h\u1eadu qu\u1ea3 ph\u00e1p l\u00fd ph\u00e1t sinh s\u1ebd do ng\u01b0\u1eddi ch\u01a1i t\u1ef1 ch\u1ecbu tr\u00e1ch nhi\u1ec7m.<\/span><\/p>\n<p><span style=\"font-weight: 400;\">Ngo\u00e0i ra, Cho\u00e1ng TV kh\u00f4ng \u0111\u1ea3m b\u1ea3o r\u1eb1ng to\u00e0n b\u1ed9 n\u1ed9i dung, tr\u00f2 ch\u01a1i ho\u1eb7c s\u1ea3n ph\u1ea9m hi\u1ec3n th\u1ecb tr\u00ean website \u0111\u1ec1u ph\u00f9 h\u1ee3p v\u1edbi quy \u0111\u1ecbnh c\u1ee7a t\u1eebng qu\u1ed1c gia. H\u1ec7 th\u1ed1ng ch\u1ec9 cung c\u1ea5p d\u1ecbch v\u1ee5 trong ph\u1ea1m vi \u0111\u01b0\u1ee3c ph\u00e1p lu\u1eadt cho ph\u00e9p, v\u00e0 ng\u01b0\u1eddi d\u00f9ng c\u1ea7n t\u1ef1 c\u00e2n nh\u1eafc khi tham gia.<\/span><\/p>\n<p><img loading=\"lazy\" decoding=\"async\" class=\"wp-image-374 aligncenter\" src=\"https:\/\/choangtv1.com\/tin-tuc\/wp-content\/uploads\/2025\/11\/mien-trach-nhiem-ve-tinh-phap-ly-cua-noi-dung-300x225.jpg\" alt=\"\" width=\"915\" height=\"686\" srcset=\"https:\/\/choangtv2.com\/tin-tuc\/wp-content\/uploads\/2025\/11\/mien-trach-nhiem-ve-tinh-phap-ly-cua-noi-dung-300x225.jpg 300w, https:\/\/choangtv2.com\/tin-tuc\/wp-content\/uploads\/2025\/11\/mien-trach-nhiem-ve-tinh-phap-ly-cua-noi-dung-768x576.jpg 768w, https:\/\/choangtv2.com\/tin-tuc\/wp-content\/uploads\/2025\/11\/mien-trach-nhiem-ve-tinh-phap-ly-cua-noi-dung.jpg 800w\" sizes=\"auto, (max-width: 915px) 100vw, 915px\" \/><\/p>\n<p style=\"text-align: center;\"><span style=\"font-weight: 400;\">Mi\u1ec5n tr\u00e1ch nhi\u1ec7m v\u1ec1 t\u00ednh ph\u00e1p l\u00fd c\u1ee7a n\u1ed9i dung\u00a0<\/span><\/p>\n<h3><span class=\"ez-toc-section\" id=\"Khong_cam_ket_tinh_on_dinh_100\"><\/span><span style=\"font-weight: 400;\">Kh\u00f4ng cam k\u1ebft t\u00ednh \u1ed5n \u0111\u1ecbnh 100%<\/span><span class=\"ez-toc-section-end\"><\/span><\/h3>\n<p><span style=\"font-weight: 400;\">M\u1eb7c d\u00f9 <\/span><span style=\"color: #ed1c24;\"><b>Choang TV<\/b><\/span><span style=\"font-weight: 400;\"> \u0111\u1ea7u t\u01b0 m\u1ea1nh m\u1ebd v\u00e0o h\u1ea1 t\u1ea7ng k\u1ef9 thu\u1eadt v\u00e0 m\u00e1y ch\u1ee7 hi\u1ec7n \u0111\u1ea1i, nh\u01b0ng kh\u00f4ng m\u1ed9t h\u1ec7 th\u1ed1ng n\u00e0o c\u00f3 th\u1ec3 \u0111\u1ea3m b\u1ea3o ho\u1ea1t \u0111\u1ed9ng \u1ed5n \u0111\u1ecbnh tuy\u1ec7t \u0111\u1ed1i trong m\u1ecdi th\u1eddi \u0111i\u1ec3m. C\u00e1c y\u1ebfu t\u1ed1 nh\u01b0 s\u1ef1 c\u1ed1 m\u1ea1ng, b\u1ea3o tr\u00ec h\u1ec7 th\u1ed1ng, m\u1ea5t k\u1ebft n\u1ed1i ho\u1eb7c l\u1ed7i k\u1ef9 thu\u1eadt n\u1eb1m ngo\u00e0i t\u1ea7m ki\u1ec3m so\u00e1t c\u00f3 th\u1ec3 x\u1ea3y ra b\u1ea5t k\u1ef3 l\u00fac n\u00e0o.<\/span><\/p>\n<p><span style=\"font-weight: 400;\">Trong nh\u1eefng tr\u01b0\u1eddng h\u1ee3p n\u00e0y, Cho\u00e1ng TV s\u1ebd c\u1ed1 g\u1eafng kh\u1eafc ph\u1ee5c nhanh ch\u00f3ng \u0111\u1ec3 \u0111\u1ea3m b\u1ea3o tr\u1ea3i nghi\u1ec7m t\u1ed1t nh\u1ea5t cho ng\u01b0\u1eddi ch\u01a1i. Tuy nhi\u00ean, h\u1ec7 th\u1ed1ng kh\u00f4ng ch\u1ecbu tr\u00e1ch nhi\u1ec7m v\u1ec1 c\u00e1c thi\u1ec7t h\u1ea1i ph\u00e1t sinh nh\u01b0: gi\u00e1n \u0111o\u1ea1n phi\u00ean c\u01b0\u1ee3c, m\u1ea5t k\u1ebft n\u1ed1i gi\u1eefa ch\u1eebng, ho\u1eb7c l\u1ed7i hi\u1ec3n th\u1ecb d\u1eef li\u1ec7u t\u1ea1m th\u1eddi.<\/span><\/p>\n<h3><span class=\"ez-toc-section\" id=\"Khong_bao_dam_do_chinh_xac_tuyet_doi_cua_thong_tin\"><\/span><span style=\"font-weight: 400;\">Kh\u00f4ng b\u1ea3o \u0111\u1ea3m \u0111\u1ed9 ch\u00ednh x\u00e1c tuy\u1ec7t \u0111\u1ed1i c\u1ee7a th\u00f4ng tin<\/span><span class=\"ez-toc-section-end\"><\/span><\/h3>\n<p><span style=\"font-weight: 400;\">T\u1ea5t c\u1ea3 n\u1ed9i dung, b\u00e0i vi\u1ebft, h\u00ecnh \u1ea3nh, t\u1ef7 l\u1ec7 c\u01b0\u1ee3c ho\u1eb7c th\u00f4ng tin khuy\u1ebfn m\u00e3i tr\u00ean trang Cho\u00e1ng TV \u0111\u01b0\u1ee3c c\u1eadp nh\u1eadt li\u00ean t\u1ee5c nh\u1eb1m mang \u0111\u1ebfn tr\u1ea3i nghi\u1ec7m t\u1ed1t nh\u1ea5t cho ng\u01b0\u1eddi d\u00f9ng. Tuy nhi\u00ean, h\u1ec7 th\u1ed1ng kh\u00f4ng cam k\u1ebft r\u1eb1ng m\u1ecdi th\u00f4ng tin \u0111\u1ec1u ho\u00e0n to\u00e0n ch\u00ednh x\u00e1c ho\u1eb7c kh\u00f4ng c\u00f3 sai s\u00f3t.<\/span><\/p>\n<p><span style=\"font-weight: 400;\">M\u1ed9t s\u1ed1 th\u00f4ng tin c\u00f3 th\u1ec3 thay \u0111\u1ed5i theo th\u1eddi gian, bao g\u1ed3m quy t\u1eafc tr\u00f2 ch\u01a1i, t\u1ef7 l\u1ec7 tr\u1ea3 th\u01b0\u1edfng, \u0111i\u1ec1u ki\u1ec7n khuy\u1ebfn m\u00e3i ho\u1eb7c quy tr\u00ecnh giao d\u1ecbch. Trong tr\u01b0\u1eddng h\u1ee3p c\u00f3 s\u1ef1 kh\u00e1c bi\u1ec7t gi\u1eefa th\u00f4ng tin tr\u00ean website v\u00e0 th\u00f4ng b\u00e1o ch\u00ednh th\u1ee9c t\u1eeb h\u1ec7 th\u1ed1ng, n\u1ed9i dung do Cho\u00e1ng TV c\u00f4ng b\u1ed1 m\u1edbi nh\u1ea5t s\u1ebd \u0111\u01b0\u1ee3c coi l\u00e0 chu\u1ea9n x\u00e1c.<\/span><\/p>\n<p><img loading=\"lazy\" decoding=\"async\" class=\"wp-image-373 aligncenter\" src=\"https:\/\/choangtv1.com\/tin-tuc\/wp-content\/uploads\/2025\/11\/can-chu-y-den-do-chinh-xac-tuyet-doi-cua-thong-tin-300x225.jpg\" alt=\"\" width=\"1068\" height=\"801\" srcset=\"https:\/\/choangtv2.com\/tin-tuc\/wp-content\/uploads\/2025\/11\/can-chu-y-den-do-chinh-xac-tuyet-doi-cua-thong-tin-300x225.jpg 300w, https:\/\/choangtv2.com\/tin-tuc\/wp-content\/uploads\/2025\/11\/can-chu-y-den-do-chinh-xac-tuyet-doi-cua-thong-tin-768x576.jpg 768w, https:\/\/choangtv2.com\/tin-tuc\/wp-content\/uploads\/2025\/11\/can-chu-y-den-do-chinh-xac-tuyet-doi-cua-thong-tin.jpg 800w\" sizes=\"auto, (max-width: 1068px) 100vw, 1068px\" \/><\/p>\n<p style=\"text-align: center;\"><span style=\"font-weight: 400;\">C\u1ea7n ch\u00fa \u00fd \u0111\u1ebfn \u0111\u1ed9 ch\u00ednh x\u00e1c tuy\u1ec7t \u0111\u1ed1i c\u1ee7a th\u00f4ng tin\u00a0<\/span><\/p>\n<h3><span class=\"ez-toc-section\" id=\"Khong_chiu_trach_nhiem_ve_hanh_vi_ca_nhan_nguoi_dung\"><\/span><span style=\"font-weight: 400;\">Kh\u00f4ng ch\u1ecbu tr\u00e1ch nhi\u1ec7m v\u1ec1 h\u00e0nh vi c\u00e1 nh\u00e2n ng\u01b0\u1eddi d\u00f9ng<\/span><span class=\"ez-toc-section-end\"><\/span><\/h3>\n<p><span style=\"font-weight: 400;\">M\u1ed7i ng\u01b0\u1eddi ch\u01a1i khi tham gia Cho\u00e1ng TV ph\u1ea3i t\u1ef1 ch\u1ecbu tr\u00e1ch nhi\u1ec7m cho m\u1ecdi h\u00e0nh vi c\u1ee7a m\u00ecnh tr\u00ean n\u1ec1n t\u1ea3ng, bao g\u1ed3m c\u1ea3 vi\u1ec7c b\u1ea3o v\u1ec7 th\u00f4ng tin t\u00e0i kho\u1ea3n, d\u1eef li\u1ec7u c\u00e1 nh\u00e2n v\u00e0 l\u1ecbch s\u1eed giao d\u1ecbch.<\/span><\/p>\n<p><span style=\"font-weight: 400;\">Cho\u00e1ng TV t\u1eeb ch\u1ed1i ho\u00e0n to\u00e0n tr\u00e1ch nhi\u1ec7m trong c\u00e1c tr\u01b0\u1eddng h\u1ee3p sau:<\/span><\/p>\n<ul>\n<li style=\"font-weight: 400;\" aria-level=\"1\"><span style=\"font-weight: 400;\">Ng\u01b0\u1eddi ch\u01a1i t\u1ef1 \u00fd cung c\u1ea5p th\u00f4ng tin t\u00e0i kho\u1ea3n, m\u1eadt kh\u1ea9u ho\u1eb7c m\u00e3 OTP cho b\u00ean th\u1ee9 ba d\u1eabn \u0111\u1ebfn m\u1ea5t quy\u1ec1n truy c\u1eadp.<\/span><\/li>\n<li style=\"font-weight: 400;\" aria-level=\"1\"><span style=\"font-weight: 400;\">Th\u00e0nh vi\u00ean cho ng\u01b0\u1eddi kh\u00e1c s\u1eed d\u1ee5ng t\u00e0i kho\u1ea3n \u0111\u1ec3 c\u00e1 c\u01b0\u1ee3c ho\u1eb7c r\u00fat ti\u1ec1n.<\/span><\/li>\n<li style=\"font-weight: 400;\" aria-level=\"1\"><span style=\"font-weight: 400;\">Ng\u01b0\u1eddi d\u00f9ng th\u1ef1c hi\u1ec7n h\u00e0nh vi gian l\u1eadn, s\u1eed d\u1ee5ng ph\u1ea7n m\u1ec1m can thi\u1ec7p k\u1ebft qu\u1ea3 ho\u1eb7c truy c\u1eadp tr\u00e1i ph\u00e9p v\u00e0o h\u1ec7 th\u1ed1ng.<\/span><\/li>\n<li style=\"font-weight: 400;\" aria-level=\"1\"><span style=\"font-weight: 400;\">Ngo\u00e0i ra, Cho\u00e1ng TV kh\u00f4ng ch\u1ecbu tr\u00e1ch nhi\u1ec7m \u0111\u1ed1i v\u1edbi c\u00e1c thi\u1ec7t h\u1ea1i do thi\u1ebft b\u1ecb ng\u01b0\u1eddi d\u00f9ng b\u1ecb nhi\u1ec5m virus, ph\u1ea7n m\u1ec1m \u0111\u1ed9c h\u1ea1i ho\u1eb7c l\u1ed7i b\u1ea3o m\u1eadt c\u00e1 nh\u00e2n g\u00e2y ra.<\/span><\/li>\n<\/ul>\n<p>&nbsp;<\/p>\n<h3><span class=\"ez-toc-section\" id=\"Khong_chiu_trach_nhiem_ve_vi_pham_phap_luat_cua_cac_nuoc_khac\"><\/span><span style=\"font-weight: 400;\">Kh\u00f4ng ch\u1ecbu tr\u00e1ch nhi\u1ec7m v\u1ec1 vi ph\u1ea1m ph\u00e1p lu\u1eadt c\u1ee7a c\u00e1c n\u01b0\u1edbc kh\u00e1c<\/span><span class=\"ez-toc-section-end\"><\/span><\/h3>\n<p><span style=\"font-weight: 400;\">M\u1ed7i qu\u1ed1c gia c\u00f3 quy \u0111\u1ecbnh ri\u00eang v\u1ec1 vi\u1ec7c tham gia tr\u00f2 ch\u01a1i tr\u1ef1c tuy\u1ebfn. Ch\u00ednh v\u00ec v\u1eady, <\/span><span style=\"color: #ed1c24;\"><b>ChoangTV<\/b><\/span><span style=\"font-weight: 400;\"> kh\u00f4ng ch\u1ecbu tr\u00e1ch nhi\u1ec7m \u0111\u1ed1i v\u1edbi m\u1ecdi h\u00e0nh vi vi ph\u1ea1m ph\u00e1p lu\u1eadt c\u1ee7a ng\u01b0\u1eddi ch\u01a1i khi truy c\u1eadp t\u1eeb nh\u1eefng khu v\u1ef1c kh\u00f4ng cho ph\u00e9p.<\/span><\/p>\n<p><span style=\"font-weight: 400;\">Ng\u01b0\u1eddi d\u00f9ng c\u1ea7n \u0111\u1ea3m b\u1ea3o r\u1eb1ng vi\u1ec7c \u0111\u0103ng k\u00fd v\u00e0 s\u1eed d\u1ee5ng t\u00e0i kho\u1ea3n Cho\u00e1ng TV ho\u00e0n to\u00e0n h\u1ee3p ph\u00e1p t\u1ea1i n\u01a1i c\u01b0 tr\u00fa c\u1ee7a m\u00ecnh. H\u1ec7 th\u1ed1ng kh\u00f4ng th\u1ec3 ki\u1ec3m so\u00e1t \u0111\u01b0\u1ee3c ph\u1ea1m vi l\u00e3nh th\u1ed5 m\u00e0 ng\u01b0\u1eddi ch\u01a1i truy c\u1eadp, do \u0111\u00f3 n\u1ebfu vi ph\u1ea1m ph\u00e1p lu\u1eadt s\u1edf t\u1ea1i, m\u1ecdi r\u1ee7i ro v\u00e0 tr\u00e1ch nhi\u1ec7m s\u1ebd thu\u1ed9c v\u1ec1 c\u00e1 nh\u00e2n ng\u01b0\u1eddi ch\u01a1i.<\/span><\/p>\n<p><img loading=\"lazy\" decoding=\"async\" class=\"wp-image-375 aligncenter\" src=\"https:\/\/choangtv1.com\/tin-tuc\/wp-content\/uploads\/2025\/11\/mien-trach-nhiem-ve-vi-pham-phap-luat-cua-cac-quoc-gia-khac-300x225.jpg\" alt=\"\" width=\"992\" height=\"744\" srcset=\"https:\/\/choangtv2.com\/tin-tuc\/wp-content\/uploads\/2025\/11\/mien-trach-nhiem-ve-vi-pham-phap-luat-cua-cac-quoc-gia-khac-300x225.jpg 300w, https:\/\/choangtv2.com\/tin-tuc\/wp-content\/uploads\/2025\/11\/mien-trach-nhiem-ve-vi-pham-phap-luat-cua-cac-quoc-gia-khac-768x576.jpg 768w, https:\/\/choangtv2.com\/tin-tuc\/wp-content\/uploads\/2025\/11\/mien-trach-nhiem-ve-vi-pham-phap-luat-cua-cac-quoc-gia-khac.jpg 800w\" sizes=\"auto, (max-width: 992px) 100vw, 992px\" \/><\/p>\n<p style=\"text-align: center;\"><span style=\"font-weight: 400;\">Mi\u1ec5n tr\u00e1ch nhi\u1ec7m v\u1ec1 vi ph\u1ea1m ph\u00e1p lu\u1eadt c\u1ee7a c\u00e1c qu\u1ed1c gia kh\u00e1c\u00a0<\/span><\/p>\n<h2><span class=\"ez-toc-section\" id=\"Ket_luan\"><\/span><span style=\"font-weight: 400;\">K\u1ebft lu\u1eadn<\/span><span class=\"ez-toc-section-end\"><\/span><\/h2>\n<p><span style=\"font-weight: 400;\">Ch\u00ednh s\u00e1ch mi\u1ec5n tr\u1eeb tr\u00e1ch nhi\u1ec7m t\u1ea1i <\/span><a href=\"https:\/\/choangtv1.com\/\" rel=\"nofollow noopener\" target=\"_blank\"><b>Cho\u00e1ng TV<\/b><\/a><span style=\"font-weight: 400;\"> \u0111\u01b0\u1ee3c x\u00e2y d\u1ef1ng nh\u1eb1m minh b\u1ea1ch h\u00f3a ph\u1ea1m vi tr\u00e1ch nhi\u1ec7m gi\u1eefa nh\u00e0 cung c\u1ea5p d\u1ecbch v\u1ee5 v\u00e0 ng\u01b0\u1eddi d\u00f9ng.\u00a0 Ng\u01b0\u1eddi ch\u01a1i n\u00ean \u0111\u1ecdc k\u1ef9 to\u00e0n b\u1ed9 n\u1ed9i dung mi\u1ec5n tr\u1eeb tr\u01b0\u1edbc khi \u0111\u0103ng k\u00fd ho\u1eb7c th\u1ef1c hi\u1ec7n b\u1ea5t k\u1ef3 giao d\u1ecbch n\u00e0o. Vi\u1ec7c tu\u00e2n th\u1ee7 quy \u0111\u1ecbnh kh\u00f4ng ch\u1ec9 gi\u00fap \u0111\u1ea3m b\u1ea3o an to\u00e0n cho t\u00e0i kho\u1ea3n c\u00e1 nh\u00e2n m\u00e0 c\u00f2n duy tr\u00ec m\u1ed9t m\u00f4i tr\u01b0\u1eddng gi\u1ea3i tr\u00ed l\u00e0nh m\u1ea1nh, c\u00f4ng b\u1eb1ng v\u00e0 b\u1ec1n v\u1eefng.<\/span><\/p>\n","protected":false},"excerpt":{"rendered":"<p>Mi\u1ec5n tr\u1eeb tr\u00e1ch nhi\u1ec7m t\u1ea1i Cho\u00e1ng TV \u0111\u01b0\u1ee3c ban h\u00e0nh nh\u1eb1m x\u00e1c \u0111\u1ecbnh nh\u1eefng tr\u01b0\u1eddng h\u1ee3p m\u00e0 Cho\u00e1ng TV s\u1ebd kh\u00f4ng ch\u1ecbu tr\u00e1ch nhi\u1ec7m ph\u00e1p l\u00fd. \u0110i\u1ec1u quan tr\u1ecdng nh\u1ea5t l\u00e0 m\u1ed7i th\u00e0nh vi\u00ean c\u1ea7n \u0111\u1ecdc k\u1ef9 to\u00e0n b\u1ed9 n\u1ed9i dung tr\u01b0\u1edbc khi tham gia. Vi\u1ec7c s\u1eed d\u1ee5ng d\u1ecbch v\u1ee5 \u0111\u1ed3ng ngh\u0129a v\u1edbi vi\u1ec7c ng\u01b0\u1eddi [&#8230;]\n","protected":false},"author":1,"featured_media":375,"parent":0,"menu_order":0,"comment_status":"closed","ping_status":"closed","template":"","meta":{"footnotes":""},"class_list":["post-372","page","type-page","status-publish","has-post-thumbnail","hentry"],"_links":{"self":[{"href":"https:\/\/choangtv2.com\/tin-tuc\/wp-json\/wp\/v2\/pages\/372","targetHints":{"allow":["GET"]}}],"collection":[{"href":"https:\/\/choangtv2.com\/tin-tuc\/wp-json\/wp\/v2\/pages"}],"about":[{"href":"https:\/\/choangtv2.com\/tin-tuc\/wp-json\/wp\/v2\/types\/page"}],"author":[{"embeddable":true,"href":"https:\/\/choangtv2.com\/tin-tuc\/wp-json\/wp\/v2\/users\/1"}],"replies":[{"embeddable":true,"href":"https:\/\/choangtv2.com\/tin-tuc\/wp-json\/wp\/v2\/comments?post=372"}],"version-history":[{"count":6,"href":"https:\/\/choangtv2.com\/tin-tuc\/wp-json\/wp\/v2\/pages\/372\/revisions"}],"predecessor-version":[{"id":497,"href":"https:\/\/choangtv2.com\/tin-tuc\/wp-json\/wp\/v2\/pages\/372\/revisions\/497"}],"wp:featuredmedia":[{"embeddable":true,"href":"https:\/\/choangtv2.com\/tin-tuc\/wp-json\/wp\/v2\/media\/375"}],"wp:attachment":[{"href":"https:\/\/choangtv2.com\/tin-tuc\/wp-json\/wp\/v2\/media?parent=372"}],"curies":[{"name":"wp","href":"https:\/\/api.w.org\/{rel}","templated":true}]}}