{"id":377,"date":"2025-11-18T05:11:24","date_gmt":"2025-11-18T05:11:24","guid":{"rendered":"https:\/\/choangtv.com\/tin-tuc\/?page_id=377"},"modified":"2026-03-19T22:36:00","modified_gmt":"2026-03-19T15:36:00","slug":"chinh-sach-ban-quyen","status":"publish","type":"page","link":"https:\/\/choangtv2.com\/tin-tuc\/chinh-sach-ban-quyen\/","title":{"rendered":"B\u1ea2N QUY\u1ec0N"},"content":{"rendered":"<div id=\"ez-toc-container\" class=\"ez-toc-v2_0_77 counter-hierarchy ez-toc-counter ez-toc-black ez-toc-container-direction\">\n<div class=\"ez-toc-title-container\">\n<p class=\"ez-toc-title\" style=\"cursor:inherit\">M\u1ee5c L\u1ee5c<\/p>\n<span class=\"ez-toc-title-toggle\"><a href=\"#\" class=\"ez-toc-pull-right ez-toc-btn ez-toc-btn-xs ez-toc-btn-default ez-toc-toggle\" aria-label=\"Toggle Table of Content\"><span class=\"ez-toc-js-icon-con\"><span class=\"\"><span class=\"eztoc-hide\" style=\"display:none;\">Toggle<\/span><span class=\"ez-toc-icon-toggle-span\"><svg style=\"fill: #999;color:#999\" xmlns=\"http:\/\/www.w3.org\/2000\/svg\" class=\"list-377408\" width=\"20px\" height=\"20px\" viewBox=\"0 0 24 24\" fill=\"none\"><path d=\"M6 6H4v2h2V6zm14 0H8v2h12V6zM4 11h2v2H4v-2zm16 0H8v2h12v-2zM4 16h2v2H4v-2zm16 0H8v2h12v-2z\" fill=\"currentColor\"><\/path><\/svg><svg style=\"fill: #999;color:#999\" class=\"arrow-unsorted-368013\" xmlns=\"http:\/\/www.w3.org\/2000\/svg\" width=\"10px\" height=\"10px\" viewBox=\"0 0 24 24\" version=\"1.2\" baseProfile=\"tiny\"><path d=\"M18.2 9.3l-6.2-6.3-6.2 6.3c-.2.2-.3.4-.3.7s.1.5.3.7c.2.2.4.3.7.3h11c.3 0 .5-.1.7-.3.2-.2.3-.5.3-.7s-.1-.5-.3-.7zM5.8 14.7l6.2 6.3 6.2-6.3c.2-.2.3-.5.3-.7s-.1-.5-.3-.7c-.2-.2-.4-.3-.7-.3h-11c-.3 0-.5.1-.7.3-.2.2-.3.5-.3.7s.1.5.3.7z\"\/><\/svg><\/span><\/span><\/span><\/a><\/span><\/div>\n<nav><ul class='ez-toc-list ez-toc-list-level-1 eztoc-toggle-hide-by-default' ><li class='ez-toc-page-1 ez-toc-heading-level-1'><a class=\"ez-toc-link ez-toc-heading-1\" href=\"https:\/\/choangtv2.com\/tin-tuc\/chinh-sach-ban-quyen\/#Chinh_Sach_Ban_Quyen_Tai_Choang_TV\" >Ch\u00ednh S\u00e1ch B\u1ea3n Quy\u1ec1n T\u1ea1i Cho\u00e1ng TV<\/a><ul class='ez-toc-list-level-2' ><li class='ez-toc-heading-level-2'><a class=\"ez-toc-link ez-toc-heading-2\" href=\"https:\/\/choangtv2.com\/tin-tuc\/chinh-sach-ban-quyen\/#Quy_dinh_ve_ban_quyen_tai_Choang_TV\" >Quy \u0111\u1ecbnh v\u1ec1 b\u1ea3n quy\u1ec1n t\u1ea1i Cho\u00e1ng TV<\/a><ul class='ez-toc-list-level-3' ><li class='ez-toc-heading-level-3'><a class=\"ez-toc-link ez-toc-heading-3\" href=\"https:\/\/choangtv2.com\/tin-tuc\/chinh-sach-ban-quyen\/#Ban_quyen_truyen_hinh\" >B\u1ea3n quy\u1ec1n truy\u1ec1n h\u00ecnh<\/a><\/li><li class='ez-toc-page-1 ez-toc-heading-level-3'><a class=\"ez-toc-link ez-toc-heading-4\" href=\"https:\/\/choangtv2.com\/tin-tuc\/chinh-sach-ban-quyen\/#Ban_quyen_am_thanh\" >B\u1ea3n quy\u1ec1n \u00e2m thanh<\/a><\/li><li class='ez-toc-page-1 ez-toc-heading-level-3'><a class=\"ez-toc-link ez-toc-heading-5\" href=\"https:\/\/choangtv2.com\/tin-tuc\/chinh-sach-ban-quyen\/#Ban_quyen_noi_dung\" >B\u1ea3n quy\u1ec1n n\u1ed9i dung<\/a><\/li><\/ul><\/li><li class='ez-toc-page-1 ez-toc-heading-level-2'><a class=\"ez-toc-link ez-toc-heading-6\" href=\"https:\/\/choangtv2.com\/tin-tuc\/chinh-sach-ban-quyen\/#Tam_quan_trong_cua_chinh_sach_ban_quyen_Choang_TV\" >T\u1ea7m quan tr\u1ecdng c\u1ee7a ch\u00ednh s\u00e1ch b\u1ea3n quy\u1ec1n Cho\u00e1ng TV<\/a><ul class='ez-toc-list-level-3' ><li class='ez-toc-heading-level-3'><a class=\"ez-toc-link ez-toc-heading-7\" href=\"https:\/\/choangtv2.com\/tin-tuc\/chinh-sach-ban-quyen\/#Bao_ve_quyen_loi_doi_tac\" >B\u1ea3o v\u1ec7 quy\u1ec1n l\u1ee3i \u0111\u1ed1i t\u00e1c<\/a><\/li><li class='ez-toc-page-1 ez-toc-heading-level-3'><a class=\"ez-toc-link ez-toc-heading-8\" href=\"https:\/\/choangtv2.com\/tin-tuc\/chinh-sach-ban-quyen\/#Dam_bao_su_cong_bang_trong_viec_cung_cap_san_pham_dich_vu\" >\u0110\u1ea3m b\u1ea3o s\u1ef1 c\u00f4ng b\u1eb1ng trong vi\u1ec7c cung c\u1ea5p s\u1ea3n ph\u1ea9m, d\u1ecbch v\u1ee5<\/a><\/li><\/ul><\/li><li class='ez-toc-page-1 ez-toc-heading-level-2'><a class=\"ez-toc-link ez-toc-heading-9\" href=\"https:\/\/choangtv2.com\/tin-tuc\/chinh-sach-ban-quyen\/#Cac_van_de_lien_quan_toi_chinh_sach_ban_quyen_Choang_TV\" >C\u00e1c v\u1ea5n \u0111\u1ec1 li\u00ean quan t\u1edbi ch\u00ednh s\u00e1ch b\u1ea3n quy\u1ec1n Cho\u00e1ng TV<\/a><ul class='ez-toc-list-level-3' ><li class='ez-toc-heading-level-3'><a class=\"ez-toc-link ez-toc-heading-10\" href=\"https:\/\/choangtv2.com\/tin-tuc\/chinh-sach-ban-quyen\/#Van_de_ve_viec_su_dung_noi_dung_trai_phep\" >V\u1ea5n \u0111\u1ec1 v\u1ec1 vi\u1ec7c s\u1eed d\u1ee5ng n\u1ed9i dung tr\u00e1i ph\u00e9p<\/a><\/li><li class='ez-toc-page-1 ez-toc-heading-level-3'><a class=\"ez-toc-link ez-toc-heading-11\" href=\"https:\/\/choangtv2.com\/tin-tuc\/chinh-sach-ban-quyen\/#Van_de_ve_giai_quyet_tranh_chap_ban_quyen_tai_Choang_TV\" >V\u1ea5n \u0111\u1ec1 v\u1ec1 gi\u1ea3i quy\u1ebft tranh ch\u1ea5p b\u1ea3n quy\u1ec1n t\u1ea1i Cho\u00e1ng TV<\/a><\/li><\/ul><\/li><li class='ez-toc-page-1 ez-toc-heading-level-2'><a class=\"ez-toc-link ez-toc-heading-12\" href=\"https:\/\/choangtv2.com\/tin-tuc\/chinh-sach-ban-quyen\/#Loi_ket\" >L\u1eddi k\u1ebft<\/a><\/li><\/ul><\/li><\/ul><\/nav><\/div>\n<h1><span class=\"ez-toc-section\" id=\"Chinh_Sach_Ban_Quyen_Tai_Choang_TV\"><\/span><span style=\"font-weight: 400;\">Ch\u00ednh S\u00e1ch B\u1ea3n Quy\u1ec1n T\u1ea1i Cho\u00e1ng TV<\/span><span class=\"ez-toc-section-end\"><\/span><\/h1>\n<p><a href=\"https:\/\/choangtv1.com\/\" rel=\"nofollow noopener\" target=\"_blank\"><b>Cho\u00e1ng TV<\/b><\/a><span style=\"font-weight: 400;\"> \u0111\u00e3 x\u00e2y d\u1ef1ng ch\u00ednh s\u00e1ch b\u1ea3n quy\u1ec1n to\u00e0n di\u1ec7n nh\u1eb1m b\u1ea3o v\u1ec7 quy\u1ec1n l\u1ee3i c\u1ee7a \u0111\u1ed1i t\u00e1c truy\u1ec1n th\u00f4ng v\u00e0 ng\u01b0\u1eddi d\u00f9ng, \u0111\u1ea3m b\u1ea3o m\u1ecdi ho\u1ea1t \u0111\u1ed9ng \u0111\u1ec1u tu\u00e2n th\u1ee7 quy \u0111\u1ecbnh ph\u00e1p lu\u1eadt. Ch\u00ednh s\u00e1ch n\u00e0y kh\u00f4ng ch\u1ec9 gi\u00fap duy tr\u00ec m\u00f4i tr\u01b0\u1eddng c\u00f4ng b\u1eb1ng, minh b\u1ea1ch m\u00e0 c\u00f2n kh\u1eb3ng \u0111\u1ecbnh cam k\u1ebft c\u1ee7a Cho\u00e1ng TV trong vi\u1ec7c t\u00f4n tr\u1ecdng quy\u1ec1n s\u1edf h\u1eefu tr\u00ed tu\u1ec7.<\/span><\/p>\n<h2><span class=\"ez-toc-section\" id=\"Quy_dinh_ve_ban_quyen_tai_Choang_TV\"><\/span><span style=\"font-weight: 400;\">Quy \u0111\u1ecbnh v\u1ec1 b\u1ea3n quy\u1ec1n t\u1ea1i Cho\u00e1ng TV<\/span><span class=\"ez-toc-section-end\"><\/span><\/h2>\n<p><span style=\"font-weight: 400;\">Ch\u00ednh s\u00e1ch b\u1ea3n quy\u1ec1n c\u1ee7a Cho\u00e1ng TV \u0111\u01b0\u1ee3c thi\u1ebft l\u1eadp v\u1edbi m\u1ee5c ti\u00eau b\u1ea3o v\u1ec7 m\u1ecdi lo\u1ea1i h\u00ecnh n\u1ed9i dung xu\u1ea5t hi\u1ec7n tr\u00ean n\u1ec1n t\u1ea3ng, bao g\u1ed3m video, \u00e2m thanh, h\u00ecnh \u1ea3nh, ch\u01b0\u01a1ng tr\u00ecnh truy\u1ec1n h\u00ecnh v\u00e0 c\u00e1c b\u00e0i vi\u1ebft \u0111\u1ed9c quy\u1ec1n. M\u1ed7i n\u1ed9i dung \u0111\u1ec1u thu\u1ed9c quy\u1ec1n s\u1edf h\u1eefu tr\u00ed tu\u1ec7 c\u1ee7a Cho\u00e1ng TV ho\u1eb7c c\u00e1c \u0111\u1ed1i t\u00e1c \u0111\u01b0\u1ee3c c\u1ea5p ph\u00e9p h\u1ee3p ph\u00e1p.<\/span><\/p>\n<h3><span class=\"ez-toc-section\" id=\"Ban_quyen_truyen_hinh\"><\/span><span style=\"font-weight: 400;\">B\u1ea3n quy\u1ec1n truy\u1ec1n h\u00ecnh<\/span><span class=\"ez-toc-section-end\"><\/span><\/h3>\n<p><span style=\"font-weight: 400;\">To\u00e0n b\u1ed9 ch\u01b0\u01a1ng tr\u00ecnh ph\u00e1t s\u00f3ng tr\u00ean Cho\u00e1ng TV \u0111\u1ec1u \u0111\u01b0\u1ee3c c\u1ea5p ph\u00e9p b\u1ea3n quy\u1ec1n r\u00f5 r\u00e0ng, bao g\u1ed3m c\u00e1c tr\u1eadn \u0111\u1ea5u th\u1ec3 thao, gameshow v\u00e0 c\u00e1c ch\u01b0\u01a1ng tr\u00ecnh gi\u1ea3i tr\u00ed \u0111\u1eb7c s\u1eafc. B\u1ea3n quy\u1ec1n n\u00e0y thu\u1ed9c s\u1edf h\u1eefu c\u1ee7a h\u1ec7 th\u1ed1ng ho\u1eb7c c\u00e1c \u0111\u1ed1i t\u00e1c h\u1ee3p t\u00e1c chi\u1ebfn l\u01b0\u1ee3c. Ng\u01b0\u1eddi d\u00f9ng kh\u00f4ng \u0111\u01b0\u1ee3c ph\u00e9p quay l\u1ea1i, ghi h\u00ecnh ho\u1eb7c ph\u00e1t s\u00f3ng l\u1ea1i n\u1ed9i dung truy\u1ec1n h\u00ecnh t\u1eeb Cho\u00e1ng TV tr\u00ean c\u00e1c n\u1ec1n t\u1ea3ng kh\u00e1c.<\/span><\/p>\n<h3><span class=\"ez-toc-section\" id=\"Ban_quyen_am_thanh\"><\/span><span style=\"font-weight: 400;\">B\u1ea3n quy\u1ec1n \u00e2m thanh<\/span><span class=\"ez-toc-section-end\"><\/span><\/h3>\n<p><span style=\"font-weight: 400;\">\u00c2m thanh, bao g\u1ed3m nh\u1ea1c n\u1ec1n, b\u00ecnh lu\u1eadn vi\u00ean v\u00e0 c\u00e1c hi\u1ec7u \u1ee9ng \u0111\u01b0\u1ee3c s\u1eed d\u1ee5ng trong ch\u01b0\u01a1ng tr\u00ecnh c\u1ee7a Cho\u00e1ng TV, \u0111\u1ec1u n\u1eb1m trong danh m\u1ee5c n\u1ed9i dung c\u00f3 b\u1ea3n quy\u1ec1n. H\u1ec7 th\u1ed1ng nghi\u00eam c\u1ea5m vi\u1ec7c s\u1eed d\u1ee5ng, ch\u1ec9nh s\u1eeda ho\u1eb7c t\u00e1i ph\u00e1t h\u00e0nh c\u00e1c t\u1ec7p \u00e2m thanh n\u00e0y cho m\u1ee5c \u0111\u00edch th\u01b0\u01a1ng m\u1ea1i ho\u1eb7c qu\u1ea3ng b\u00e1 m\u00e0 kh\u00f4ng \u0111\u01b0\u1ee3c c\u1ea5p ph\u00e9p.<\/span><\/p>\n<h3><span class=\"ez-toc-section\" id=\"Ban_quyen_noi_dung\"><\/span><span style=\"font-weight: 400;\">B\u1ea3n quy\u1ec1n n\u1ed9i dung<\/span><span class=\"ez-toc-section-end\"><\/span><\/h3>\n<p><span style=\"font-weight: 400;\">M\u1ed7i b\u00e0i vi\u1ebft, h\u00ecnh \u1ea3nh, \u0111\u1ed3 h\u1ecda v\u00e0 video tr\u00ean Cho\u00e1ng TV \u0111\u1ec1u l\u00e0 s\u1ea3n ph\u1ea9m s\u00e1ng t\u1ea1o \u0111\u1ed9c quy\u1ec1n. Ch\u00ednh s\u00e1ch b\u1ea3n quy\u1ec1n c\u1ee7a h\u1ec7 th\u1ed1ng nghi\u00eam c\u1ea5m h\u00e0nh vi sao ch\u00e9p, bi\u00ean t\u1eadp l\u1ea1i ho\u1eb7c s\u1eed d\u1ee5ng l\u1ea1i n\u1ed9i dung m\u00e0 kh\u00f4ng ghi r\u00f5 ngu\u1ed3n ho\u1eb7c kh\u00f4ng \u0111\u01b0\u1ee3c ch\u1ea5p thu\u1eadn.<\/span><\/p>\n<p><span style=\"font-weight: 400;\">Cho\u00e1ng TV khuy\u1ebfn kh\u00edch ng\u01b0\u1eddi d\u00f9ng chia s\u1ebb n\u1ed9i dung m\u1ed9t c\u00e1ch h\u1ee3p ph\u00e1p, b\u1eb1ng c\u00e1ch s\u1eed d\u1ee5ng li\u00ean k\u1ebft ch\u00ednh th\u1ee9c c\u1ee7a website thay v\u00ec sao ch\u00e9p to\u00e0n b\u1ed9 n\u1ed9i dung. \u0110i\u1ec1u n\u00e0y v\u1eeba b\u1ea3o v\u1ec7 t\u00e1c quy\u1ec1n v\u1eeba gi\u00fap lan t\u1ecfa th\u00f4ng tin \u0111\u00fang c\u00e1ch, gi\u1eef nguy\u00ean gi\u00e1 tr\u1ecb th\u01b0\u01a1ng hi\u1ec7u.<\/span><\/p>\n<p><img loading=\"lazy\" decoding=\"async\" class=\"wp-image-379 aligncenter\" src=\"https:\/\/choangtv1.com\/tin-tuc\/wp-content\/uploads\/2025\/11\/quy-dinh-ve-ban-quyen-noi-dung-truyen-hinh-300x225.jpg\" alt=\"\" width=\"935\" height=\"701\" srcset=\"https:\/\/choangtv2.com\/tin-tuc\/wp-content\/uploads\/2025\/11\/quy-dinh-ve-ban-quyen-noi-dung-truyen-hinh-300x225.jpg 300w, https:\/\/choangtv2.com\/tin-tuc\/wp-content\/uploads\/2025\/11\/quy-dinh-ve-ban-quyen-noi-dung-truyen-hinh-768x576.jpg 768w, https:\/\/choangtv2.com\/tin-tuc\/wp-content\/uploads\/2025\/11\/quy-dinh-ve-ban-quyen-noi-dung-truyen-hinh.jpg 800w\" sizes=\"auto, (max-width: 935px) 100vw, 935px\" \/><\/p>\n<p style=\"text-align: center;\"><span style=\"font-weight: 400;\">Quy \u0111\u1ecbnh v\u1ec1 b\u1ea3n quy\u1ec1n n\u1ed9i dung, truy\u1ec1n h\u00ecnh\u00a0<\/span><\/p>\n<h2><span class=\"ez-toc-section\" id=\"Tam_quan_trong_cua_chinh_sach_ban_quyen_Choang_TV\"><\/span><span style=\"font-weight: 400;\">T\u1ea7m quan tr\u1ecdng c\u1ee7a ch\u00ednh s\u00e1ch b\u1ea3n quy\u1ec1n Cho\u00e1ng TV<\/span><span class=\"ez-toc-section-end\"><\/span><\/h2>\n<p><span style=\"font-weight: 400;\">Ch\u00ednh s\u00e1ch b\u1ea3n quy\u1ec1n kh\u00f4ng ch\u1ec9 l\u00e0 c\u00f4ng c\u1ee5 ph\u00e1p l\u00fd m\u00e0 c\u00f2n l\u00e0 n\u1ec1n t\u1ea3ng b\u1ea3o v\u1ec7 l\u1ee3i \u00edch chung c\u1ee7a to\u00e0n b\u1ed9 c\u1ed9ng \u0111\u1ed3ng <\/span><span style=\"color: #ed1c24;\"><b>Choang TV<\/b><span style=\"font-weight: 400;\">.<\/span><\/span><\/p>\n<h3><span class=\"ez-toc-section\" id=\"Bao_ve_quyen_loi_doi_tac\"><\/span><span style=\"font-weight: 400;\">B\u1ea3o v\u1ec7 quy\u1ec1n l\u1ee3i \u0111\u1ed1i t\u00e1c<\/span><span class=\"ez-toc-section-end\"><\/span><\/h3>\n<p><span style=\"font-weight: 400;\">Cho\u00e1ng TV h\u1ee3p t\u00e1c v\u1edbi nhi\u1ec1u \u0111\u01a1n v\u1ecb truy\u1ec1n th\u00f4ng, nh\u00e0 s\u1ea3n xu\u1ea5t n\u1ed9i dung, ca s\u0129 v\u00e0 b\u00ecnh lu\u1eadn vi\u00ean chuy\u00ean nghi\u1ec7p. Vi\u1ec7c tu\u00e2n th\u1ee7 ch\u00ednh s\u00e1ch b\u1ea3n quy\u1ec1n gi\u00fap \u0111\u1ea3m b\u1ea3o m\u1ed7i \u0111\u1ed1i t\u00e1c \u0111\u1ec1u \u0111\u01b0\u1ee3c c\u00f4ng nh\u1eadn v\u00e0 h\u01b0\u1edfng quy\u1ec1n l\u1ee3i x\u1ee9ng \u0111\u00e1ng cho c\u00f4ng s\u1ee9c s\u00e1ng t\u1ea1o c\u1ee7a m\u00ecnh. V\u00ec v\u1eady, ch\u00ednh s\u00e1ch n\u00e0y \u0111\u00f3ng vai tr\u00f2 quan tr\u1ecdng trong vi\u1ec7c duy tr\u00ec m\u1ed1i quan h\u1ec7 tin c\u1eady v\u00e0 b\u1ec1n v\u1eefng gi\u1eefa c\u00e1c b\u00ean.<\/span><\/p>\n<h3><span class=\"ez-toc-section\" id=\"Dam_bao_su_cong_bang_trong_viec_cung_cap_san_pham_dich_vu\"><\/span><span style=\"font-weight: 400;\">\u0110\u1ea3m b\u1ea3o s\u1ef1 c\u00f4ng b\u1eb1ng trong vi\u1ec7c cung c\u1ea5p s\u1ea3n ph\u1ea9m, d\u1ecbch v\u1ee5<\/span><span class=\"ez-toc-section-end\"><\/span><\/h3>\n<p><span style=\"font-weight: 400;\">Ch\u00ednh s\u00e1ch b\u1ea3n quy\u1ec1n gi\u00fap Cho\u00e1ng TV\u00a0 h\u1ea1n ch\u1ebf t\u1ed1i \u0111a t\u00ecnh tr\u1ea1ng \u201c\u0111\u00e1nh c\u1eafp n\u1ed9i dung\u201d. \u0110i\u1ec1u n\u00e0y kh\u00f4ng ch\u1ec9 th\u00fac \u0111\u1ea9y s\u00e1ng t\u1ea1o m\u00e0 c\u00f2n gi\u00fap h\u1ec7 th\u1ed1ng duy tr\u00ec s\u1ef1 c\u1ea1nh tranh l\u00e0nh m\u1ea1nh, mang \u0111\u1ebfn n\u1ed9i dung ch\u1ea5t l\u01b0\u1ee3ng cao cho ng\u01b0\u1eddi d\u00f9ng.<\/span><\/p>\n<p><img loading=\"lazy\" decoding=\"async\" class=\"wp-image-380 aligncenter\" src=\"https:\/\/choangtv1.com\/tin-tuc\/wp-content\/uploads\/2025\/11\/dam-bao-quyen-loi-cho-cac-doi-tac-lien-quan-300x225.jpg\" alt=\"\" width=\"844\" height=\"633\" srcset=\"https:\/\/choangtv2.com\/tin-tuc\/wp-content\/uploads\/2025\/11\/dam-bao-quyen-loi-cho-cac-doi-tac-lien-quan-300x225.jpg 300w, https:\/\/choangtv2.com\/tin-tuc\/wp-content\/uploads\/2025\/11\/dam-bao-quyen-loi-cho-cac-doi-tac-lien-quan-768x576.jpg 768w, https:\/\/choangtv2.com\/tin-tuc\/wp-content\/uploads\/2025\/11\/dam-bao-quyen-loi-cho-cac-doi-tac-lien-quan.jpg 800w\" sizes=\"auto, (max-width: 844px) 100vw, 844px\" \/><\/p>\n<p style=\"text-align: center;\"><span style=\"font-weight: 400;\">\u0110\u1ea3m b\u1ea3o quy\u1ec1n l\u1ee3i cho c\u00e1c \u0111\u1ed1i t\u00e1c li\u00ean quan\u00a0<\/span><\/p>\n<h2><span class=\"ez-toc-section\" id=\"Cac_van_de_lien_quan_toi_chinh_sach_ban_quyen_Choang_TV\"><\/span><span style=\"font-weight: 400;\">C\u00e1c v\u1ea5n \u0111\u1ec1 li\u00ean quan t\u1edbi ch\u00ednh s\u00e1ch b\u1ea3n quy\u1ec1n Cho\u00e1ng TV<\/span><span class=\"ez-toc-section-end\"><\/span><\/h2>\n<p><span style=\"font-weight: 400;\">Trong qu\u00e1 tr\u00ecnh v\u1eadn h\u00e0nh, Cho\u00e1ng TV \u0111\u00e3 x\u00e2y d\u1ef1ng c\u00e1c quy \u0111\u1ecbnh x\u1eed l\u00fd r\u00f5 r\u00e0ng cho c\u00e1c t\u00ecnh hu\u1ed1ng ph\u00e1t sinh li\u00ean quan \u0111\u1ebfn b\u1ea3n quy\u1ec1n, \u0111\u1ea3m b\u1ea3o m\u1ecdi khi\u1ebfu n\u1ea1i v\u00e0 tranh ch\u1ea5p \u0111\u1ec1u \u0111\u01b0\u1ee3c gi\u1ea3i quy\u1ebft c\u00f4ng b\u1eb1ng, nhanh ch\u00f3ng.<\/span><\/p>\n<h3><span class=\"ez-toc-section\" id=\"Van_de_ve_viec_su_dung_noi_dung_trai_phep\"><\/span><span style=\"font-weight: 400;\">V\u1ea5n \u0111\u1ec1 v\u1ec1 vi\u1ec7c s\u1eed d\u1ee5ng n\u1ed9i dung tr\u00e1i ph\u00e9p<\/span><span class=\"ez-toc-section-end\"><\/span><\/h3>\n<p><span style=\"color: #ed1c24;\"><b>ChoangTV<\/b><\/span><span style=\"font-weight: 400;\"> nghi\u00eam c\u1ea5m m\u1ecdi h\u00e0nh vi s\u1eed d\u1ee5ng tr\u00e1i ph\u00e9p n\u1ed9i dung tr\u00ean h\u1ec7 th\u1ed1ng, bao g\u1ed3m vi\u1ec7c \u0111\u0103ng l\u1ea1i video, ph\u00e1t s\u00f3ng tr\u00ean m\u1ea1ng x\u00e3 h\u1ed9i ho\u1eb7c ch\u1ec9nh s\u1eeda n\u1ed9i dung cho m\u1ee5c \u0111\u00edch c\u00e1 nh\u00e2n.<\/span><\/p>\n<p><span style=\"font-weight: 400;\">N\u1ebfu ph\u00e1t hi\u1ec7n vi ph\u1ea1m, h\u1ec7 th\u1ed1ng c\u00f3 quy\u1ec1n:<\/span><\/p>\n<ul>\n<li style=\"font-weight: 400;\" aria-level=\"1\"><span style=\"font-weight: 400;\">G\u1ee1 b\u1ecf n\u1ed9i dung vi ph\u1ea1m ngay l\u1eadp t\u1ee9c.<\/span><\/li>\n<li style=\"font-weight: 400;\" aria-level=\"1\"><span style=\"font-weight: 400;\">\u0110\u00ecnh ch\u1ec9 ho\u1eb7c kh\u00f3a v\u0129nh vi\u1ec5n t\u00e0i kho\u1ea3n ng\u01b0\u1eddi d\u00f9ng.<\/span><\/li>\n<li style=\"font-weight: 400;\" aria-level=\"1\"><span style=\"font-weight: 400;\">B\u00e1o c\u00e1o h\u00e0nh vi t\u1edbi c\u01a1 quan c\u00f3 th\u1ea9m quy\u1ec1n n\u1ebfu c\u1ea7n thi\u1ebft.<\/span><\/li>\n<\/ul>\n<p><span style=\"font-weight: 400;\">\u0110\u1ed3ng th\u1eddi, ng\u01b0\u1eddi vi ph\u1ea1m c\u00f3 th\u1ec3 ph\u1ea3i ch\u1ecbu tr\u00e1ch nhi\u1ec7m ph\u00e1p l\u00fd v\u00e0 b\u1ed3i th\u01b0\u1eddng thi\u1ec7t h\u1ea1i cho ch\u1ee7 s\u1edf h\u1eefu b\u1ea3n quy\u1ec1n.<\/span><\/p>\n<h3><span class=\"ez-toc-section\" id=\"Van_de_ve_giai_quyet_tranh_chap_ban_quyen_tai_Choang_TV\"><\/span><span style=\"font-weight: 400;\">V\u1ea5n \u0111\u1ec1 v\u1ec1 gi\u1ea3i quy\u1ebft tranh ch\u1ea5p b\u1ea3n quy\u1ec1n t\u1ea1i Cho\u00e1ng TV<\/span><span class=\"ez-toc-section-end\"><\/span><\/h3>\n<p><span style=\"font-weight: 400;\">Cho\u00e1ng TV lu\u00f4n h\u01b0\u1edbng t\u1edbi quy tr\u00ecnh gi\u1ea3i quy\u1ebft minh b\u1ea1ch v\u00e0 nhanh g\u1ecdn khi c\u00f3 khi\u1ebfu n\u1ea1i li\u00ean quan \u0111\u1ebfn b\u1ea3n quy\u1ec1n. Ng\u01b0\u1eddi d\u00f9ng ho\u1eb7c \u0111\u1ed1i t\u00e1c c\u00f3 th\u1ec3 g\u1eedi y\u00eau c\u1ea7u tr\u1ef1c ti\u1ebfp qua email h\u1ed7 tr\u1ee3 k\u00e8m t\u00e0i li\u1ec7u ch\u1ee9ng minh quy\u1ec1n s\u1edf h\u1eefu.<\/span><\/p>\n<p><span style=\"font-weight: 400;\">B\u1ed9 ph\u1eadn ph\u00e1p l\u00fd c\u1ee7a h\u1ec7 th\u1ed1ng s\u1ebd xem x\u00e9t v\u00e0 x\u1eed l\u00fd theo t\u1eebng tr\u01b0\u1eddng h\u1ee3p c\u1ee5 th\u1ec3. Trong qu\u00e1 tr\u00ecnh n\u00e0y, Cho\u00e1ng TV cam k\u1ebft gi\u1eef b\u00ed m\u1eadt th\u00f4ng tin c\u00e1 nh\u00e2n v\u00e0 \u0111\u1ea3m b\u1ea3o quy\u1ec1n l\u1ee3i h\u1ee3p ph\u00e1p cho t\u1ea5t c\u1ea3 c\u00e1c b\u00ean li\u00ean quan.<\/span><\/p>\n<p><img loading=\"lazy\" decoding=\"async\" class=\"wp-image-378 aligncenter\" src=\"https:\/\/choangtv1.com\/tin-tuc\/wp-content\/uploads\/2025\/11\/cach-thuc-giai-quyet-tranh-chap-lien-quan-den-ban-quyen-300x225.jpg\" alt=\"\" width=\"875\" height=\"656\" srcset=\"https:\/\/choangtv2.com\/tin-tuc\/wp-content\/uploads\/2025\/11\/cach-thuc-giai-quyet-tranh-chap-lien-quan-den-ban-quyen-300x225.jpg 300w, https:\/\/choangtv2.com\/tin-tuc\/wp-content\/uploads\/2025\/11\/cach-thuc-giai-quyet-tranh-chap-lien-quan-den-ban-quyen-768x576.jpg 768w, https:\/\/choangtv2.com\/tin-tuc\/wp-content\/uploads\/2025\/11\/cach-thuc-giai-quyet-tranh-chap-lien-quan-den-ban-quyen.jpg 800w\" sizes=\"auto, (max-width: 875px) 100vw, 875px\" \/><\/p>\n<p style=\"text-align: center;\"><span style=\"font-weight: 400;\">C\u00e1ch th\u1ee9c gi\u1ea3i quy\u1ebft tranh ch\u1ea5p li\u00ean quan \u0111\u1ebfn b\u1ea3n quy\u1ec1n\u00a0<\/span><\/p>\n<h2><span class=\"ez-toc-section\" id=\"Loi_ket\"><\/span><span style=\"font-weight: 400;\">L\u1eddi k\u1ebft<\/span><span class=\"ez-toc-section-end\"><\/span><\/h2>\n<p><a href=\"https:\/\/choangtv1.com\/tin-tuc\/chinh-sach-ban-quyen\/\" rel=\"nofollow noopener\" target=\"_blank\"><b>Ch\u00ednh s\u00e1ch b\u1ea3n quy\u1ec1n<\/b><\/a><span style=\"font-weight: 400;\"> t\u1ea1i Cho\u00e1ng TV l\u00e0 n\u1ec1n t\u1ea3ng quan tr\u1ecdng \u0111\u1ec3 x\u00e2y d\u1ef1ng m\u1ed9t m\u00f4i tr\u01b0\u1eddng gi\u1ea3i tr\u00ed an to\u00e0n, chuy\u00ean nghi\u1ec7p v\u00e0 t\u00f4n tr\u1ecdng quy\u1ec1n s\u00e1ng t\u1ea1o. Vi\u1ec7c tu\u00e2n th\u1ee7 c\u00e1c quy \u0111\u1ecbnh kh\u00f4ng ch\u1ec9 gi\u00fap ng\u01b0\u1eddi d\u00f9ng tr\u00e1nh r\u1ee7i ro ph\u00e1p l\u00fd m\u00e0 c\u00f2n g\u00f3p ph\u1ea7n n\u00e2ng cao gi\u00e1 tr\u1ecb th\u01b0\u01a1ng hi\u1ec7u, khuy\u1ebfn kh\u00edch tinh th\u1ea7n s\u00e1ng t\u1ea1o trong c\u1ed9ng \u0111\u1ed3ng.<\/span><\/p>\n","protected":false},"excerpt":{"rendered":"<p>Ch\u00ednh S\u00e1ch B\u1ea3n Quy\u1ec1n T\u1ea1i Cho\u00e1ng TV Cho\u00e1ng TV \u0111\u00e3 x\u00e2y d\u1ef1ng ch\u00ednh s\u00e1ch b\u1ea3n quy\u1ec1n to\u00e0n di\u1ec7n nh\u1eb1m b\u1ea3o v\u1ec7 quy\u1ec1n l\u1ee3i c\u1ee7a \u0111\u1ed1i t\u00e1c truy\u1ec1n th\u00f4ng v\u00e0 ng\u01b0\u1eddi d\u00f9ng, \u0111\u1ea3m b\u1ea3o m\u1ecdi ho\u1ea1t \u0111\u1ed9ng \u0111\u1ec1u tu\u00e2n th\u1ee7 quy \u0111\u1ecbnh ph\u00e1p lu\u1eadt. Ch\u00ednh s\u00e1ch n\u00e0y kh\u00f4ng ch\u1ec9 gi\u00fap duy tr\u00ec m\u00f4i tr\u01b0\u1eddng c\u00f4ng b\u1eb1ng, [&#8230;]\n","protected":false},"author":1,"featured_media":379,"parent":0,"menu_order":0,"comment_status":"closed","ping_status":"closed","template":"","meta":{"footnotes":""},"class_list":["post-377","page","type-page","status-publish","has-post-thumbnail","hentry"],"_links":{"self":[{"href":"https:\/\/choangtv2.com\/tin-tuc\/wp-json\/wp\/v2\/pages\/377","targetHints":{"allow":["GET"]}}],"collection":[{"href":"https:\/\/choangtv2.com\/tin-tuc\/wp-json\/wp\/v2\/pages"}],"about":[{"href":"https:\/\/choangtv2.com\/tin-tuc\/wp-json\/wp\/v2\/types\/page"}],"author":[{"embeddable":true,"href":"https:\/\/choangtv2.com\/tin-tuc\/wp-json\/wp\/v2\/users\/1"}],"replies":[{"embeddable":true,"href":"https:\/\/choangtv2.com\/tin-tuc\/wp-json\/wp\/v2\/comments?post=377"}],"version-history":[{"count":4,"href":"https:\/\/choangtv2.com\/tin-tuc\/wp-json\/wp\/v2\/pages\/377\/revisions"}],"predecessor-version":[{"id":495,"href":"https:\/\/choangtv2.com\/tin-tuc\/wp-json\/wp\/v2\/pages\/377\/revisions\/495"}],"wp:featuredmedia":[{"embeddable":true,"href":"https:\/\/choangtv2.com\/tin-tuc\/wp-json\/wp\/v2\/media\/379"}],"wp:attachment":[{"href":"https:\/\/choangtv2.com\/tin-tuc\/wp-json\/wp\/v2\/media?parent=377"}],"curies":[{"name":"wp","href":"https:\/\/api.w.org\/{rel}","templated":true}]}}