{"id":401,"date":"2025-11-18T06:36:28","date_gmt":"2025-11-18T06:36:28","guid":{"rendered":"https:\/\/choangtv.com\/tin-tuc\/?page_id=401"},"modified":"2025-11-18T07:46:28","modified_gmt":"2025-11-18T07:46:28","slug":"lien-he-choang-tv","status":"publish","type":"page","link":"https:\/\/choangtv2.com\/tin-tuc\/lien-he-choang-tv\/","title":{"rendered":"Th\u00f4ng Tin Li\u00ean H\u1ec7 V\u1edbi Ch\u00fang T\u00f4i &#8211; Cho\u00e1ng TV"},"content":{"rendered":"<p><span style=\"font-weight: 400;\">Trong qu\u00e1 tr\u00ecnh s\u1eed d\u1ee5ng d\u1ecbch v\u1ee5 t\u1ea1i Cho\u00e1ng TV, vi\u1ec7c n\u1eafm r\u00f5 c\u00e1c k\u00eanh <a href=\"https:\/\/choangtv1.com\/tin-tuc\/lien-he-choang-tv\/\" rel=\"nofollow noopener\" target=\"_blank\"><span style=\"color: #ed1c24;\"><strong>li\u00ean h\u1ec7<\/strong><\/span><\/a> ch\u00ednh th\u1ee9c l\u00e0 y\u1ebfu t\u1ed1 v\u00f4 c\u00f9ng quan tr\u1ecdng \u0111\u1ec3 b\u1ea1n c\u00f3 th\u1ec3 nh\u1eadn \u0111\u01b0\u1ee3c s\u1ef1 h\u1ed7 tr\u1ee3 nhanh ch\u00f3ng v\u00e0 ch\u00ednh x\u00e1c. B\u1ed9 ph\u1eadn CSKH c\u1ee7a ch\u00fang t\u00f4i lu\u00f4n s\u1eb5n s\u00e0ng \u0111\u1ed3ng h\u00e0nh, gi\u1ea3i \u0111\u00e1p m\u1ecdi th\u1eafc m\u1eafc v\u00e0 ti\u1ebfp nh\u1eadn c\u00e1c y\u00eau c\u1ea7u m\u1ed9t c\u00e1ch chuy\u00ean nghi\u1ec7p.<\/span><\/p>\n<div id=\"ez-toc-container\" class=\"ez-toc-v2_0_77 counter-hierarchy ez-toc-counter ez-toc-black ez-toc-container-direction\">\n<div class=\"ez-toc-title-container\">\n<p class=\"ez-toc-title\" style=\"cursor:inherit\">M\u1ee5c L\u1ee5c<\/p>\n<span class=\"ez-toc-title-toggle\"><a href=\"#\" class=\"ez-toc-pull-right ez-toc-btn ez-toc-btn-xs ez-toc-btn-default ez-toc-toggle\" aria-label=\"Toggle Table of Content\"><span class=\"ez-toc-js-icon-con\"><span class=\"\"><span class=\"eztoc-hide\" style=\"display:none;\">Toggle<\/span><span class=\"ez-toc-icon-toggle-span\"><svg style=\"fill: #999;color:#999\" xmlns=\"http:\/\/www.w3.org\/2000\/svg\" class=\"list-377408\" width=\"20px\" height=\"20px\" viewBox=\"0 0 24 24\" fill=\"none\"><path d=\"M6 6H4v2h2V6zm14 0H8v2h12V6zM4 11h2v2H4v-2zm16 0H8v2h12v-2zM4 16h2v2H4v-2zm16 0H8v2h12v-2z\" fill=\"currentColor\"><\/path><\/svg><svg style=\"fill: #999;color:#999\" class=\"arrow-unsorted-368013\" xmlns=\"http:\/\/www.w3.org\/2000\/svg\" width=\"10px\" height=\"10px\" viewBox=\"0 0 24 24\" version=\"1.2\" baseProfile=\"tiny\"><path d=\"M18.2 9.3l-6.2-6.3-6.2 6.3c-.2.2-.3.4-.3.7s.1.5.3.7c.2.2.4.3.7.3h11c.3 0 .5-.1.7-.3.2-.2.3-.5.3-.7s-.1-.5-.3-.7zM5.8 14.7l6.2 6.3 6.2-6.3c.2-.2.3-.5.3-.7s-.1-.5-.3-.7c-.2-.2-.4-.3-.7-.3h-11c-.3 0-.5.1-.7.3-.2.2-.3.5-.3.7s.1.5.3.7z\"\/><\/svg><\/span><\/span><\/span><\/a><\/span><\/div>\n<nav><ul class='ez-toc-list ez-toc-list-level-1 eztoc-toggle-hide-by-default' ><li class='ez-toc-page-1 ez-toc-heading-level-1'><a class=\"ez-toc-link ez-toc-heading-1\" href=\"https:\/\/choangtv2.com\/tin-tuc\/lien-he-choang-tv\/#Gioi_thieu_ve_bo_phan_cham_soc_khach_hang_cua_Choang_TV\" >Gi\u1edbi thi\u1ec7u v\u1ec1 b\u1ed9 ph\u1eadn ch\u0103m s\u00f3c kh\u00e1ch h\u00e0ng c\u1ee7a Cho\u00e1ng TV<\/a><\/li><li class='ez-toc-page-1 ez-toc-heading-level-1'><a class=\"ez-toc-link ez-toc-heading-2\" href=\"https:\/\/choangtv2.com\/tin-tuc\/lien-he-choang-tv\/#Chi_tiet_cac_thong_tin_lien_he_cua_Choang_TV\" >Chi ti\u1ebft c\u00e1c th\u00f4ng tin li\u00ean h\u1ec7 c\u1ee7a Cho\u00e1ng TV<\/a><\/li><li class='ez-toc-page-1 ez-toc-heading-level-1'><a class=\"ez-toc-link ez-toc-heading-3\" href=\"https:\/\/choangtv2.com\/tin-tuc\/lien-he-choang-tv\/#Ban_co_the_lien_lac_voi_Choang_TV_bang_cach_nao\" >B\u1ea1n c\u00f3 th\u1ec3 li\u00ean l\u1ea1c v\u1edbi Cho\u00e1ng TV b\u1eb1ng c\u00e1ch n\u00e0o?<\/a><ul class='ez-toc-list-level-2' ><li class='ez-toc-heading-level-2'><a class=\"ez-toc-link ez-toc-heading-4\" href=\"https:\/\/choangtv2.com\/tin-tuc\/lien-he-choang-tv\/#Lien_he_qua_Email\" >Li\u00ean h\u1ec7 qua Email<\/a><\/li><li class='ez-toc-page-1 ez-toc-heading-level-2'><a class=\"ez-toc-link ez-toc-heading-5\" href=\"https:\/\/choangtv2.com\/tin-tuc\/lien-he-choang-tv\/#Lien_he_qua_hotline\" >Li\u00ean h\u1ec7 qua hotline<\/a><\/li><li class='ez-toc-page-1 ez-toc-heading-level-2'><a class=\"ez-toc-link ez-toc-heading-6\" href=\"https:\/\/choangtv2.com\/tin-tuc\/lien-he-choang-tv\/#Lien_he_qua_mang_xa_hoi\" >Li\u00ean h\u1ec7 qua m\u1ea1ng x\u00e3 h\u1ed9i<\/a><\/li><\/ul><\/li><li class='ez-toc-page-1 ez-toc-heading-level-1'><a class=\"ez-toc-link ez-toc-heading-7\" href=\"https:\/\/choangtv2.com\/tin-tuc\/lien-he-choang-tv\/#Nhung_truong_hop_nao_Choang_TV_se_hoi_dap\" >Nh\u1eefng tr\u01b0\u1eddng h\u1ee3p n\u00e0o Cho\u00e1ng TV s\u1ebd h\u1ed3i \u0111\u00e1p<\/a><\/li><li class='ez-toc-page-1 ez-toc-heading-level-1'><a class=\"ez-toc-link ez-toc-heading-8\" href=\"https:\/\/choangtv2.com\/tin-tuc\/lien-he-choang-tv\/#Nhung_truong_hop_nao_Choang_TV_se_khong_hoi_dap\" >Nh\u1eefng tr\u01b0\u1eddng h\u1ee3p n\u00e0o Cho\u00e1ng TV s\u1ebd kh\u00f4ng h\u1ed3i \u0111\u00e1p<\/a><\/li><li class='ez-toc-page-1 ez-toc-heading-level-1'><a class=\"ez-toc-link ez-toc-heading-9\" href=\"https:\/\/choangtv2.com\/tin-tuc\/lien-he-choang-tv\/#Luu_y_khi_lien_he_Choang_TV\" >L\u01b0u \u00fd khi li\u00ean h\u1ec7 Cho\u00e1ng TV<\/a><\/li><li class='ez-toc-page-1 ez-toc-heading-level-1'><a class=\"ez-toc-link ez-toc-heading-10\" href=\"https:\/\/choangtv2.com\/tin-tuc\/lien-he-choang-tv\/#Ket_luan\" >K\u1ebft lu\u1eadn<\/a><\/li><\/ul><\/nav><\/div>\n<h1><span class=\"ez-toc-section\" id=\"Gioi_thieu_ve_bo_phan_cham_soc_khach_hang_cua_Choang_TV\"><\/span><b>Gi\u1edbi thi\u1ec7u v\u1ec1 b\u1ed9 ph\u1eadn ch\u0103m s\u00f3c kh\u00e1ch h\u00e0ng c\u1ee7a Cho\u00e1ng TV<\/b><span class=\"ez-toc-section-end\"><\/span><\/h1>\n<p><span style=\"font-weight: 400;\">B\u1ed9 ph\u1eadn ch\u0103m s\u00f3c kh\u00e1ch h\u00e0ng (CSKH) c\u1ee7a <span style=\"color: #ed1c24;\"><strong><a style=\"color: #ed1c24;\" href=\"https:\/\/choangtv1.com\/\" rel=\"nofollow noopener\" target=\"_blank\">Cho\u00e1ng TV<\/a><\/strong><\/span> \u0111\u01b0\u1ee3c x\u00e2y d\u1ef1ng v\u1edbi m\u1ee5c ti\u00eau mang \u0111\u1ebfn cho ng\u01b0\u1eddi d\u00f9ng m\u1ed9t m\u00f4i tr\u01b0\u1eddng h\u1ed7 tr\u1ee3 t\u1eadn t\u00e2m, hi\u1ec7u qu\u1ea3 v\u00e0 minh b\u1ea1ch. \u0110\u1ed9i ng\u0169 nh\u00e2n s\u1ef1 t\u1ea1i \u0111\u00e2y \u0111\u1ec1u \u0111\u01b0\u1ee3c \u0111\u00e0o t\u1ea1o k\u1ef9 l\u01b0\u1ee1ng v\u1ec1 ki\u1ebfn th\u1ee9c chuy\u00ean m\u00f4n, quy tr\u00ecnh x\u1eed l\u00fd y\u00eau c\u1ea7u v\u00e0 k\u1ef9 n\u0103ng giao ti\u1ebfp nh\u1eb1m mang l\u1ea1i tr\u1ea3i nghi\u1ec7m h\u00e0i l\u00f2ng nh\u1ea5t cho kh\u00e1ch h\u00e0ng.<\/span><\/p>\n<p><span style=\"font-weight: 400;\">Cho\u00e1ng TV \u00e1p d\u1ee5ng c\u01a1 ch\u1ebf h\u1ed7 tr\u1ee3 \u0111a k\u00eanh, ho\u1ea1t \u0111\u1ed9ng g\u1ea7n nh\u01b0 24\/7 \u0111\u1ec3 \u0111\u1ea3m b\u1ea3o m\u1ecdi v\u1ea5n \u0111\u1ec1 t\u1eeb ng\u01b0\u1eddi d\u00f9ng \u0111\u1ec1u c\u00f3 th\u1ec3 \u0111\u01b0\u1ee3c ti\u1ebfp nh\u1eadn k\u1ecbp th\u1eddi. D\u00f9 b\u1ea1n g\u1eb7p s\u1ef1 c\u1ed1 k\u1ef9 thu\u1eadt, c\u1ea7n t\u01b0 v\u1ea5n v\u1ec1 ch\u1ee9c n\u0103ng, ho\u1eb7c mu\u1ed1n ph\u1ea3n h\u1ed3i v\u1ec1 d\u1ecbch v\u1ee5, \u0111\u1ed9i ng\u0169 CSKH lu\u00f4n s\u1eb5n s\u00e0ng l\u1eafng nghe v\u00e0 h\u1ed7 tr\u1ee3 theo \u0111\u00fang quy \u0111\u1ecbnh.<\/span><\/p>\n<h1><span class=\"ez-toc-section\" id=\"Chi_tiet_cac_thong_tin_lien_he_cua_Choang_TV\"><\/span><b>Chi ti\u1ebft c\u00e1c th\u00f4ng tin li\u00ean h\u1ec7 c\u1ee7a Cho\u00e1ng TV<\/b><span class=\"ez-toc-section-end\"><\/span><\/h1>\n<p><span style=\"font-weight: 400;\">D\u01b0\u1edbi \u0111\u00e2y l\u00e0 c\u00e1c k\u00eanh li\u00ean h\u1ec7 ch\u00ednh th\u1ee9c c\u1ee7a Cho\u00e1ng TV (b\u1ea1n c\u00f3 th\u1ec3 \u0111i\u1ec1n link, s\u1ed1 \u0111i\u1ec7n tho\u1ea1i ho\u1eb7c email sau):<\/span><\/p>\n<ul>\n<li style=\"font-weight: 400;\" aria-level=\"1\"><b>Email h\u1ed7 tr\u1ee3:<\/b><\/li>\n<li style=\"font-weight: 400;\" aria-level=\"1\"><b>Hotline CSKH:<\/b><\/li>\n<li style=\"font-weight: 400;\" aria-level=\"1\"><b>Trang m\u1ea1ng x\u00e3 h\u1ed9i ch\u00ednh th\u1ee9c:<\/b><\/li>\n<li style=\"font-weight: 400;\" aria-level=\"1\"><b>K\u00eanh chat h\u1ed7 tr\u1ee3 tr\u1ef1c ti\u1ebfp:<\/b><\/li>\n<li style=\"font-weight: 400;\" aria-level=\"1\"><b>K\u00eanh h\u1ed7 tr\u1ee3 qua \u1ee9ng d\u1ee5ng:<\/b><\/li>\n<\/ul>\n<p><img loading=\"lazy\" decoding=\"async\" class=\"wp-image-402 aligncenter\" src=\"https:\/\/choangtv1.com\/tin-tuc\/wp-content\/uploads\/2025\/11\/da-dang-phuong-thuc-lien-he-tai-choang-tv-300x225.jpg\" alt=\"\" width=\"811\" height=\"608\" srcset=\"https:\/\/choangtv2.com\/tin-tuc\/wp-content\/uploads\/2025\/11\/da-dang-phuong-thuc-lien-he-tai-choang-tv-300x225.jpg 300w, https:\/\/choangtv2.com\/tin-tuc\/wp-content\/uploads\/2025\/11\/da-dang-phuong-thuc-lien-he-tai-choang-tv-768x576.jpg 768w, https:\/\/choangtv2.com\/tin-tuc\/wp-content\/uploads\/2025\/11\/da-dang-phuong-thuc-lien-he-tai-choang-tv.jpg 800w\" sizes=\"auto, (max-width: 811px) 100vw, 811px\" \/><\/p>\n<p style=\"text-align: center;\"><span style=\"font-weight: 400;\">C\u00e1c ph\u01b0\u01a1ng th\u1ee9c s\u1ebd \u0111\u01b0\u1ee3c b\u1ed5 sung t\u00f9y theo th\u1eddi \u0111i\u1ec3m tri\u1ec3n khai v\u00e0 c\u1eadp nh\u1eadt t\u1eeb h\u1ec7 th\u1ed1ng.<\/span><\/p>\n<h1><span class=\"ez-toc-section\" id=\"Ban_co_the_lien_lac_voi_Choang_TV_bang_cach_nao\"><\/span><b>B\u1ea1n c\u00f3 th\u1ec3 li\u00ean l\u1ea1c v\u1edbi Cho\u00e1ng TV b\u1eb1ng c\u00e1ch n\u00e0o?<\/b><span class=\"ez-toc-section-end\"><\/span><\/h1>\n<p><span style=\"font-weight: 400;\">Cho\u00e1ng TV cung c\u1ea5p nhi\u1ec1u k\u00eanh h\u1ed7 tr\u1ee3 kh\u00e1c nhau \u0111\u1ec3 ph\u00f9 h\u1ee3p v\u1edbi nhu c\u1ea7u c\u1ee7a t\u1eebng ng\u01b0\u1eddi d\u00f9ng. T\u00f9y theo v\u1ea5n \u0111\u1ec1 v\u00e0 m\u1ee9c \u0111\u1ed9 c\u1ea7n thi\u1ebft, b\u1ea1n c\u00f3 th\u1ec3 l\u1ef1a ch\u1ecdn ph\u01b0\u01a1ng th\u1ee9c li\u00ean h\u1ec7 ph\u00f9 h\u1ee3p nh\u1ea5t.<\/span><\/p>\n<h2><span class=\"ez-toc-section\" id=\"Lien_he_qua_Email\"><\/span><b>Li\u00ean h\u1ec7 qua Email<\/b><span class=\"ez-toc-section-end\"><\/span><\/h2>\n<p><span style=\"font-weight: 400;\">Email l\u00e0 ph\u01b0\u01a1ng th\u1ee9c ph\u00f9 h\u1ee3p d\u00e0nh cho nh\u1eefng y\u00eau c\u1ea7u mang t\u00ednh chi ti\u1ebft, c\u1ea7n m\u00f4 t\u1ea3 c\u1ee5 th\u1ec3 ho\u1eb7c \u0111\u00f2i h\u1ecfi l\u01b0u l\u1ea1i d\u01b0\u1edbi d\u1ea1ng v\u0103n b\u1ea3n. Khi g\u1eedi email, ng\u01b0\u1eddi d\u00f9ng c\u00f3 th\u1ec3 \u0111\u00ednh k\u00e8m h\u00ecnh \u1ea3nh, t\u00e0i li\u1ec7u ho\u1eb7c m\u00f4 t\u1ea3 r\u00f5 r\u00e0ng v\u1ea5n \u0111\u1ec1 \u0111\u1ec3 \u0111\u1ed9i ng\u0169 CSKH d\u1ec5 d\u00e0ng x\u1eed l\u00fd h\u01a1n.<\/span><\/p>\n<p><span style=\"font-weight: 400;\">Tuy nhi\u00ean, th\u1eddi gian ph\u1ea3n h\u1ed3i qua email s\u1ebd ch\u1eadm h\u01a1n so v\u1edbi c\u00e1c h\u00ecnh th\u1ee9c h\u1ed7 tr\u1ee3 tr\u1ef1c ti\u1ebfp. V\u00ec v\u1eady, \u0111\u00e2y l\u00e0 l\u1ef1a ch\u1ecdn l\u00fd t\u01b0\u1edfng cho nh\u1eefng v\u1ea5n \u0111\u1ec1 kh\u00f4ng qu\u00e1 kh\u1ea9n c\u1ea5p nh\u01b0ng c\u1ea7n c\u00e2u tr\u1ea3 l\u1eddi \u0111\u1ea7y \u0111\u1ee7 v\u00e0 ch\u00ednh x\u00e1c.<\/span><\/p>\n<h2><span class=\"ez-toc-section\" id=\"Lien_he_qua_hotline\"><\/span><b>Li\u00ean h\u1ec7 qua hotline<\/b><span class=\"ez-toc-section-end\"><\/span><\/h2>\n<p><span style=\"font-weight: 400;\">Hotline l\u00e0 k\u00eanh li\u00ean h\u1ec7 nhanh ch\u00f3ng nh\u1ea5t n\u1ebfu b\u1ea1n c\u1ea7n h\u1ed7 tr\u1ee3 ngay l\u1eadp t\u1ee9c. Khi g\u1ecdi t\u1ed5ng \u0111\u00e0i, b\u1ea1n s\u1ebd \u0111\u01b0\u1ee3c k\u1ebft n\u1ed1i v\u1edbi nh\u00e2n vi\u00ean tr\u1ef1c ho\u1eb7c \u0111\u1ec3 l\u1ea1i y\u00eau c\u1ea7u trong tr\u01b0\u1eddng h\u1ee3p t\u1ed5ng \u0111\u00e0i b\u1eadn.<\/span><\/p>\n<p><span style=\"font-weight: 400;\">Ph\u01b0\u01a1ng th\u1ee9c n\u00e0y \u0111\u1eb7c bi\u1ec7t ph\u00f9 h\u1ee3p khi b\u1ea1n c\u1ea7n h\u01b0\u1edbng d\u1eabn tr\u1ef1c ti\u1ebfp, gi\u1ea3i quy\u1ebft s\u1ef1 c\u1ed1 kh\u1ea9n c\u1ea5p ho\u1eb7c mu\u1ed1n ph\u1ea3n \u00e1nh v\u1ea5n \u0111\u1ec1 m\u1ed9t c\u00e1ch r\u00f5 r\u00e0ng, minh b\u1ea1ch. Tuy nhi\u00ean, v\u00e0o c\u00e1c khung gi\u1edd cao \u0111i\u1ec3m, th\u1eddi gian ch\u1edd c\u00f3 th\u1ec3 k\u00e9o d\u00e0i h\u01a1n.<\/span><\/p>\n<h2><span class=\"ez-toc-section\" id=\"Lien_he_qua_mang_xa_hoi\"><\/span><b>Li\u00ean h\u1ec7 qua m\u1ea1ng x\u00e3 h\u1ed9i<\/b><span class=\"ez-toc-section-end\"><\/span><\/h2>\n<p><span style=\"font-weight: 400;\">Cho\u00e1ng TV s\u1edf h\u1eefu h\u1ec7 th\u1ed1ng m\u1ea1ng x\u00e3 h\u1ed9i ch\u00ednh th\u1ee9c nh\u1eb1m ti\u1ebfp c\u1eadn v\u00e0 h\u1ed7 tr\u1ee3 kh\u00e1ch h\u00e0ng linh ho\u1ea1t h\u01a1n. T\u1ea1i \u0111\u00e2y, b\u1ea1n c\u00f3 th\u1ec3:<\/span><\/p>\n<ul>\n<li style=\"font-weight: 400;\" aria-level=\"1\"><span style=\"font-weight: 400;\">G\u1eedi tin nh\u1eafn tr\u1ef1c ti\u1ebfp<\/span><\/li>\n<li style=\"font-weight: 400;\" aria-level=\"1\"><span style=\"font-weight: 400;\">B\u00ecnh lu\u1eadn trong c\u00e1c b\u00e0i \u0111\u0103ng<\/span><\/li>\n<li style=\"font-weight: 400;\" aria-level=\"1\"><span style=\"font-weight: 400;\">Theo d\u00f5i nh\u1eefng th\u00f4ng b\u00e1o quan tr\u1ecdng<\/span><\/li>\n<\/ul>\n<p><span style=\"font-weight: 400;\">H\u00ecnh th\u1ee9c n\u00e0y r\u1ea5t ti\u1ec7n l\u1ee3i, ph\u00f9 h\u1ee3p v\u1edbi xu h\u01b0\u1edbng hi\u1ec7n nay khi ng\u01b0\u1eddi d\u00f9ng th\u01b0\u1eddng xuy\u00ean c\u1eadp nh\u1eadt qua m\u1ea1ng x\u00e3 h\u1ed9i. Tuy nhi\u00ean, b\u1ea1n c\u1ea7n \u0111\u1ea3m b\u1ea3o k\u1ebft n\u1ed1i \u0111\u00fang t\u00e0i kho\u1ea3n ch\u00ednh th\u1ee9c \u0111\u1ec3 tr\u00e1nh nh\u1ea7m l\u1eabn v\u1edbi c\u00e1c trang gi\u1ea3 m\u1ea1o.<\/span><\/p>\n<h1><span class=\"ez-toc-section\" id=\"Nhung_truong_hop_nao_Choang_TV_se_hoi_dap\"><\/span><b>Nh\u1eefng tr\u01b0\u1eddng h\u1ee3p n\u00e0o Cho\u00e1ng TV s\u1ebd h\u1ed3i \u0111\u00e1p<\/b><span class=\"ez-toc-section-end\"><\/span><\/h1>\n<p><span style=\"font-weight: 400;\"><strong><span style=\"color: #ed1c24;\">Choang TV<\/span><\/strong> cam k\u1ebft x\u1eed l\u00fd nhanh ch\u00f3ng c\u00e1c y\u00eau c\u1ea7u thu\u1ed9c nh\u1eefng tr\u01b0\u1eddng h\u1ee3p sau:<\/span><\/p>\n<ul>\n<li style=\"font-weight: 400;\" aria-level=\"1\"><span style=\"font-weight: 400;\">V\u1ea5n \u0111\u1ec1 v\u1ec1 k\u1ef9 thu\u1eadt: l\u1ed7i hi\u1ec3n th\u1ecb, l\u1ed7i k\u1ebft n\u1ed1i, s\u1ef1 c\u1ed1 truy c\u1eadp.<\/span><\/li>\n<li style=\"font-weight: 400;\" aria-level=\"1\"><span style=\"font-weight: 400;\">H\u1ed7 tr\u1ee3 li\u00ean quan \u0111\u1ebfn t\u00e0i kho\u1ea3n: \u0111\u0103ng k\u00fd, \u0111\u0103ng nh\u1eadp, thay \u0111\u1ed5i th\u00f4ng tin c\u00e1 nh\u00e2n.<\/span><\/li>\n<li style=\"font-weight: 400;\" aria-level=\"1\"><span style=\"font-weight: 400;\">Y\u00eau c\u1ea7u t\u01b0 v\u1ea5n n\u1ed9i dung ho\u1eb7c h\u01b0\u1edbng d\u1eabn s\u1eed d\u1ee5ng c\u00e1c t\u00ednh n\u0103ng tr\u00ean h\u1ec7 th\u1ed1ng.<\/span><\/li>\n<li style=\"font-weight: 400;\" aria-level=\"1\"><span style=\"font-weight: 400;\">Gi\u1ea3i \u0111\u00e1p th\u1eafc m\u1eafc v\u1ec1 ch\u00ednh s\u00e1ch, \u0111i\u1ec1u kho\u1ea3n, quy \u0111\u1ecbnh s\u1eed d\u1ee5ng d\u1ecbch v\u1ee5.<\/span><\/li>\n<li style=\"font-weight: 400;\" aria-level=\"1\"><span style=\"font-weight: 400;\">Ph\u1ea3n h\u1ed3i v\u00e0 khi\u1ebfu n\u1ea1i li\u00ean quan \u0111\u1ebfn ch\u1ea5t l\u01b0\u1ee3ng h\u1ed7 tr\u1ee3 ho\u1eb7c tr\u1ea3i nghi\u1ec7m c\u1ee7a ng\u01b0\u1eddi d\u00f9ng.<\/span><\/li>\n<li style=\"font-weight: 400;\" aria-level=\"1\"><span style=\"font-weight: 400;\">B\u00e1o c\u00e1o c\u00e1c d\u1ea5u hi\u1ec7u gi\u1ea3 m\u1ea1o, vi ph\u1ea1m ho\u1eb7c nguy c\u01a1 l\u1eeba \u0111\u1ea3o li\u00ean quan \u0111\u1ebfn th\u01b0\u01a1ng hi\u1ec7u Cho\u00e1ng TV.<\/span><\/li>\n<\/ul>\n<p><img loading=\"lazy\" decoding=\"async\" class=\"wp-image-403 aligncenter\" src=\"https:\/\/choangtv1.com\/tin-tuc\/wp-content\/uploads\/2025\/11\/giai-quyet-cac-van-de-lien-quan-den-tai-khoan-300x225.jpg\" alt=\"\" width=\"940\" height=\"705\" srcset=\"https:\/\/choangtv2.com\/tin-tuc\/wp-content\/uploads\/2025\/11\/giai-quyet-cac-van-de-lien-quan-den-tai-khoan-300x225.jpg 300w, https:\/\/choangtv2.com\/tin-tuc\/wp-content\/uploads\/2025\/11\/giai-quyet-cac-van-de-lien-quan-den-tai-khoan-768x576.jpg 768w, https:\/\/choangtv2.com\/tin-tuc\/wp-content\/uploads\/2025\/11\/giai-quyet-cac-van-de-lien-quan-den-tai-khoan.jpg 800w\" sizes=\"auto, (max-width: 940px) 100vw, 940px\" \/><\/p>\n<p style=\"text-align: center;\"><span style=\"font-weight: 400;\">M\u1ecdi y\u00eau c\u1ea7u g\u1eedi \u0111\u00fang th\u1eddi \u0111i\u1ec3m v\u00e0 theo \u0111\u00fang quy tr\u00ecnh s\u1ebd \u0111\u01b0\u1ee3c ti\u1ebfp nh\u1eadn v\u00e0 x\u1eed l\u00fd minh b\u1ea1ch.<\/span><\/p>\n<h1><span class=\"ez-toc-section\" id=\"Nhung_truong_hop_nao_Choang_TV_se_khong_hoi_dap\"><\/span><b>Nh\u1eefng tr\u01b0\u1eddng h\u1ee3p n\u00e0o Cho\u00e1ng TV s\u1ebd kh\u00f4ng h\u1ed3i \u0111\u00e1p<\/b><span class=\"ez-toc-section-end\"><\/span><\/h1>\n<p><span style=\"font-weight: 400;\">\u0110\u1ec3 t\u1ed1i \u01b0u h\u00f3a ch\u1ea5t l\u01b0\u1ee3ng d\u1ecbch v\u1ee5, <strong><span style=\"color: #ed1c24;\">ChoangTV<\/span><\/strong> c\u00f3 quy\u1ec1n t\u1eeb ch\u1ed1i ph\u1ea3n h\u1ed3i trong c\u00e1c tr\u01b0\u1eddng h\u1ee3p:<\/span><\/p>\n<ul>\n<li style=\"font-weight: 400;\" aria-level=\"1\"><span style=\"font-weight: 400;\">Y\u00eau c\u1ea7u s\u1eed d\u1ee5ng ng\u00f4n t\u1eeb x\u00fac ph\u1ea1m, thi\u1ebfu t\u00f4n tr\u1ecdng nh\u00e2n vi\u00ean ho\u1eb7c vi ph\u1ea1m thu\u1ea7n phong m\u1ef9 t\u1ee5c.<\/span><\/li>\n<li style=\"font-weight: 400;\" aria-level=\"1\"><span style=\"font-weight: 400;\">C\u00e1c v\u1ea5n \u0111\u1ec1 kh\u00f4ng li\u00ean quan \u0111\u1ebfn h\u1ec7 th\u1ed1ng ho\u1eb7c n\u1eb1m ngo\u00e0i ph\u1ea1m vi h\u1ed7 tr\u1ee3 c\u1ee7a Cho\u00e1ng TV.<\/span><\/li>\n<li style=\"font-weight: 400;\" aria-level=\"1\"><span style=\"font-weight: 400;\">N\u1ed9i dung mang t\u00ednh spam, qu\u1ea3ng c\u00e1o, ph\u00e1t t\u00e1n li\u00ean k\u1ebft \u0111\u1ed9c h\u1ea1i ho\u1eb7c nh\u1eb1m m\u1ee5c \u0111\u00edch tr\u1ee5c l\u1ee3i.<\/span><\/li>\n<li style=\"font-weight: 400;\" aria-level=\"1\"><span style=\"font-weight: 400;\">Th\u00f4ng tin ch\u01b0a \u0111\u1ea7y \u0111\u1ee7, kh\u00f4ng r\u00f5 r\u00e0ng v\u00e0 kh\u00f4ng th\u1ec3 x\u00e1c minh.<\/span><\/li>\n<li style=\"font-weight: 400;\" aria-level=\"1\"><span style=\"font-weight: 400;\">C\u00e1c li\u00ean h\u1ec7 t\u1eeb nh\u1eefng t\u00e0i kho\u1ea3n c\u00f3 d\u1ea5u hi\u1ec7u gian l\u1eadn ho\u1eb7c vi ph\u1ea1m ch\u00ednh s\u00e1ch tr\u01b0\u1edbc \u0111\u00f3.<\/span><\/li>\n<li aria-level=\"1\"><img loading=\"lazy\" decoding=\"async\" class=\"wp-image-404 aligncenter\" src=\"https:\/\/choangtv1.com\/tin-tuc\/wp-content\/uploads\/2025\/11\/nhung-luu-y-khi-lien-he-voi-choang-tv-300x225.jpg\" alt=\"\" width=\"853\" height=\"640\" srcset=\"https:\/\/choangtv2.com\/tin-tuc\/wp-content\/uploads\/2025\/11\/nhung-luu-y-khi-lien-he-voi-choang-tv-300x225.jpg 300w, https:\/\/choangtv2.com\/tin-tuc\/wp-content\/uploads\/2025\/11\/nhung-luu-y-khi-lien-he-voi-choang-tv-768x576.jpg 768w, https:\/\/choangtv2.com\/tin-tuc\/wp-content\/uploads\/2025\/11\/nhung-luu-y-khi-lien-he-voi-choang-tv.jpg 800w\" sizes=\"auto, (max-width: 853px) 100vw, 853px\" \/><\/li>\n<\/ul>\n<p style=\"text-align: center;\"><span style=\"font-weight: 400;\">Cho\u00e1ng TV lu\u00f4n c\u1ed1 g\u1eafng duy tr\u00ec m\u00f4i tr\u01b0\u1eddng h\u1ed7 tr\u1ee3 an to\u00e0n v\u00e0 c\u00f4ng b\u1eb1ng cho t\u1ea5t c\u1ea3 ng\u01b0\u1eddi d\u00f9ng.<\/span><\/p>\n<h1><span class=\"ez-toc-section\" id=\"Luu_y_khi_lien_he_Choang_TV\"><\/span><b>L\u01b0u \u00fd khi li\u00ean h\u1ec7 Cho\u00e1ng TV<\/b><span class=\"ez-toc-section-end\"><\/span><\/h1>\n<p><span style=\"font-weight: 400;\">\u0110\u1ec3 qu\u00e1 tr\u00ecnh h\u1ed7 tr\u1ee3 di\u1ec5n ra nhanh ch\u00f3ng v\u00e0 su\u00f4n s\u1ebb, b\u1ea1n n\u00ean ghi nh\u1edb c\u00e1c l\u01b0u \u00fd sau:<\/span><\/p>\n<ul>\n<li style=\"font-weight: 400;\" aria-level=\"1\"><span style=\"font-weight: 400;\">Chu\u1ea9n b\u1ecb s\u1eb5n th\u00f4ng tin chi ti\u1ebft v\u1ec1 v\u1ea5n \u0111\u1ec1 g\u1eb7p ph\u1ea3i.<\/span><\/li>\n<li style=\"font-weight: 400;\" aria-level=\"1\"><span style=\"font-weight: 400;\">Ki\u1ec3m tra k\u1ef9 c\u00e1c k\u00eanh li\u00ean h\u1ec7 ch\u00ednh th\u1ee9c \u0111\u1ec3 tr\u00e1nh b\u1ecb d\u1eabn d\u1ee5 b\u1edfi trang gi\u1ea3 m\u1ea1o.<\/span><\/li>\n<li style=\"font-weight: 400;\" aria-level=\"1\"><span style=\"font-weight: 400;\">S\u1eed d\u1ee5ng l\u1eddi l\u1ebd l\u1ecbch s\u1ef1, t\u00f4n tr\u1ecdng, h\u1ee3p t\u00e1c \u0111\u1ec3 nh\u00e2n vi\u00ean c\u00f3 th\u1ec3 h\u1ed7 tr\u1ee3 hi\u1ec7u qu\u1ea3 nh\u1ea5t.<\/span><\/li>\n<li style=\"font-weight: 400;\" aria-level=\"1\"><span style=\"font-weight: 400;\">Ch\u1ee5p l\u1ea1i m\u00e0n h\u00ecnh ho\u1eb7c l\u01b0u tr\u1eef th\u00f4ng tin c\u1ea7n thi\u1ebft tr\u01b0\u1edbc khi g\u1eedi y\u00eau c\u1ea7u.<\/span><\/li>\n<li style=\"font-weight: 400;\" aria-level=\"1\"><span style=\"font-weight: 400;\">Tr\u00e1nh li\u00ean h\u1ec7 nhi\u1ec1u k\u00eanh c\u00f9ng l\u00fac \u0111\u1ec3 gi\u1ea3m th\u1eddi gian x\u1eed l\u00fd ch\u1ed3ng ch\u00e9o.<\/span><\/li>\n<\/ul>\n<h1><span class=\"ez-toc-section\" id=\"Ket_luan\"><\/span><b>K\u1ebft lu\u1eadn<\/b><span class=\"ez-toc-section-end\"><\/span><\/h1>\n<p><span style=\"font-weight: 400;\">Vi\u1ec7c n\u1eafm r\u00f5 th\u00f4ng tin li\u00ean h\u1ec7 c\u1ee7a Cho\u00e1ng TV s\u1ebd gi\u00fap b\u1ea1n ch\u1ee7 \u0111\u1ed9ng h\u01a1n trong qu\u00e1 tr\u00ecnh s\u1eed d\u1ee5ng d\u1ecbch v\u1ee5 v\u00e0 \u0111\u1ea3m b\u1ea3o m\u1ecdi v\u1ea5n \u0111\u1ec1 \u0111\u1ec1u \u0111\u01b0\u1ee3c h\u1ed7 tr\u1ee3 nhanh ch\u00f3ng, ch\u00ednh x\u00e1c. V\u1edbi h\u1ec7 th\u1ed1ng CSKH chuy\u00ean nghi\u1ec7p, \u0111a d\u1ea1ng ph\u01b0\u01a1ng th\u1ee9c li\u00ean h\u1ec7 v\u00e0 quy tr\u00ecnh l\u00e0m vi\u1ec7c minh b\u1ea1ch, Cho\u00e1ng TV lu\u00f4n \u0111\u1eb7t l\u1ee3i \u00edch c\u1ee7a ng\u01b0\u1eddi d\u00f9ng l\u00ean h\u00e0ng \u0111\u1ea7u. H\u00e3y l\u1ef1a ch\u1ecdn k\u00eanh li\u00ean h\u1ec7 ph\u00f9 h\u1ee3p v\u00e0 th\u1ef1c hi\u1ec7n \u0111\u00fang c\u00e1c l\u01b0u \u00fd \u0111\u1ec3 nh\u1eadn \u0111\u01b0\u1ee3c s\u1ef1 h\u1ed7 tr\u1ee3 t\u1ed1t nh\u1ea5t.<\/span><\/p>\n","protected":false},"excerpt":{"rendered":"<p>Trong qu\u00e1 tr\u00ecnh s\u1eed d\u1ee5ng d\u1ecbch v\u1ee5 t\u1ea1i Cho\u00e1ng TV, vi\u1ec7c n\u1eafm r\u00f5 c\u00e1c k\u00eanh li\u00ean h\u1ec7 ch\u00ednh th\u1ee9c l\u00e0 y\u1ebfu t\u1ed1 v\u00f4 c\u00f9ng quan tr\u1ecdng \u0111\u1ec3 b\u1ea1n c\u00f3 th\u1ec3 nh\u1eadn \u0111\u01b0\u1ee3c s\u1ef1 h\u1ed7 tr\u1ee3 nhanh ch\u00f3ng v\u00e0 ch\u00ednh x\u00e1c. B\u1ed9 ph\u1eadn CSKH c\u1ee7a ch\u00fang t\u00f4i lu\u00f4n s\u1eb5n s\u00e0ng \u0111\u1ed3ng h\u00e0nh, gi\u1ea3i \u0111\u00e1p m\u1ecdi th\u1eafc [&#8230;]\n","protected":false},"author":1,"featured_media":402,"parent":0,"menu_order":0,"comment_status":"closed","ping_status":"closed","template":"","meta":{"footnotes":""},"class_list":["post-401","page","type-page","status-publish","has-post-thumbnail","hentry"],"_links":{"self":[{"href":"https:\/\/choangtv2.com\/tin-tuc\/wp-json\/wp\/v2\/pages\/401","targetHints":{"allow":["GET"]}}],"collection":[{"href":"https:\/\/choangtv2.com\/tin-tuc\/wp-json\/wp\/v2\/pages"}],"about":[{"href":"https:\/\/choangtv2.com\/tin-tuc\/wp-json\/wp\/v2\/types\/page"}],"author":[{"embeddable":true,"href":"https:\/\/choangtv2.com\/tin-tuc\/wp-json\/wp\/v2\/users\/1"}],"replies":[{"embeddable":true,"href":"https:\/\/choangtv2.com\/tin-tuc\/wp-json\/wp\/v2\/comments?post=401"}],"version-history":[{"count":5,"href":"https:\/\/choangtv2.com\/tin-tuc\/wp-json\/wp\/v2\/pages\/401\/revisions"}],"predecessor-version":[{"id":425,"href":"https:\/\/choangtv2.com\/tin-tuc\/wp-json\/wp\/v2\/pages\/401\/revisions\/425"}],"wp:featuredmedia":[{"embeddable":true,"href":"https:\/\/choangtv2.com\/tin-tuc\/wp-json\/wp\/v2\/media\/402"}],"wp:attachment":[{"href":"https:\/\/choangtv2.com\/tin-tuc\/wp-json\/wp\/v2\/media?parent=401"}],"curies":[{"name":"wp","href":"https:\/\/api.w.org\/{rel}","templated":true}]}}