{"id":406,"date":"2025-11-18T06:39:16","date_gmt":"2025-11-18T06:39:16","guid":{"rendered":"https:\/\/choangtv.com\/tin-tuc\/?page_id=406"},"modified":"2026-03-19T22:37:27","modified_gmt":"2026-03-19T15:37:27","slug":"cau-hoi-thuong-gap","status":"publish","type":"page","link":"https:\/\/choangtv2.com\/tin-tuc\/cau-hoi-thuong-gap\/","title":{"rendered":"C\u00e2u H\u1ecfi Th\u01b0\u1eddng G\u1eb7p \u2013 Gi\u1ea3i \u0110\u00e1p Th\u1eafc M\u1eafc T\u1ea1i Cho\u00e1ng TV"},"content":{"rendered":"<p><span style=\"font-weight: 400;\">Trong qu\u00e1 tr\u00ecnh tr\u1ea3i nghi\u1ec7m c\u00e1c d\u1ecbch v\u1ee5 gi\u1ea3i tr\u00ed tr\u1ef1c tuy\u1ebfn, ng\u01b0\u1eddi d\u00f9ng m\u1edbi th\u01b0\u1eddng s\u1ebd c\u00f3 nhi\u1ec1u c\u00e2u h\u1ecfi th\u01b0\u1eddng g\u1eb7p v\u1ec1 t\u00ednh h\u1ee3p ph\u00e1p, \u0111\u1ed9 uy t\u00edn c\u1ee7a<\/span><a href=\"https:\/\/choangtv1.com\/\" rel=\"nofollow noopener\" target=\"_blank\"> <b>Cho\u00e1ng TV<\/b><\/a><span style=\"font-weight: 400;\">. \u0110\u1ec3 gi\u00fap b\u1ea1n hi\u1ec3u r\u00f5 h\u01a1n v\u00e0 c\u00f3 c\u00e1i nh\u00ecn to\u00e0n di\u1ec7n tr\u01b0\u1edbc khi tham gia, b\u00e0i vi\u1ebft n\u00e0y s\u1ebd t\u1ed5ng h\u1ee3p v\u00e0 gi\u1ea3i \u0111\u00e1p chi ti\u1ebft nh\u1eefng th\u1eafc m\u1eafc ph\u1ed5 bi\u1ebfn nh\u1ea5t.<\/span><\/p>\n<div id=\"ez-toc-container\" class=\"ez-toc-v2_0_77 counter-hierarchy ez-toc-counter ez-toc-black ez-toc-container-direction\">\n<div class=\"ez-toc-title-container\">\n<p class=\"ez-toc-title\" style=\"cursor:inherit\">M\u1ee5c L\u1ee5c<\/p>\n<span class=\"ez-toc-title-toggle\"><a href=\"#\" class=\"ez-toc-pull-right ez-toc-btn ez-toc-btn-xs ez-toc-btn-default ez-toc-toggle\" aria-label=\"Toggle Table of Content\"><span class=\"ez-toc-js-icon-con\"><span class=\"\"><span class=\"eztoc-hide\" style=\"display:none;\">Toggle<\/span><span class=\"ez-toc-icon-toggle-span\"><svg style=\"fill: #999;color:#999\" xmlns=\"http:\/\/www.w3.org\/2000\/svg\" class=\"list-377408\" width=\"20px\" height=\"20px\" viewBox=\"0 0 24 24\" fill=\"none\"><path d=\"M6 6H4v2h2V6zm14 0H8v2h12V6zM4 11h2v2H4v-2zm16 0H8v2h12v-2zM4 16h2v2H4v-2zm16 0H8v2h12v-2z\" fill=\"currentColor\"><\/path><\/svg><svg style=\"fill: #999;color:#999\" class=\"arrow-unsorted-368013\" xmlns=\"http:\/\/www.w3.org\/2000\/svg\" width=\"10px\" height=\"10px\" viewBox=\"0 0 24 24\" version=\"1.2\" baseProfile=\"tiny\"><path d=\"M18.2 9.3l-6.2-6.3-6.2 6.3c-.2.2-.3.4-.3.7s.1.5.3.7c.2.2.4.3.7.3h11c.3 0 .5-.1.7-.3.2-.2.3-.5.3-.7s-.1-.5-.3-.7zM5.8 14.7l6.2 6.3 6.2-6.3c.2-.2.3-.5.3-.7s-.1-.5-.3-.7c-.2-.2-.4-.3-.7-.3h-11c-.3 0-.5.1-.7.3-.2.2-.3.5-.3.7s.1.5.3.7z\"\/><\/svg><\/span><\/span><\/span><\/a><\/span><\/div>\n<nav><ul class='ez-toc-list ez-toc-list-level-1 eztoc-toggle-hide-by-default' ><li class='ez-toc-page-1 ez-toc-heading-level-2'><a class=\"ez-toc-link ez-toc-heading-1\" href=\"https:\/\/choangtv2.com\/tin-tuc\/cau-hoi-thuong-gap\/#Choang_TV_uy_tin_khong\" >Cho\u00e1ng TV uy t\u00edn kh\u00f4ng?<\/a><\/li><li class='ez-toc-page-1 ez-toc-heading-level-2'><a class=\"ez-toc-link ez-toc-heading-2\" href=\"https:\/\/choangtv2.com\/tin-tuc\/cau-hoi-thuong-gap\/#Choang_TV_co_thu_phi_nguoi_dung_khong\" >Cho\u00e1ng TV c\u00f3 thu ph\u00ed ng\u01b0\u1eddi d\u00f9ng kh\u00f4ng?<\/a><\/li><li class='ez-toc-page-1 ez-toc-heading-level-2'><a class=\"ez-toc-link ez-toc-heading-3\" href=\"https:\/\/choangtv2.com\/tin-tuc\/cau-hoi-thuong-gap\/#Choang_TV_co_lay_thong_tin_nguoi_dung_khong\" >Cho\u00e1ng TV c\u00f3 l\u1ea5y th\u00f4ng tin ng\u01b0\u1eddi d\u00f9ng kh\u00f4ng?<\/a><\/li><li class='ez-toc-page-1 ez-toc-heading-level-2'><a class=\"ez-toc-link ez-toc-heading-4\" href=\"https:\/\/choangtv2.com\/tin-tuc\/cau-hoi-thuong-gap\/#Tai_sao_khong_the_truy_cap_vao_Choang_TV_duoc\" >T\u1ea1i sao kh\u00f4ng th\u1ec3 truy c\u1eadp v\u00e0o Cho\u00e1ng TV \u0111\u01b0\u1ee3c?<\/a><ul class='ez-toc-list-level-3' ><li class='ez-toc-heading-level-3'><a class=\"ez-toc-link ez-toc-heading-5\" href=\"https:\/\/choangtv2.com\/tin-tuc\/cau-hoi-thuong-gap\/#Bi_chan_boi_nha_mang\" >B\u1ecb ch\u1eb7n b\u1edfi nh\u00e0 m\u1ea1ng<\/a><\/li><li class='ez-toc-page-1 ez-toc-heading-level-3'><a class=\"ez-toc-link ez-toc-heading-6\" href=\"https:\/\/choangtv2.com\/tin-tuc\/cau-hoi-thuong-gap\/#Link_truy_cap_da_cu_hoac_sai\" >Link truy c\u1eadp \u0111\u00e3 c\u0169 ho\u1eb7c sai<\/a><\/li><li class='ez-toc-page-1 ez-toc-heading-level-3'><a class=\"ez-toc-link ez-toc-heading-7\" href=\"https:\/\/choangtv2.com\/tin-tuc\/cau-hoi-thuong-gap\/#Bao_tri_he_thong\" >B\u1ea3o tr\u00ec h\u1ec7 th\u1ed1ng<\/a><\/li><\/ul><\/li><li class='ez-toc-page-1 ez-toc-heading-level-2'><a class=\"ez-toc-link ez-toc-heading-8\" href=\"https:\/\/choangtv2.com\/tin-tuc\/cau-hoi-thuong-gap\/#Choang_TV_tuong_thich_voi_nhung_nen_tang_nao\" >Cho\u00e1ng TV t\u01b0\u01a1ng th\u00edch v\u1edbi nh\u1eefng n\u1ec1n t\u1ea3ng n\u00e0o?<\/a><\/li><li class='ez-toc-page-1 ez-toc-heading-level-2'><a class=\"ez-toc-link ez-toc-heading-9\" href=\"https:\/\/choangtv2.com\/tin-tuc\/cau-hoi-thuong-gap\/#Ket_luan\" >K\u1ebft lu\u1eadn<\/a><\/li><\/ul><\/nav><\/div>\n<h2><span class=\"ez-toc-section\" id=\"Choang_TV_uy_tin_khong\"><\/span><span style=\"font-weight: 400;\">Cho\u00e1ng TV uy t\u00edn kh\u00f4ng?<\/span><span class=\"ez-toc-section-end\"><\/span><\/h2>\n<p><span style=\"font-weight: 400;\">M\u1ed9t trong nh\u1eefng th\u1eafc m\u1eafc \u0111\u1ea7u ti\u00ean m\u00e0 ng\u01b0\u1eddi d\u00f9ng quan t\u00e2m ch\u00ednh l\u00e0 m\u1ee9c \u0111\u1ed9 uy t\u00edn v\u00e0 minh b\u1ea1ch c\u1ee7a Cho\u00e1ng TV. H\u1ec7 th\u1ed1ng n\u00e0y \u0111\u01b0\u1ee3c \u0111\u00e1nh gi\u00e1 l\u00e0 m\u1ed9t trong nh\u1eefng n\u1ec1n t\u1ea3ng gi\u1ea3i tr\u00ed tr\u1ef1c tuy\u1ebfn h\u00e0ng \u0111\u1ea7u hi\u1ec7n nay, ho\u1ea1t \u0111\u1ed9ng h\u1ee3p ph\u00e1p v\u00e0 c\u00f3 gi\u1ea5y ph\u00e9p cung c\u1ea5p n\u1ed9i dung s\u1ed1 r\u00f5 r\u00e0ng.<\/span><\/p>\n<p><span style=\"font-weight: 400;\">Cho\u00e1ng TV \u0111\u01b0\u1ee3c ph\u00e1t tri\u1ec3n v\u00e0 qu\u1ea3n l\u00fd b\u1edfi \u0111\u1ed9i ng\u0169 chuy\u00ean nghi\u1ec7p, \u1ee9ng d\u1ee5ng c\u00f4ng ngh\u1ec7 b\u1ea3o m\u1eadt ti\u00ean ti\u1ebfn nh\u1ea5t nh\u01b0 SSL 256-bit v\u00e0 h\u1ec7 th\u1ed1ng t\u01b0\u1eddng l\u1eeda \u0111a l\u1edbp, \u0111\u1ea3m b\u1ea3o d\u1eef li\u1ec7u c\u1ee7a ng\u01b0\u1eddi d\u00f9ng lu\u00f4n \u0111\u01b0\u1ee3c an to\u00e0n tuy\u1ec7t \u0111\u1ed1i.<\/span><\/p>\n<p><img loading=\"lazy\" decoding=\"async\" class=\"wp-image-408 aligncenter\" src=\"https:\/\/choangtv1.com\/tin-tuc\/wp-content\/uploads\/2025\/11\/choang-tv-dam-bao-uy-tin-duoc-nhieu-nguoi-lua-chon-300x225.jpg\" alt=\"\" width=\"869\" height=\"652\" srcset=\"https:\/\/choangtv2.com\/tin-tuc\/wp-content\/uploads\/2025\/11\/choang-tv-dam-bao-uy-tin-duoc-nhieu-nguoi-lua-chon-300x225.jpg 300w, https:\/\/choangtv2.com\/tin-tuc\/wp-content\/uploads\/2025\/11\/choang-tv-dam-bao-uy-tin-duoc-nhieu-nguoi-lua-chon-768x576.jpg 768w, https:\/\/choangtv2.com\/tin-tuc\/wp-content\/uploads\/2025\/11\/choang-tv-dam-bao-uy-tin-duoc-nhieu-nguoi-lua-chon.jpg 800w\" sizes=\"auto, (max-width: 869px) 100vw, 869px\" \/><\/p>\n<p style=\"text-align: center;\"><span style=\"font-weight: 400;\">Cho\u00e1ng TV \u0111\u1ea3m b\u1ea3o uy t\u00edn, \u0111\u01b0\u1ee3c nhi\u1ec1u ng\u01b0\u1eddi l\u1ef1a ch\u1ecdn\u00a0<\/span><\/p>\n<h2><span class=\"ez-toc-section\" id=\"Choang_TV_co_thu_phi_nguoi_dung_khong\"><\/span><span style=\"font-weight: 400;\">Cho\u00e1ng TV c\u00f3 thu ph\u00ed ng\u01b0\u1eddi d\u00f9ng kh\u00f4ng?<\/span><span class=\"ez-toc-section-end\"><\/span><\/h2>\n<p><span style=\"font-weight: 400;\">Hi\u1ec7n t\u1ea1i, h\u1ec7 th\u1ed1ng cho ph\u00e9p ng\u01b0\u1eddi d\u00f9ng truy c\u1eadp ho\u00e0n to\u00e0n mi\u1ec5n ph\u00ed \u0111\u1ed1i v\u1edbi ph\u1ea7n l\u1edbn n\u1ed9i dung gi\u1ea3i tr\u00ed c\u01a1 b\u1ea3n.<\/span><\/p>\n<ul>\n<li style=\"font-weight: 400;\" aria-level=\"1\"><span style=\"font-weight: 400;\">Kh\u00f4ng b\u1ecb gi\u00e1n \u0111o\u1ea1n b\u1edfi qu\u1ea3ng c\u00e1o.<\/span><\/li>\n<li style=\"font-weight: 400;\" aria-level=\"1\"><span style=\"font-weight: 400;\">Xem n\u1ed9i dung ch\u1ea5t l\u01b0\u1ee3ng cao (Full HD ho\u1eb7c 4K).<\/span><\/li>\n<li style=\"font-weight: 400;\" aria-level=\"1\"><span style=\"font-weight: 400;\">Truy c\u1eadp s\u1edbm c\u00e1c ch\u01b0\u01a1ng tr\u00ecnh ho\u1eb7c s\u1ef1 ki\u1ec7n \u0111\u1eb7c bi\u1ec7t.<\/span><\/li>\n<\/ul>\n<p><img loading=\"lazy\" decoding=\"async\" class=\"wp-image-409 aligncenter\" src=\"https:\/\/choangtv1.com\/tin-tuc\/wp-content\/uploads\/2025\/11\/choang-tv-khong-thu-phi-nguoi-dung-khi-tham-gia-300x225.jpg\" alt=\"\" width=\"988\" height=\"741\" srcset=\"https:\/\/choangtv2.com\/tin-tuc\/wp-content\/uploads\/2025\/11\/choang-tv-khong-thu-phi-nguoi-dung-khi-tham-gia-300x225.jpg 300w, https:\/\/choangtv2.com\/tin-tuc\/wp-content\/uploads\/2025\/11\/choang-tv-khong-thu-phi-nguoi-dung-khi-tham-gia-768x576.jpg 768w, https:\/\/choangtv2.com\/tin-tuc\/wp-content\/uploads\/2025\/11\/choang-tv-khong-thu-phi-nguoi-dung-khi-tham-gia.jpg 800w\" sizes=\"auto, (max-width: 988px) 100vw, 988px\" \/><\/p>\n<p style=\"text-align: center;\"><span style=\"font-weight: 400;\">Cho\u00e1ng TV kh\u00f4ng thu ph\u00ed ng\u01b0\u1eddi d\u00f9ng khi tham gia <\/span><\/p>\n<p>&nbsp;<\/p>\n<h2><span class=\"ez-toc-section\" id=\"Choang_TV_co_lay_thong_tin_nguoi_dung_khong\"><\/span><span style=\"font-weight: 400;\">Cho\u00e1ng TV c\u00f3 l\u1ea5y th\u00f4ng tin ng\u01b0\u1eddi d\u00f9ng kh\u00f4ng?<\/span><span class=\"ez-toc-section-end\"><\/span><\/h2>\n<p><span style=\"color: #ed1c24;\"><b>Choang TV<\/b><\/span><span style=\"font-weight: 400;\"> cam k\u1ebft kh\u00f4ng thu th\u1eadp hay chia s\u1ebb d\u1eef li\u1ec7u ng\u01b0\u1eddi d\u00f9ng cho b\u00ean th\u1ee9 ba m\u00e0 kh\u00f4ng c\u00f3 s\u1ef1 cho ph\u00e9p. C\u00e1c th\u00f4ng tin m\u00e0 h\u1ec7 th\u1ed1ng y\u00eau c\u1ea7u (n\u1ebfu c\u00f3) nh\u01b0 email, t\u00ean \u0111\u0103ng nh\u1eadp, ho\u1eb7c t\u00e0i kho\u1ea3n li\u00ean k\u1ebft ch\u1ec9 nh\u1eb1m m\u1ee5c \u0111\u00edch x\u00e1c minh danh t\u00ednh v\u00e0 t\u1ed1i \u01b0u h\u00f3a tr\u1ea3i nghi\u1ec7m ng\u01b0\u1eddi d\u00f9ng.<\/span><\/p>\n<p><span style=\"font-weight: 400;\">T\u1ea5t c\u1ea3 d\u1eef li\u1ec7u \u0111\u1ec1u \u0111\u01b0\u1ee3c m\u00e3 h\u00f3a theo chu\u1ea9n qu\u1ed1c t\u1ebf v\u00e0 l\u01b0u tr\u1eef an to\u00e0n trong h\u1ec7 th\u1ed1ng b\u1ea3o m\u1eadt ri\u00eang. Cho\u00e1ng TV c\u0169ng khuy\u1ebfn c\u00e1o ng\u01b0\u1eddi d\u00f9ng kh\u00f4ng chia s\u1ebb th\u00f4ng tin t\u00e0i kho\u1ea3n, m\u1eadt kh\u1ea9u hay m\u00e3 x\u00e1c th\u1ef1c OTP cho b\u1ea5t k\u1ef3 ai.\u00a0<\/span><\/p>\n<h2><span class=\"ez-toc-section\" id=\"Tai_sao_khong_the_truy_cap_vao_Choang_TV_duoc\"><\/span><span style=\"font-weight: 400;\">T\u1ea1i sao kh\u00f4ng th\u1ec3 truy c\u1eadp v\u00e0o Cho\u00e1ng TV \u0111\u01b0\u1ee3c?<\/span><span class=\"ez-toc-section-end\"><\/span><\/h2>\n<p><span style=\"font-weight: 400;\">C\u00f3 m\u1ed9t s\u1ed1 tr\u01b0\u1eddng h\u1ee3p ng\u01b0\u1eddi d\u00f9ng ph\u1ea3n \u00e1nh r\u1eb1ng kh\u00f4ng th\u1ec3 truy c\u1eadp v\u00e0o Cho\u00e1ng TV, ho\u1eb7c g\u1eb7p l\u1ed7i khi t\u1ea3i trang. Th\u1ef1c t\u1ebf, v\u1ea5n \u0111\u1ec1 n\u00e0y c\u00f3 th\u1ec3 xu\u1ea5t ph\u00e1t t\u1eeb nhi\u1ec1u nguy\u00ean nh\u00e2n kh\u00e1c nhau. H\u00e3y c\u00f9ng xem chi ti\u1ebft c\u00e1c l\u00fd do ph\u1ed5 bi\u1ebfn v\u00e0 c\u00e1ch kh\u1eafc ph\u1ee5c d\u01b0\u1edbi \u0111\u00e2y.<\/span><\/p>\n<h3><span class=\"ez-toc-section\" id=\"Bi_chan_boi_nha_mang\"><\/span><span style=\"font-weight: 400;\">B\u1ecb ch\u1eb7n b\u1edfi nh\u00e0 m\u1ea1ng<\/span><span class=\"ez-toc-section-end\"><\/span><\/h3>\n<p><span style=\"font-weight: 400;\">M\u1ed9t s\u1ed1 nh\u00e0 m\u1ea1ng trong n\u01b0\u1edbc c\u00f3 th\u1ec3 t\u1ea1m th\u1eddi ch\u1eb7n truy c\u1eadp \u0111\u1ebfn Cho\u00e1ng TV do c\u00e1c ch\u00ednh s\u00e1ch k\u1ef9 thu\u1eadt ho\u1eb7c b\u1ea3o tr\u00ec h\u1ea1 t\u1ea7ng. N\u1ebfu b\u1ea1n kh\u00f4ng th\u1ec3 v\u00e0o trang, h\u00e3y th\u1eed \u0111\u1ed5i DNS (ho\u1eb7c s\u1eed d\u1ee5ng tr\u00ecnh duy\u1ec7t h\u1ed7 tr\u1ee3 VPN \u0111\u1ec3 kh\u1eafc ph\u1ee5c.<\/span><\/p>\n<p><span style=\"font-weight: 400;\">Trong ph\u1ea7n l\u1edbn c\u00e1c tr\u01b0\u1eddng h\u1ee3p, vi\u1ec7c thay \u0111\u1ed5i \u0111\u01b0\u1eddng truy\u1ec1n ho\u1eb7c s\u1eed d\u1ee5ng \u0111\u01b0\u1eddng link d\u1ef1 ph\u00f2ng do h\u1ec7 th\u1ed1ng cung c\u1ea5p s\u1ebd gi\u00fap b\u1ea1n v\u00e0o \u0111\u01b0\u1ee3c trang b\u00ecnh th\u01b0\u1eddng.<\/span><\/p>\n<h3><span class=\"ez-toc-section\" id=\"Link_truy_cap_da_cu_hoac_sai\"><\/span><span style=\"font-weight: 400;\">Link truy c\u1eadp \u0111\u00e3 c\u0169 ho\u1eb7c sai<\/span><span class=\"ez-toc-section-end\"><\/span><\/h3>\n<p><span style=\"font-weight: 400;\">Cho\u00e1ng TV th\u01b0\u1eddng xuy\u00ean c\u1eadp nh\u1eadt \u0111\u01b0\u1eddng d\u1eabn truy c\u1eadp m\u1edbi nh\u1ea5t \u0111\u1ec3 \u0111\u1ea3m b\u1ea3o t\u1ed1c \u0111\u1ed9 t\u1ea3i v\u00e0 b\u1ea3o m\u1eadt. N\u1ebfu b\u1ea1n \u0111ang s\u1eed d\u1ee5ng \u0111\u01b0\u1eddng link c\u0169 ho\u1eb7c \u0111\u00e3 h\u1ebft h\u1ea1n, r\u1ea5t c\u00f3 th\u1ec3 h\u1ec7 th\u1ed1ng s\u1ebd b\u00e1o l\u1ed7i.<\/span><\/p>\n<p><span style=\"font-weight: 400;\">Gi\u1ea3i ph\u00e1p \u0111\u01a1n gi\u1ea3n l\u00e0 truy c\u1eadp v\u00e0o trang ch\u1ee7 ch\u00ednh th\u1ee9c ho\u1eb7c link d\u1ef1 ph\u00f2ng \u0111\u01b0\u1ee3c Cho\u00e1ng TV c\u00f4ng b\u1ed1 tr\u00ean c\u00e1c k\u00eanh truy\u1ec1n th\u00f4ng \u0111\u1ec3 \u0111\u1ea3m b\u1ea3o b\u1ea1n \u0111ang \u1edf \u0111\u00fang \u0111\u1ecba ch\u1ec9.<\/span><\/p>\n<h3><span class=\"ez-toc-section\" id=\"Bao_tri_he_thong\"><\/span><span style=\"font-weight: 400;\">B\u1ea3o tr\u00ec h\u1ec7 th\u1ed1ng<\/span><span class=\"ez-toc-section-end\"><\/span><\/h3>\n<p><span style=\"font-weight: 400;\">\u0110\u00f4i khi, Cho\u00e1ng TV s\u1ebd ti\u1ebfn h\u00e0nh b\u1ea3o tr\u00ec \u0111\u1ecbnh k\u1ef3 \u0111\u1ec3 n\u00e2ng c\u1ea5p giao di\u1ec7n, c\u1ea3i thi\u1ec7n t\u1ed1c \u0111\u1ed9 x\u1eed l\u00fd ho\u1eb7c c\u1eadp nh\u1eadt n\u1ed9i dung. Trong th\u1eddi gian n\u00e0y, ng\u01b0\u1eddi d\u00f9ng c\u00f3 th\u1ec3 t\u1ea1m th\u1eddi kh\u00f4ng v\u00e0o \u0111\u01b0\u1ee3c trang.<\/span><\/p>\n<p><span style=\"font-weight: 400;\">Th\u1eddi gian b\u1ea3o tr\u00ec th\u01b0\u1eddng \u0111\u01b0\u1ee3c th\u00f4ng b\u00e1o tr\u01b0\u1edbc tr\u00ean website ho\u1eb7c fanpage ch\u00ednh th\u1ee9c. Sau khi qu\u00e1 tr\u00ecnh ho\u00e0n t\u1ea5t, b\u1ea1n c\u00f3 th\u1ec3 \u0111\u0103ng nh\u1eadp l\u1ea1i b\u00ecnh th\u01b0\u1eddng. N\u1ebfu v\u1eabn kh\u00f4ng th\u1ec3 truy c\u1eadp, h\u00e3y th\u1eed x\u00f3a b\u1ed9 nh\u1edb cache ho\u1eb7c l\u00e0m m\u1edbi tr\u00ecnh duy\u1ec7t.<\/span><\/p>\n<p><img loading=\"lazy\" decoding=\"async\" class=\"wp-image-407 aligncenter\" src=\"https:\/\/choangtv1.com\/tin-tuc\/wp-content\/uploads\/2025\/11\/bao-tri-he-thong-trang-web-dinh-ky-300x225.jpg\" alt=\"\" width=\"1001\" height=\"751\" srcset=\"https:\/\/choangtv2.com\/tin-tuc\/wp-content\/uploads\/2025\/11\/bao-tri-he-thong-trang-web-dinh-ky-300x225.jpg 300w, https:\/\/choangtv2.com\/tin-tuc\/wp-content\/uploads\/2025\/11\/bao-tri-he-thong-trang-web-dinh-ky-768x576.jpg 768w, https:\/\/choangtv2.com\/tin-tuc\/wp-content\/uploads\/2025\/11\/bao-tri-he-thong-trang-web-dinh-ky.jpg 800w\" sizes=\"auto, (max-width: 1001px) 100vw, 1001px\" \/><\/p>\n<p style=\"text-align: center;\"><span style=\"font-weight: 400;\">B\u1ea3o tr\u00ec h\u1ec7 th\u1ed1ng trang web \u0111\u1ecbnh k\u1ef3\u00a0<\/span><\/p>\n<h2><span class=\"ez-toc-section\" id=\"Choang_TV_tuong_thich_voi_nhung_nen_tang_nao\"><\/span><span style=\"font-weight: 400;\">Cho\u00e1ng TV t\u01b0\u01a1ng th\u00edch v\u1edbi nh\u1eefng n\u1ec1n t\u1ea3ng n\u00e0o?<\/span><span class=\"ez-toc-section-end\"><\/span><\/h2>\n<p><span style=\"color: #ed1c24;\"><b>ChoangTV<\/b><\/span><span style=\"font-weight: 400;\"> \u0111\u01b0\u1ee3c ph\u00e1t tri\u1ec3n v\u1edbi giao di\u1ec7n th\u00e2n thi\u1ec7n, t\u01b0\u01a1ng th\u00edch \u0111a n\u1ec1n t\u1ea3ng \u0111\u1ec3 \u0111\u00e1p \u1ee9ng nhu c\u1ea7u gi\u1ea3i tr\u00ed linh ho\u1ea1t c\u1ee7a ng\u01b0\u1eddi d\u00f9ng. B\u1ea1n c\u00f3 th\u1ec3 truy c\u1eadp d\u1ecbch v\u1ee5 tr\u00ean:<\/span><\/p>\n<ul>\n<li style=\"font-weight: 400;\" aria-level=\"1\"><span style=\"font-weight: 400;\">M\u00e1y t\u00ednh \u0111\u1ec3 b\u00e0n ho\u1eb7c laptop: H\u1ed7 tr\u1ee3 t\u1ed1t tr\u00ean c\u00e1c tr\u00ecnh duy\u1ec7t ph\u1ed5 bi\u1ebfn nh\u01b0 Chrome, Safari, Edge ho\u1eb7c Firefox.<\/span><\/li>\n<li style=\"font-weight: 400;\" aria-level=\"1\"><span style=\"font-weight: 400;\">\u0110i\u1ec7n tho\u1ea1i th\u00f4ng minh v\u00e0 m\u00e1y t\u00ednh b\u1ea3ng: H\u1ec7 th\u1ed1ng t\u1ed1i \u01b0u h\u00f3a cho iOS v\u00e0 Android, gi\u00fap ng\u01b0\u1eddi xem d\u1ec5 d\u00e0ng th\u01b0\u1edfng th\u1ee9c n\u1ed9i dung m\u1ecdi l\u00fac m\u1ecdi n\u01a1i.<\/span><\/li>\n<\/ul>\n<p><span style=\"font-weight: 400;\">Vi\u1ec7c t\u01b0\u01a1ng th\u00edch \u0111a n\u1ec1n t\u1ea3ng kh\u00f4ng ch\u1ec9 gi\u00fap ng\u01b0\u1eddi d\u00f9ng thu\u1eadn ti\u1ec7n h\u01a1n trong vi\u1ec7c xem n\u1ed9i dung m\u00e0 c\u00f2n t\u1ed1i \u01b0u tr\u1ea3i nghi\u1ec7m v\u1edbi h\u00ecnh \u1ea3nh s\u1eafc n\u00e9t, t\u1ed1c \u0111\u1ed9 m\u01b0\u1ee3t m\u00e0 v\u00e0 thao t\u00e1c d\u1ec5 d\u00e0ng.<\/span><\/p>\n<h2><span class=\"ez-toc-section\" id=\"Ket_luan\"><\/span><span style=\"font-weight: 400;\">K\u1ebft lu\u1eadn<\/span><span class=\"ez-toc-section-end\"><\/span><\/h2>\n<p><span style=\"font-weight: 400;\">\u00a0<\/span><a href=\"https:\/\/choangtv1.com\/tin-tuc\/cau-hoi-thuong-gap\/\" rel=\"nofollow noopener\" target=\"_blank\"><b>C\u00e2u h\u1ecfi th\u01b0\u1eddng g\u1eb7p<\/b><\/a><span style=\"font-weight: 400;\"> t\u1ea1i Cho\u00e1ng TV c\u00f9ng ph\u1ea7n gi\u1ea3i \u0111\u00e1p chi ti\u1ebft gi\u00fap b\u1ea1n hi\u1ec3u r\u00f5 h\u01a1n v\u1ec1 n\u1ec1n t\u1ea3ng n\u00e0y. V\u1edbi \u0111\u1ecbnh h\u01b0\u1edbng ph\u00e1t tri\u1ec3n minh b\u1ea1ch, uy t\u00edn v\u00e0 lu\u00f4n \u0111\u1eb7t tr\u1ea3i nghi\u1ec7m ng\u01b0\u1eddi d\u00f9ng l\u00ean h\u00e0ng \u0111\u1ea7u, Cho\u00e1ng TV cam k\u1ebft mang \u0111\u1ebfn kh\u00f4ng gian gi\u1ea3i tr\u00ed an to\u00e0n, hi\u1ec7n \u0111\u1ea1i v\u00e0 ch\u1ea5t l\u01b0\u1ee3ng nh\u1ea5t.<\/span><\/p>\n<p>&nbsp;<\/p>\n","protected":false},"excerpt":{"rendered":"<p>Trong qu\u00e1 tr\u00ecnh tr\u1ea3i nghi\u1ec7m c\u00e1c d\u1ecbch v\u1ee5 gi\u1ea3i tr\u00ed tr\u1ef1c tuy\u1ebfn, ng\u01b0\u1eddi d\u00f9ng m\u1edbi th\u01b0\u1eddng s\u1ebd c\u00f3 nhi\u1ec1u c\u00e2u h\u1ecfi th\u01b0\u1eddng g\u1eb7p v\u1ec1 t\u00ednh h\u1ee3p ph\u00e1p, \u0111\u1ed9 uy t\u00edn c\u1ee7a Cho\u00e1ng TV. \u0110\u1ec3 gi\u00fap b\u1ea1n hi\u1ec3u r\u00f5 h\u01a1n v\u00e0 c\u00f3 c\u00e1i nh\u00ecn to\u00e0n di\u1ec7n tr\u01b0\u1edbc khi tham gia, b\u00e0i vi\u1ebft n\u00e0y s\u1ebd t\u1ed5ng h\u1ee3p [&#8230;]\n","protected":false},"author":1,"featured_media":407,"parent":0,"menu_order":0,"comment_status":"closed","ping_status":"closed","template":"","meta":{"footnotes":""},"class_list":["post-406","page","type-page","status-publish","has-post-thumbnail","hentry"],"_links":{"self":[{"href":"https:\/\/choangtv2.com\/tin-tuc\/wp-json\/wp\/v2\/pages\/406","targetHints":{"allow":["GET"]}}],"collection":[{"href":"https:\/\/choangtv2.com\/tin-tuc\/wp-json\/wp\/v2\/pages"}],"about":[{"href":"https:\/\/choangtv2.com\/tin-tuc\/wp-json\/wp\/v2\/types\/page"}],"author":[{"embeddable":true,"href":"https:\/\/choangtv2.com\/tin-tuc\/wp-json\/wp\/v2\/users\/1"}],"replies":[{"embeddable":true,"href":"https:\/\/choangtv2.com\/tin-tuc\/wp-json\/wp\/v2\/comments?post=406"}],"version-history":[{"count":5,"href":"https:\/\/choangtv2.com\/tin-tuc\/wp-json\/wp\/v2\/pages\/406\/revisions"}],"predecessor-version":[{"id":496,"href":"https:\/\/choangtv2.com\/tin-tuc\/wp-json\/wp\/v2\/pages\/406\/revisions\/496"}],"wp:featuredmedia":[{"embeddable":true,"href":"https:\/\/choangtv2.com\/tin-tuc\/wp-json\/wp\/v2\/media\/407"}],"wp:attachment":[{"href":"https:\/\/choangtv2.com\/tin-tuc\/wp-json\/wp\/v2\/media?parent=406"}],"curies":[{"name":"wp","href":"https:\/\/api.w.org\/{rel}","templated":true}]}}