{"id":55,"date":"2025-11-15T10:08:11","date_gmt":"2025-11-15T10:08:11","guid":{"rendered":"https:\/\/choangtv.com\/tin-tuc\/?page_id=55"},"modified":"2025-12-01T14:52:58","modified_gmt":"2025-12-01T07:52:58","slug":"trang-chu","status":"publish","type":"page","link":"https:\/\/choangtv2.com\/tin-tuc\/","title":{"rendered":"Trang ch\u1ee7"},"content":{"rendered":"\t\t<div id=\"ux-relay-2076366529\" class=\"ux-relay ux-relay--pagination\" data-flatsome-relay=\"{&quot;postType&quot;:&quot;post&quot;,&quot;tag&quot;:&quot;blog_posts&quot;,&quot;atts&quot;:{&quot;style&quot;:&quot;normal&quot;,&quot;type&quot;:&quot;row&quot;,&quot;width&quot;:&quot;full-width&quot;,&quot;columns&quot;:&quot;3&quot;,&quot;relay&quot;:&quot;pagination&quot;,&quot;posts&quot;:&quot;9&quot;},&quot;currentPage&quot;:&quot;1&quot;,&quot;totalPages&quot;:4,&quot;totalPosts&quot;:30,&quot;postCount&quot;:9}\" >\n\t\t\n  \n    <div class=\"row large-columns-3 medium-columns- small-columns-1 row-full-width\" >\n  <div class=\"col post-item\" >\n\t\t\t<div class=\"col-inner\">\n\t\t\t\t<div class=\"box box-normal box-text-bottom box-blog-post has-hover\">\n            \t\t\t\t\t<div class=\"box-image\" >\n  \t\t\t\t\t\t<div class=\"image-cover\" style=\"padding-top:56%;\">\n\t\t\t\t\t\t\t<a href=\"https:\/\/choangtv2.com\/tin-tuc\/hanoi-open-pool-championship-2025\/\" class=\"plain\" aria-label=\"Hanoi Open Pool Championship 2025 Nh\u1eefng c\u00fa s\u1ed1c l\u1ecbch s\u1eed v\u00e0 s\u1ef1 b\u1ee9t ph\u00e1 c\u1ee7a \u0110inh Ch\u1ea5n Ki\u1ec7t\">\n\t\t\t\t\t\t\t\t<img loading=\"lazy\" decoding=\"async\" width=\"300\" height=\"225\" src=\"https:\/\/choangtv2.com\/tin-tuc\/wp-content\/uploads\/2025\/11\/duong-quoc-hoang-dung-buoc-dang-tiec-300x225.jpg\" class=\"attachment-medium size-medium wp-post-image\" alt=\"\" srcset=\"https:\/\/choangtv2.com\/tin-tuc\/wp-content\/uploads\/2025\/11\/duong-quoc-hoang-dung-buoc-dang-tiec-300x225.jpg 300w, https:\/\/choangtv2.com\/tin-tuc\/wp-content\/uploads\/2025\/11\/duong-quoc-hoang-dung-buoc-dang-tiec-768x576.jpg 768w, https:\/\/choangtv2.com\/tin-tuc\/wp-content\/uploads\/2025\/11\/duong-quoc-hoang-dung-buoc-dang-tiec.jpg 800w\" sizes=\"auto, (max-width: 300px) 100vw, 300px\" \/>\t\t\t\t\t\t\t<\/a>\n  \t\t\t\t\t\t\t  \t\t\t\t\t\t\t  \t\t\t\t\t\t<\/div>\n  \t\t\t\t\t\t  \t\t\t\t\t<\/div>\n          \t\t\t\t\t<div class=\"box-text text-center\" >\n\t\t\t\t\t<div class=\"box-text-inner blog-post-inner\">\n\n\t\t\t\t\t\n\t\t\t\t\t\t\t\t\t\t<h5 class=\"post-title is-large \">\n\t\t\t\t\t\t<a href=\"https:\/\/choangtv2.com\/tin-tuc\/hanoi-open-pool-championship-2025\/\" class=\"plain\">Hanoi Open Pool Championship 2025 Nh\u1eefng c\u00fa s\u1ed1c l\u1ecbch s\u1eed v\u00e0 s\u1ef1 b\u1ee9t ph\u00e1 c\u1ee7a \u0110inh Ch\u1ea5n Ki\u1ec7t<\/a>\n\t\t\t\t\t<\/h5>\n\t\t\t\t\t\t\t\t\t\t<div class=\"is-divider\"><\/div>\n\t\t\t\t\t\t\t\t\t\t<p class=\"from_the_blog_excerpt \">\n\t\t\t\t\t\tGi\u1ea3i billiards v\u00f4 \u0111\u1ecbch pool 9 b\u00f3ng H\u00e0 N\u1ed9i m\u1edf r\u1ed9ng 2025 ch\u00ednh th\u1ee9c kh\u1edfi [...]\t\t\t\t\t<\/p>\n\t\t\t\t\t                    \n\t\t\t\t\t\n\t\t\t\t\t\n\t\t\t\t\t<\/div>\n\t\t\t\t\t<\/div>\n\t\t\t\t\t\t\t\t\t\t\t\t\t\t\t\t<div class=\"badge absolute top post-date badge-outline\">\n\t\t\t\t\t\t\t<div class=\"badge-inner\">\n\t\t\t\t\t\t\t\t<span class=\"post-date-day\">17<\/span><br>\n\t\t\t\t\t\t\t\t<span class=\"post-date-month is-xsmall\">Th11<\/span>\n\t\t\t\t\t\t\t<\/div>\n\t\t\t\t\t\t<\/div>\n\t\t\t\t\t\t\t\t\t<\/div>\n\t\t\t<\/div>\n\t\t<\/div><div class=\"col post-item\" >\n\t\t\t<div class=\"col-inner\">\n\t\t\t\t<div class=\"box box-normal box-text-bottom box-blog-post has-hover\">\n            \t\t\t\t\t<div class=\"box-image\" >\n  \t\t\t\t\t\t<div class=\"image-cover\" style=\"padding-top:56%;\">\n\t\t\t\t\t\t\t<a href=\"https:\/\/choangtv2.com\/tin-tuc\/bao-phuong-vinh-bung-no-tai-antwerp\/\" class=\"plain\" aria-label=\"Bao Ph\u01b0\u01a1ng Vinh b\u00f9ng n\u1ed5 t\u1ea1i Antwerp: H\u1ea1ng 3 World Cup v\u00e0 c\u00fa nh\u1ea3y \u1ea5n t\u01b0\u1ee3ng tr\u00ean b\u1ea3ng x\u1ebfp h\u1ea1ng th\u1ebf gi\u1edbi\">\n\t\t\t\t\t\t\t\t<img loading=\"lazy\" decoding=\"async\" width=\"300\" height=\"225\" src=\"https:\/\/choangtv2.com\/tin-tuc\/wp-content\/uploads\/2025\/11\/bang-xep-hang-cac-co-thu-viet-co-su-thay-doi-300x225.jpg\" class=\"attachment-medium size-medium wp-post-image\" alt=\"\" srcset=\"https:\/\/choangtv2.com\/tin-tuc\/wp-content\/uploads\/2025\/11\/bang-xep-hang-cac-co-thu-viet-co-su-thay-doi-300x225.jpg 300w, https:\/\/choangtv2.com\/tin-tuc\/wp-content\/uploads\/2025\/11\/bang-xep-hang-cac-co-thu-viet-co-su-thay-doi-768x576.jpg 768w, https:\/\/choangtv2.com\/tin-tuc\/wp-content\/uploads\/2025\/11\/bang-xep-hang-cac-co-thu-viet-co-su-thay-doi.jpg 800w\" sizes=\"auto, (max-width: 300px) 100vw, 300px\" \/>\t\t\t\t\t\t\t<\/a>\n  \t\t\t\t\t\t\t  \t\t\t\t\t\t\t  \t\t\t\t\t\t<\/div>\n  \t\t\t\t\t\t  \t\t\t\t\t<\/div>\n          \t\t\t\t\t<div class=\"box-text text-center\" >\n\t\t\t\t\t<div class=\"box-text-inner blog-post-inner\">\n\n\t\t\t\t\t\n\t\t\t\t\t\t\t\t\t\t<h5 class=\"post-title is-large \">\n\t\t\t\t\t\t<a href=\"https:\/\/choangtv2.com\/tin-tuc\/bao-phuong-vinh-bung-no-tai-antwerp\/\" class=\"plain\">Bao Ph\u01b0\u01a1ng Vinh b\u00f9ng n\u1ed5 t\u1ea1i Antwerp: H\u1ea1ng 3 World Cup v\u00e0 c\u00fa nh\u1ea3y \u1ea5n t\u01b0\u1ee3ng tr\u00ean b\u1ea3ng x\u1ebfp h\u1ea1ng th\u1ebf gi\u1edbi<\/a>\n\t\t\t\t\t<\/h5>\n\t\t\t\t\t\t\t\t\t\t<div class=\"is-divider\"><\/div>\n\t\t\t\t\t\t\t\t\t\t<p class=\"from_the_blog_excerpt \">\n\t\t\t\t\t\tGi\u1ea3i Antwerp World Cup 2025 \u2013 m\u1ed9t trong nh\u1eefng ch\u1eb7ng \u0111\u1ea5u quan tr\u1ecdng nh\u1ea5t c\u1ee7a [...]\t\t\t\t\t<\/p>\n\t\t\t\t\t                    \n\t\t\t\t\t\n\t\t\t\t\t\n\t\t\t\t\t<\/div>\n\t\t\t\t\t<\/div>\n\t\t\t\t\t\t\t\t\t\t\t\t\t\t\t\t<div class=\"badge absolute top post-date badge-outline\">\n\t\t\t\t\t\t\t<div class=\"badge-inner\">\n\t\t\t\t\t\t\t\t<span class=\"post-date-day\">17<\/span><br>\n\t\t\t\t\t\t\t\t<span class=\"post-date-month is-xsmall\">Th11<\/span>\n\t\t\t\t\t\t\t<\/div>\n\t\t\t\t\t\t<\/div>\n\t\t\t\t\t\t\t\t\t<\/div>\n\t\t\t<\/div>\n\t\t<\/div><div class=\"col post-item\" >\n\t\t\t<div class=\"col-inner\">\n\t\t\t\t<div class=\"box box-normal box-text-bottom box-blog-post has-hover\">\n            \t\t\t\t\t<div class=\"box-image\" >\n  \t\t\t\t\t\t<div class=\"image-cover\" style=\"padding-top:56%;\">\n\t\t\t\t\t\t\t<a href=\"https:\/\/choangtv2.com\/tin-tuc\/pham-quoc-thuan\/\" class=\"plain\" aria-label=\"\u201cTh\u00e1nh nh\u1ea5p c\u01a1\u201d tr\u1edf l\u1ea1i: Ph\u1ea1m Qu\u1ed1c Thu\u1eadn ra qu\u00e2n th\u0103ng hoa, ghi d\u1ea5u \u1ea5n t\u1ea1i World Cup billiards Antwerp 2025\">\n\t\t\t\t\t\t\t\t<img loading=\"lazy\" decoding=\"async\" width=\"300\" height=\"225\" src=\"https:\/\/choangtv2.com\/tin-tuc\/wp-content\/uploads\/2025\/11\/diem-manh-cua-co-thu-phan-quoc-thuan-300x225.jpg\" class=\"attachment-medium size-medium wp-post-image\" alt=\"\" srcset=\"https:\/\/choangtv2.com\/tin-tuc\/wp-content\/uploads\/2025\/11\/diem-manh-cua-co-thu-phan-quoc-thuan-300x225.jpg 300w, https:\/\/choangtv2.com\/tin-tuc\/wp-content\/uploads\/2025\/11\/diem-manh-cua-co-thu-phan-quoc-thuan-768x576.jpg 768w, https:\/\/choangtv2.com\/tin-tuc\/wp-content\/uploads\/2025\/11\/diem-manh-cua-co-thu-phan-quoc-thuan.jpg 800w\" sizes=\"auto, (max-width: 300px) 100vw, 300px\" \/>\t\t\t\t\t\t\t<\/a>\n  \t\t\t\t\t\t\t  \t\t\t\t\t\t\t  \t\t\t\t\t\t<\/div>\n  \t\t\t\t\t\t  \t\t\t\t\t<\/div>\n          \t\t\t\t\t<div class=\"box-text text-center\" >\n\t\t\t\t\t<div class=\"box-text-inner blog-post-inner\">\n\n\t\t\t\t\t\n\t\t\t\t\t\t\t\t\t\t<h5 class=\"post-title is-large \">\n\t\t\t\t\t\t<a href=\"https:\/\/choangtv2.com\/tin-tuc\/pham-quoc-thuan\/\" class=\"plain\">\u201cTh\u00e1nh nh\u1ea5p c\u01a1\u201d tr\u1edf l\u1ea1i: Ph\u1ea1m Qu\u1ed1c Thu\u1eadn ra qu\u00e2n th\u0103ng hoa, ghi d\u1ea5u \u1ea5n t\u1ea1i World Cup billiards Antwerp 2025<\/a>\n\t\t\t\t\t<\/h5>\n\t\t\t\t\t\t\t\t\t\t<div class=\"is-divider\"><\/div>\n\t\t\t\t\t\t\t\t\t\t<p class=\"from_the_blog_excerpt \">\n\t\t\t\t\t\tGi\u1ea3i Billiards Carom 3 b\u0103ng Antwerp World Cup 2025 (6\u201312\/10 t\u1ea1i B\u1ec9) v\u1eeba ch\u00ednh th\u1ee9c [...]\t\t\t\t\t<\/p>\n\t\t\t\t\t                    \n\t\t\t\t\t\n\t\t\t\t\t\n\t\t\t\t\t<\/div>\n\t\t\t\t\t<\/div>\n\t\t\t\t\t\t\t\t\t\t\t\t\t\t\t\t<div class=\"badge absolute top post-date badge-outline\">\n\t\t\t\t\t\t\t<div class=\"badge-inner\">\n\t\t\t\t\t\t\t\t<span class=\"post-date-day\">17<\/span><br>\n\t\t\t\t\t\t\t\t<span class=\"post-date-month is-xsmall\">Th11<\/span>\n\t\t\t\t\t\t\t<\/div>\n\t\t\t\t\t\t<\/div>\n\t\t\t\t\t\t\t\t\t<\/div>\n\t\t\t<\/div>\n\t\t<\/div><div class=\"col post-item\" >\n\t\t\t<div class=\"col-inner\">\n\t\t\t\t<div class=\"box box-normal box-text-bottom box-blog-post has-hover\">\n            \t\t\t\t\t<div class=\"box-image\" >\n  \t\t\t\t\t\t<div class=\"image-cover\" style=\"padding-top:56%;\">\n\t\t\t\t\t\t\t<a href=\"https:\/\/choangtv2.com\/tin-tuc\/world-cup-billiards-2025\/\" class=\"plain\" aria-label=\"3 c\u01a1 th\u1ee7 Vi\u1ec7t Nam g\u00e2y ti\u1ebfng vang t\u1ea1i Gwangju: B\u01b0\u1edbc nh\u1ea3y quy\u1ebft \u0111\u1ecbnh tr\u01b0\u1edbc th\u1ec1m v\u00f2ng lo\u1ea1i cu\u1ed1i World Cup billiards 2025\">\n\t\t\t\t\t\t\t\t<img loading=\"lazy\" decoding=\"async\" width=\"300\" height=\"225\" src=\"https:\/\/choangtv2.com\/tin-tuc\/wp-content\/uploads\/2025\/11\/nguyen-chi-long-co-khoi-dau-day-an-tuong-300x225.jpg\" class=\"attachment-medium size-medium wp-post-image\" alt=\"\" srcset=\"https:\/\/choangtv2.com\/tin-tuc\/wp-content\/uploads\/2025\/11\/nguyen-chi-long-co-khoi-dau-day-an-tuong-300x225.jpg 300w, https:\/\/choangtv2.com\/tin-tuc\/wp-content\/uploads\/2025\/11\/nguyen-chi-long-co-khoi-dau-day-an-tuong-768x576.jpg 768w, https:\/\/choangtv2.com\/tin-tuc\/wp-content\/uploads\/2025\/11\/nguyen-chi-long-co-khoi-dau-day-an-tuong.jpg 800w\" sizes=\"auto, (max-width: 300px) 100vw, 300px\" \/>\t\t\t\t\t\t\t<\/a>\n  \t\t\t\t\t\t\t  \t\t\t\t\t\t\t  \t\t\t\t\t\t<\/div>\n  \t\t\t\t\t\t  \t\t\t\t\t<\/div>\n          \t\t\t\t\t<div class=\"box-text text-center\" >\n\t\t\t\t\t<div class=\"box-text-inner blog-post-inner\">\n\n\t\t\t\t\t\n\t\t\t\t\t\t\t\t\t\t<h5 class=\"post-title is-large \">\n\t\t\t\t\t\t<a href=\"https:\/\/choangtv2.com\/tin-tuc\/world-cup-billiards-2025\/\" class=\"plain\">3 c\u01a1 th\u1ee7 Vi\u1ec7t Nam g\u00e2y ti\u1ebfng vang t\u1ea1i Gwangju: B\u01b0\u1edbc nh\u1ea3y quy\u1ebft \u0111\u1ecbnh tr\u01b0\u1edbc th\u1ec1m v\u00f2ng lo\u1ea1i cu\u1ed1i World Cup billiards 2025<\/a>\n\t\t\t\t\t<\/h5>\n\t\t\t\t\t\t\t\t\t\t<div class=\"is-divider\"><\/div>\n\t\t\t\t\t\t\t\t\t\t<p class=\"from_the_blog_excerpt \">\n\t\t\t\t\t\tCh\u1eb7ng World Cup billiards 2025 t\u1ea1i H\u00e0n Qu\u1ed1c \u0111ang n\u00f3ng l\u00ean t\u1eebng ng\u00e0y. \u0110o\u00e0n Vi\u1ec7t [...]\t\t\t\t\t<\/p>\n\t\t\t\t\t                    \n\t\t\t\t\t\n\t\t\t\t\t\n\t\t\t\t\t<\/div>\n\t\t\t\t\t<\/div>\n\t\t\t\t\t\t\t\t\t\t\t\t\t\t\t\t<div class=\"badge absolute top post-date badge-outline\">\n\t\t\t\t\t\t\t<div class=\"badge-inner\">\n\t\t\t\t\t\t\t\t<span class=\"post-date-day\">17<\/span><br>\n\t\t\t\t\t\t\t\t<span class=\"post-date-month is-xsmall\">Th11<\/span>\n\t\t\t\t\t\t\t<\/div>\n\t\t\t\t\t\t<\/div>\n\t\t\t\t\t\t\t\t\t<\/div>\n\t\t\t<\/div>\n\t\t<\/div><div class=\"col post-item\" >\n\t\t\t<div class=\"col-inner\">\n\t\t\t\t<div class=\"box box-normal box-text-bottom box-blog-post has-hover\">\n            \t\t\t\t\t<div class=\"box-image\" >\n  \t\t\t\t\t\t<div class=\"image-cover\" style=\"padding-top:56%;\">\n\t\t\t\t\t\t\t<a href=\"https:\/\/choangtv2.com\/tin-tuc\/world-cup-billiard\/\" class=\"plain\" aria-label=\"Vi\u1ec7t Nam \u201cth\u1ed1ng tr\u1ecb\u201d danh s\u00e1ch v\u00f2ng b\u1ea3ng World Cup billiard: K\u1ef7 l\u1ee5c l\u1ecbch s\u1eed ngay tr\u00ean s\u00e2n nh\u00e0\">\n\t\t\t\t\t\t\t\t<img loading=\"lazy\" decoding=\"async\" width=\"300\" height=\"225\" src=\"https:\/\/choangtv2.com\/tin-tuc\/wp-content\/uploads\/2025\/11\/viet-nam-co-su-gop-mat-cua-nhieu-co-thu-300x225.jpg\" class=\"attachment-medium size-medium wp-post-image\" alt=\"\" srcset=\"https:\/\/choangtv2.com\/tin-tuc\/wp-content\/uploads\/2025\/11\/viet-nam-co-su-gop-mat-cua-nhieu-co-thu-300x225.jpg 300w, https:\/\/choangtv2.com\/tin-tuc\/wp-content\/uploads\/2025\/11\/viet-nam-co-su-gop-mat-cua-nhieu-co-thu-768x576.jpg 768w, https:\/\/choangtv2.com\/tin-tuc\/wp-content\/uploads\/2025\/11\/viet-nam-co-su-gop-mat-cua-nhieu-co-thu.jpg 800w\" sizes=\"auto, (max-width: 300px) 100vw, 300px\" \/>\t\t\t\t\t\t\t<\/a>\n  \t\t\t\t\t\t\t  \t\t\t\t\t\t\t  \t\t\t\t\t\t<\/div>\n  \t\t\t\t\t\t  \t\t\t\t\t<\/div>\n          \t\t\t\t\t<div class=\"box-text text-center\" >\n\t\t\t\t\t<div class=\"box-text-inner blog-post-inner\">\n\n\t\t\t\t\t\n\t\t\t\t\t\t\t\t\t\t<h5 class=\"post-title is-large \">\n\t\t\t\t\t\t<a href=\"https:\/\/choangtv2.com\/tin-tuc\/world-cup-billiard\/\" class=\"plain\">Vi\u1ec7t Nam \u201cth\u1ed1ng tr\u1ecb\u201d danh s\u00e1ch v\u00f2ng b\u1ea3ng World Cup billiard: K\u1ef7 l\u1ee5c l\u1ecbch s\u1eed ngay tr\u00ean s\u00e2n nh\u00e0<\/a>\n\t\t\t\t\t<\/h5>\n\t\t\t\t\t\t\t\t\t\t<div class=\"is-divider\"><\/div>\n\t\t\t\t\t\t\t\t\t\t<p class=\"from_the_blog_excerpt \">\n\t\t\t\t\t\tL\u1ea7n \u0111\u1ea7u ti\u00ean trong l\u1ecbch s\u1eed, Vi\u1ec7t Nam b\u01b0\u1edbc v\u00e0o v\u00f2ng b\u1ea3ng World Cup billiard\u00a0 [...]\t\t\t\t\t<\/p>\n\t\t\t\t\t                    \n\t\t\t\t\t\n\t\t\t\t\t\n\t\t\t\t\t<\/div>\n\t\t\t\t\t<\/div>\n\t\t\t\t\t\t\t\t\t\t\t\t\t\t\t\t<div class=\"badge absolute top post-date badge-outline\">\n\t\t\t\t\t\t\t<div class=\"badge-inner\">\n\t\t\t\t\t\t\t\t<span class=\"post-date-day\">17<\/span><br>\n\t\t\t\t\t\t\t\t<span class=\"post-date-month is-xsmall\">Th11<\/span>\n\t\t\t\t\t\t\t<\/div>\n\t\t\t\t\t\t<\/div>\n\t\t\t\t\t\t\t\t\t<\/div>\n\t\t\t<\/div>\n\t\t<\/div><div class=\"col post-item\" >\n\t\t\t<div class=\"col-inner\">\n\t\t\t\t<div class=\"box box-normal box-text-bottom box-blog-post has-hover\">\n            \t\t\t\t\t<div class=\"box-image\" >\n  \t\t\t\t\t\t<div class=\"image-cover\" style=\"padding-top:56%;\">\n\t\t\t\t\t\t\t<a href=\"https:\/\/choangtv2.com\/tin-tuc\/tran-quyet-chien-kich-no-lang-bi-a\/\" class=\"plain\" aria-label=\"Tr\u1ea7n Quy\u1ebft Chi\u1ebfn k\u00edch n\u1ed5 l\u00e0ng bi-a: Series 27 \u0111i\u1ec3m g\u00e2y ch\u1ea5n \u0111\u1ed9ng n\u01b0\u1edbc M\u1ef9, ti\u1ec7m c\u1eadn k\u1ef7 l\u1ee5c th\u1ebf gi\u1edbi\">\n\t\t\t\t\t\t\t\t<img loading=\"lazy\" decoding=\"async\" width=\"300\" height=\"225\" src=\"https:\/\/choangtv2.com\/tin-tuc\/wp-content\/uploads\/2025\/11\/tran-quyet-chien-tao-nen-thanh-tich-tot-nhat-su-nghiep-300x225.jpg\" class=\"attachment-medium size-medium wp-post-image\" alt=\"\" srcset=\"https:\/\/choangtv2.com\/tin-tuc\/wp-content\/uploads\/2025\/11\/tran-quyet-chien-tao-nen-thanh-tich-tot-nhat-su-nghiep-300x225.jpg 300w, https:\/\/choangtv2.com\/tin-tuc\/wp-content\/uploads\/2025\/11\/tran-quyet-chien-tao-nen-thanh-tich-tot-nhat-su-nghiep-768x576.jpg 768w, https:\/\/choangtv2.com\/tin-tuc\/wp-content\/uploads\/2025\/11\/tran-quyet-chien-tao-nen-thanh-tich-tot-nhat-su-nghiep.jpg 800w\" sizes=\"auto, (max-width: 300px) 100vw, 300px\" \/>\t\t\t\t\t\t\t<\/a>\n  \t\t\t\t\t\t\t  \t\t\t\t\t\t\t  \t\t\t\t\t\t<\/div>\n  \t\t\t\t\t\t  \t\t\t\t\t<\/div>\n          \t\t\t\t\t<div class=\"box-text text-center\" >\n\t\t\t\t\t<div class=\"box-text-inner blog-post-inner\">\n\n\t\t\t\t\t\n\t\t\t\t\t\t\t\t\t\t<h5 class=\"post-title is-large \">\n\t\t\t\t\t\t<a href=\"https:\/\/choangtv2.com\/tin-tuc\/tran-quyet-chien-kich-no-lang-bi-a\/\" class=\"plain\">Tr\u1ea7n Quy\u1ebft Chi\u1ebfn k\u00edch n\u1ed5 l\u00e0ng bi-a: Series 27 \u0111i\u1ec3m g\u00e2y ch\u1ea5n \u0111\u1ed9ng n\u01b0\u1edbc M\u1ef9, ti\u1ec7m c\u1eadn k\u1ef7 l\u1ee5c th\u1ebf gi\u1edbi<\/a>\n\t\t\t\t\t<\/h5>\n\t\t\t\t\t\t\t\t\t\t<div class=\"is-divider\"><\/div>\n\t\t\t\t\t\t\t\t\t\t<p class=\"from_the_blog_excerpt \">\n\t\t\t\t\t\tM\u1ed9t c\u00fa n\u1ed5 \u0111\u00fang ngh\u0129a v\u1eeba di\u1ec5n ra t\u1ea1i M\u1ef9 khi Tr\u1ea7n Quy\u1ebft Chi\u1ebfn \u2013 [...]\t\t\t\t\t<\/p>\n\t\t\t\t\t                    \n\t\t\t\t\t\n\t\t\t\t\t\n\t\t\t\t\t<\/div>\n\t\t\t\t\t<\/div>\n\t\t\t\t\t\t\t\t\t\t\t\t\t\t\t\t<div class=\"badge absolute top post-date badge-outline\">\n\t\t\t\t\t\t\t<div class=\"badge-inner\">\n\t\t\t\t\t\t\t\t<span class=\"post-date-day\">17<\/span><br>\n\t\t\t\t\t\t\t\t<span class=\"post-date-month is-xsmall\">Th11<\/span>\n\t\t\t\t\t\t\t<\/div>\n\t\t\t\t\t\t<\/div>\n\t\t\t\t\t\t\t\t\t<\/div>\n\t\t\t<\/div>\n\t\t<\/div><div class=\"col post-item\" >\n\t\t\t<div class=\"col-inner\">\n\t\t\t\t<div class=\"box box-normal box-text-bottom box-blog-post has-hover\">\n            \t\t\t\t\t<div class=\"box-image\" >\n  \t\t\t\t\t\t<div class=\"image-cover\" style=\"padding-top:56%;\">\n\t\t\t\t\t\t\t<a href=\"https:\/\/choangtv2.com\/tin-tuc\/world-cup-billiard-3-bang\/\" class=\"plain\" aria-label=\"5 c\u01a1 th\u1ee7 Vi\u1ec7t Nam v\u00e0o v\u00f2ng 1\/8 World Cup billiard 3 b\u0103ng: C\u00fa b\u1ee9t ph\u00e1 l\u1ecbch s\u1eed ngay t\u1ea1i s\u00e2n nh\u00e0\">\n\t\t\t\t\t\t\t\t<img loading=\"lazy\" decoding=\"async\" width=\"300\" height=\"225\" src=\"https:\/\/choangtv2.com\/tin-tuc\/wp-content\/uploads\/2025\/11\/nhan-dinh-tu-choang-tv-ve-tiem-nang-chien-thang-cua-co-thu-300x225.jpg\" class=\"attachment-medium size-medium wp-post-image\" alt=\"\" srcset=\"https:\/\/choangtv2.com\/tin-tuc\/wp-content\/uploads\/2025\/11\/nhan-dinh-tu-choang-tv-ve-tiem-nang-chien-thang-cua-co-thu-300x225.jpg 300w, https:\/\/choangtv2.com\/tin-tuc\/wp-content\/uploads\/2025\/11\/nhan-dinh-tu-choang-tv-ve-tiem-nang-chien-thang-cua-co-thu-768x576.jpg 768w, https:\/\/choangtv2.com\/tin-tuc\/wp-content\/uploads\/2025\/11\/nhan-dinh-tu-choang-tv-ve-tiem-nang-chien-thang-cua-co-thu.jpg 800w\" sizes=\"auto, (max-width: 300px) 100vw, 300px\" \/>\t\t\t\t\t\t\t<\/a>\n  \t\t\t\t\t\t\t  \t\t\t\t\t\t\t  \t\t\t\t\t\t<\/div>\n  \t\t\t\t\t\t  \t\t\t\t\t<\/div>\n          \t\t\t\t\t<div class=\"box-text text-center\" >\n\t\t\t\t\t<div class=\"box-text-inner blog-post-inner\">\n\n\t\t\t\t\t\n\t\t\t\t\t\t\t\t\t\t<h5 class=\"post-title is-large \">\n\t\t\t\t\t\t<a href=\"https:\/\/choangtv2.com\/tin-tuc\/world-cup-billiard-3-bang\/\" class=\"plain\">5 c\u01a1 th\u1ee7 Vi\u1ec7t Nam v\u00e0o v\u00f2ng 1\/8 World Cup billiard 3 b\u0103ng: C\u00fa b\u1ee9t ph\u00e1 l\u1ecbch s\u1eed ngay t\u1ea1i s\u00e2n nh\u00e0<\/a>\n\t\t\t\t\t<\/h5>\n\t\t\t\t\t\t\t\t\t\t<div class=\"is-divider\"><\/div>\n\t\t\t\t\t\t\t\t\t\t<p class=\"from_the_blog_excerpt \">\n\t\t\t\t\t\tTh\u00eam m\u1ed9t l\u1ea7n n\u1eefa, World Cup billiard 3 b\u0103ng ch\u1ee9ng ki\u1ebfn th\u1eddi kh\u1eafc b\u00f9ng n\u1ed5 [...]\t\t\t\t\t<\/p>\n\t\t\t\t\t                    \n\t\t\t\t\t\n\t\t\t\t\t\n\t\t\t\t\t<\/div>\n\t\t\t\t\t<\/div>\n\t\t\t\t\t\t\t\t\t\t\t\t\t\t\t\t<div class=\"badge absolute top post-date badge-outline\">\n\t\t\t\t\t\t\t<div class=\"badge-inner\">\n\t\t\t\t\t\t\t\t<span class=\"post-date-day\">17<\/span><br>\n\t\t\t\t\t\t\t\t<span class=\"post-date-month is-xsmall\">Th11<\/span>\n\t\t\t\t\t\t\t<\/div>\n\t\t\t\t\t\t<\/div>\n\t\t\t\t\t\t\t\t\t<\/div>\n\t\t\t<\/div>\n\t\t<\/div><div class=\"col post-item\" >\n\t\t\t<div class=\"col-inner\">\n\t\t\t\t<div class=\"box box-normal box-text-bottom box-blog-post has-hover\">\n            \t\t\t\t\t<div class=\"box-image\" >\n  \t\t\t\t\t\t<div class=\"image-cover\" style=\"padding-top:56%;\">\n\t\t\t\t\t\t\t<a href=\"https:\/\/choangtv2.com\/tin-tuc\/dinh-chan-kiet\/\" class=\"plain\" aria-label=\"\u0110inh Ch\u1ea5n Ki\u1ec7t t\u1ea1o \u0111\u1ecba ch\u1ea5n, Hanoi Open 2025 b\u00f9ng n\u1ed5 h\u00e0ng lo\u1ea1t b\u1ea5t ng\u1edd\">\n\t\t\t\t\t\t\t\t<img loading=\"lazy\" decoding=\"async\" width=\"300\" height=\"225\" src=\"https:\/\/choangtv2.com\/tin-tuc\/wp-content\/uploads\/2025\/11\/dinh-chan-kiet-tao-nen-du-chan-sau-khi-ghi-dau-300x225.jpg\" class=\"attachment-medium size-medium wp-post-image\" alt=\"\" srcset=\"https:\/\/choangtv2.com\/tin-tuc\/wp-content\/uploads\/2025\/11\/dinh-chan-kiet-tao-nen-du-chan-sau-khi-ghi-dau-300x225.jpg 300w, https:\/\/choangtv2.com\/tin-tuc\/wp-content\/uploads\/2025\/11\/dinh-chan-kiet-tao-nen-du-chan-sau-khi-ghi-dau-768x576.jpg 768w, https:\/\/choangtv2.com\/tin-tuc\/wp-content\/uploads\/2025\/11\/dinh-chan-kiet-tao-nen-du-chan-sau-khi-ghi-dau.jpg 800w\" sizes=\"auto, (max-width: 300px) 100vw, 300px\" \/>\t\t\t\t\t\t\t<\/a>\n  \t\t\t\t\t\t\t  \t\t\t\t\t\t\t  \t\t\t\t\t\t<\/div>\n  \t\t\t\t\t\t  \t\t\t\t\t<\/div>\n          \t\t\t\t\t<div class=\"box-text text-center\" >\n\t\t\t\t\t<div class=\"box-text-inner blog-post-inner\">\n\n\t\t\t\t\t\n\t\t\t\t\t\t\t\t\t\t<h5 class=\"post-title is-large \">\n\t\t\t\t\t\t<a href=\"https:\/\/choangtv2.com\/tin-tuc\/dinh-chan-kiet\/\" class=\"plain\">\u0110inh Ch\u1ea5n Ki\u1ec7t t\u1ea1o \u0111\u1ecba ch\u1ea5n, Hanoi Open 2025 b\u00f9ng n\u1ed5 h\u00e0ng lo\u1ea1t b\u1ea5t ng\u1edd<\/a>\n\t\t\t\t\t<\/h5>\n\t\t\t\t\t\t\t\t\t\t<div class=\"is-divider\"><\/div>\n\t\t\t\t\t\t\t\t\t\t<p class=\"from_the_blog_excerpt \">\n\t\t\t\t\t\tGi\u1ea3i Hanoi Open Pool Championship 2025 \u0111\u00e3 \u0111i qua h\u01a1n n\u1eeda ch\u1eb7ng \u0111\u01b0\u1eddng v\u00e0 \u0111\u1ec3 [...]\t\t\t\t\t<\/p>\n\t\t\t\t\t                    \n\t\t\t\t\t\n\t\t\t\t\t\n\t\t\t\t\t<\/div>\n\t\t\t\t\t<\/div>\n\t\t\t\t\t\t\t\t\t\t\t\t\t\t\t\t<div class=\"badge absolute top post-date badge-outline\">\n\t\t\t\t\t\t\t<div class=\"badge-inner\">\n\t\t\t\t\t\t\t\t<span class=\"post-date-day\">17<\/span><br>\n\t\t\t\t\t\t\t\t<span class=\"post-date-month is-xsmall\">Th11<\/span>\n\t\t\t\t\t\t\t<\/div>\n\t\t\t\t\t\t<\/div>\n\t\t\t\t\t\t\t\t\t<\/div>\n\t\t\t<\/div>\n\t\t<\/div><div class=\"col post-item\" >\n\t\t\t<div class=\"col-inner\">\n\t\t\t\t<div class=\"box box-normal box-text-bottom box-blog-post has-hover\">\n            \t\t\t\t\t<div class=\"box-image\" >\n  \t\t\t\t\t\t<div class=\"image-cover\" style=\"padding-top:56%;\">\n\t\t\t\t\t\t\t<a href=\"https:\/\/choangtv2.com\/tin-tuc\/cup-quoc-gia-vbsf-2025\/\" class=\"plain\" aria-label=\"C\u00fap qu\u1ed1c gia VBSF 2025: 573 c\u01a1 th\u1ee7 \u201c\u0111\u1ed1t n\u00f3ng\u201d H\u00e0 N\u1ed9i, ch\u1ee7 nh\u00e0 th\u1ed1ng tr\u1ecb to\u00e0n di\u1ec7n\">\n\t\t\t\t\t\t\t\t<img loading=\"lazy\" decoding=\"async\" width=\"300\" height=\"225\" src=\"https:\/\/choangtv2.com\/tin-tuc\/wp-content\/uploads\/2025\/11\/nguyen-nhat-thanh-gianh-duoc-chien-thang-truoc-doi-thu-300x225.jpeg\" class=\"attachment-medium size-medium wp-post-image\" alt=\"\" srcset=\"https:\/\/choangtv2.com\/tin-tuc\/wp-content\/uploads\/2025\/11\/nguyen-nhat-thanh-gianh-duoc-chien-thang-truoc-doi-thu-300x225.jpeg 300w, https:\/\/choangtv2.com\/tin-tuc\/wp-content\/uploads\/2025\/11\/nguyen-nhat-thanh-gianh-duoc-chien-thang-truoc-doi-thu-1024x768.jpeg 1024w, https:\/\/choangtv2.com\/tin-tuc\/wp-content\/uploads\/2025\/11\/nguyen-nhat-thanh-gianh-duoc-chien-thang-truoc-doi-thu-768x576.jpeg 768w, https:\/\/choangtv2.com\/tin-tuc\/wp-content\/uploads\/2025\/11\/nguyen-nhat-thanh-gianh-duoc-chien-thang-truoc-doi-thu-1536x1152.jpeg 1536w, https:\/\/choangtv2.com\/tin-tuc\/wp-content\/uploads\/2025\/11\/nguyen-nhat-thanh-gianh-duoc-chien-thang-truoc-doi-thu.jpeg 1600w\" sizes=\"auto, (max-width: 300px) 100vw, 300px\" \/>\t\t\t\t\t\t\t<\/a>\n  \t\t\t\t\t\t\t  \t\t\t\t\t\t\t  \t\t\t\t\t\t<\/div>\n  \t\t\t\t\t\t  \t\t\t\t\t<\/div>\n          \t\t\t\t\t<div class=\"box-text text-center\" >\n\t\t\t\t\t<div class=\"box-text-inner blog-post-inner\">\n\n\t\t\t\t\t\n\t\t\t\t\t\t\t\t\t\t<h5 class=\"post-title is-large \">\n\t\t\t\t\t\t<a href=\"https:\/\/choangtv2.com\/tin-tuc\/cup-quoc-gia-vbsf-2025\/\" class=\"plain\">C\u00fap qu\u1ed1c gia VBSF 2025: 573 c\u01a1 th\u1ee7 \u201c\u0111\u1ed1t n\u00f3ng\u201d H\u00e0 N\u1ed9i, ch\u1ee7 nh\u00e0 th\u1ed1ng tr\u1ecb to\u00e0n di\u1ec7n<\/a>\n\t\t\t\t\t<\/h5>\n\t\t\t\t\t\t\t\t\t\t<div class=\"is-divider\"><\/div>\n\t\t\t\t\t\t\t\t\t\t<p class=\"from_the_blog_excerpt \">\n\t\t\t\t\t\tGi\u1ea3i v\u00f4 \u0111\u1ecbch pool \u2013 snooker C\u00fap qu\u1ed1c gia VBSF 2025 kh\u00e9p l\u1ea1i v\u1edbi nh\u1eefng [...]\t\t\t\t\t<\/p>\n\t\t\t\t\t                    \n\t\t\t\t\t\n\t\t\t\t\t\n\t\t\t\t\t<\/div>\n\t\t\t\t\t<\/div>\n\t\t\t\t\t\t\t\t\t\t\t\t\t\t\t\t<div class=\"badge absolute top post-date badge-outline\">\n\t\t\t\t\t\t\t<div class=\"badge-inner\">\n\t\t\t\t\t\t\t\t<span class=\"post-date-day\">17<\/span><br>\n\t\t\t\t\t\t\t\t<span class=\"post-date-month is-xsmall\">Th11<\/span>\n\t\t\t\t\t\t\t<\/div>\n\t\t\t\t\t\t<\/div>\n\t\t\t\t\t\t\t\t\t<\/div>\n\t\t\t<\/div>\n\t\t<\/div><\/div>\t\t<div class=\"ux-relay__control ux-relay__control--bottom container pb-half text-center\">\n\t\t\t<ul class=\"ux-relay__pagination page-numbers nav-pagination links\"><li><span aria-current=\"page\" class=\"page-number current\">1<\/span><\/li><li><a class=\"page-number\" href=\"#\/page\/2\">2<\/a><\/li><li><a class=\"page-number\" href=\"#\/page\/3\">3<\/a><\/li><li><a class=\"page-number\" href=\"#\/page\/4\">4<\/a><\/li><li><a aria-label=\"Ti\u1ebfp theo\" class=\"next page-number\" href=\"#\/page\/2\"><i class=\"icon-angle-right\" ><\/i><\/a><\/li><\/ul>\t\t<\/div>\n\t\t\t\t<\/div>\n\t\t\n","protected":false},"excerpt":{"rendered":"","protected":false},"author":1,"featured_media":457,"parent":0,"menu_order":0,"comment_status":"closed","ping_status":"closed","template":"","meta":{"footnotes":""},"class_list":["post-55","page","type-page","status-publish","has-post-thumbnail","hentry"],"_links":{"self":[{"href":"https:\/\/choangtv2.com\/tin-tuc\/wp-json\/wp\/v2\/pages\/55","targetHints":{"allow":["GET"]}}],"collection":[{"href":"https:\/\/choangtv2.com\/tin-tuc\/wp-json\/wp\/v2\/pages"}],"about":[{"href":"https:\/\/choangtv2.com\/tin-tuc\/wp-json\/wp\/v2\/types\/page"}],"author":[{"embeddable":true,"href":"https:\/\/choangtv2.com\/tin-tuc\/wp-json\/wp\/v2\/users\/1"}],"replies":[{"embeddable":true,"href":"https:\/\/choangtv2.com\/tin-tuc\/wp-json\/wp\/v2\/comments?post=55"}],"version-history":[{"count":11,"href":"https:\/\/choangtv2.com\/tin-tuc\/wp-json\/wp\/v2\/pages\/55\/revisions"}],"predecessor-version":[{"id":350,"href":"https:\/\/choangtv2.com\/tin-tuc\/wp-json\/wp\/v2\/pages\/55\/revisions\/350"}],"wp:featuredmedia":[{"embeddable":true,"href":"https:\/\/choangtv2.com\/tin-tuc\/wp-json\/wp\/v2\/media\/457"}],"wp:attachment":[{"href":"https:\/\/choangtv2.com\/tin-tuc\/wp-json\/wp\/v2\/media?parent=55"}],"curies":[{"name":"wp","href":"https:\/\/api.w.org\/{rel}","templated":true}]}}